{"id":4850,"date":"2023-01-21T06:21:08","date_gmt":"2023-01-21T06:21:08","guid":{"rendered":"https:\/\/yabt.net\/?page_id=4850"},"modified":"2023-02-18T06:02:11","modified_gmt":"2023-02-18T06:02:11","slug":"como-criar-um-portfolio-visual-para-o-seu-negocio","status":"publish","type":"page","link":"https:\/\/yabt.net\/bootcamp\/inicio\/sessoes\/como-criar-um-portfolio-visual-para-o-seu-negocio\/","title":{"rendered":"Como criar um portf\u00f3lio visual para o seu neg\u00f3cio"},"content":{"rendered":"\t\t<div data-elementor-type=\"wp-page\" data-elementor-id=\"4850\" class=\"elementor elementor-4850\" data-elementor-post-type=\"page\">\n\t\t\t\t\t\t<section class=\"elementor-section elementor-top-section elementor-element elementor-element-46ada42 elementor-section-boxed elementor-section-height-default elementor-section-height-default\" data-id=\"46ada42\" data-element_type=\"section\" data-e-type=\"section\">\n\t\t\t\t\t\t<div class=\"elementor-container elementor-column-gap-default\">\n\t\t\t\t\t<div class=\"elementor-column elementor-col-50 elementor-top-column elementor-element elementor-element-613db2a\" data-id=\"613db2a\" data-element_type=\"column\" data-e-type=\"column\">\n\t\t\t<div class=\"elementor-widget-wrap elementor-element-populated\">\n\t\t\t\t\t\t<div class=\"elementor-element elementor-element-450337e elementor-widget elementor-widget-video\" data-id=\"450337e\" data-element_type=\"widget\" data-e-type=\"widget\" data-settings=\"{&quot;youtube_url&quot;:&quot;https:\\\/\\\/www.youtube.com\\\/embed\\\/KRaMLtJvtBs&quot;,&quot;video_type&quot;:&quot;youtube&quot;,&quot;controls&quot;:&quot;yes&quot;}\" data-widget_type=\"video.default\">\n\t\t\t\t<div class=\"elementor-widget-container\">\n\t\t\t\t\t\t\t<div class=\"elementor-wrapper elementor-open-inline\">\n\t\t\t<div class=\"elementor-video\"><\/div>\t\t<\/div>\n\t\t\t\t\t\t<\/div>\n\t\t\t\t<\/div>\n\t\t\t\t\t<\/div>\n\t\t<\/div>\n\t\t\t\t<div class=\"elementor-column elementor-col-50 elementor-top-column elementor-element elementor-element-af60629\" data-id=\"af60629\" data-element_type=\"column\" data-e-type=\"column\">\n\t\t\t<div class=\"elementor-widget-wrap elementor-element-populated\">\n\t\t\t\t\t\t<div class=\"elementor-element elementor-element-784e91e elementor-widget elementor-widget-text-editor\" data-id=\"784e91e\" data-element_type=\"widget\" data-e-type=\"widget\" data-widget_type=\"text-editor.default\">\n\t\t\t\t<div class=\"elementor-widget-container\">\n\t\t\t\t\t\t\t\t\t<p><strong>Marcelo Almeida<\/strong><br \/><strong>Fundador do Pocket Creative Lab<\/strong><br \/><strong>Brasil<\/strong><\/p>\t\t\t\t\t\t\t\t<\/div>\n\t\t\t\t<\/div>\n\t\t\t\t<div class=\"elementor-element elementor-element-1c4b403 elementor-widget elementor-widget-text-editor\" data-id=\"1c4b403\" data-element_type=\"widget\" data-e-type=\"widget\" data-widget_type=\"text-editor.default\">\n\t\t\t\t<div class=\"elementor-widget-container\">\n\t\t\t\t\t\t\t\t\t<p>Participe webinar e aprenda a mostrar deste formato tornar-se eficaz todas as atividades, iniciativas, produtos e servi\u00e7os que a sua empresa oferece.<br \/><br \/>Apresente sua solu\u00e7\u00e3o inovadora e crie um recurso visual extraordin\u00e1rio.<\/p>\t\t\t\t\t\t\t\t<\/div>\n\t\t\t\t<\/div>\n\t\t\t\t\t<\/div>\n\t\t<\/div>\n\t\t\t\t\t<\/div>\n\t\t<\/section>\n\t\t\t\t<\/div>\n\t\t","protected":false},"excerpt":{"rendered":"<p>https:\/\/www.youtube.com\/embed\/KRaMLtJvtBs Marcelo AlmeidaFundador do Pocket Creative LabBrasil Participe webinar e aprenda a mostrar deste formato tornar-se eficaz todas as atividades, iniciativas, produtos e servi\u00e7os que a sua empresa oferece. Apresente sua solu\u00e7\u00e3o inovadora e crie um recurso visual extraordin\u00e1rio.<\/p>\n","protected":false},"author":1,"featured_media":0,"parent":4600,"menu_order":0,"comment_status":"closed","ping_status":"closed","template":"","meta":{"footnotes":""},"class_list":["post-4850","page","type-page","status-publish","hentry"],"_links":{"self":[{"href":"https:\/\/yabt.net\/bootcamp\/wp-json\/wp\/v2\/pages\/4850","targetHints":{"allow":["GET"]}}],"collection":[{"href":"https:\/\/yabt.net\/bootcamp\/wp-json\/wp\/v2\/pages"}],"about":[{"href":"https:\/\/yabt.net\/bootcamp\/wp-json\/wp\/v2\/types\/page"}],"author":[{"embeddable":true,"href":"https:\/\/yabt.net\/bootcamp\/wp-json\/wp\/v2\/users\/1"}],"replies":[{"embeddable":true,"href":"https:\/\/yabt.net\/bootcamp\/wp-json\/wp\/v2\/comments?post=4850"}],"version-history":[{"count":3,"href":"https:\/\/yabt.net\/bootcamp\/wp-json\/wp\/v2\/pages\/4850\/revisions"}],"predecessor-version":[{"id":7035,"href":"https:\/\/yabt.net\/bootcamp\/wp-json\/wp\/v2\/pages\/4850\/revisions\/7035"}],"up":[{"embeddable":true,"href":"https:\/\/yabt.net\/bootcamp\/wp-json\/wp\/v2\/pages\/4600"}],"wp:attachment":[{"href":"https:\/\/yabt.net\/bootcamp\/wp-json\/wp\/v2\/media?parent=4850"}],"curies":[{"name":"wp","href":"https:\/\/api.w.org\/{rel}","templated":true}]}}