{"id":4874,"date":"2023-01-21T06:28:53","date_gmt":"2023-01-21T06:28:53","guid":{"rendered":"https:\/\/yabt.net\/?page_id=4874"},"modified":"2023-02-18T06:01:51","modified_gmt":"2023-02-18T06:01:51","slug":"o-cerne-da-venda-qualificada","status":"publish","type":"page","link":"https:\/\/yabt.net\/bootcamp\/inicio\/sessoes\/o-cerne-da-venda-qualificada\/","title":{"rendered":"O Cerne da Venda qualificada"},"content":{"rendered":"\t\t<div data-elementor-type=\"wp-page\" data-elementor-id=\"4874\" class=\"elementor elementor-4874\" data-elementor-post-type=\"page\">\n\t\t\t\t\t\t<section class=\"elementor-section elementor-top-section elementor-element elementor-element-0efc7d4 elementor-section-boxed elementor-section-height-default elementor-section-height-default\" data-id=\"0efc7d4\" data-element_type=\"section\" data-e-type=\"section\">\n\t\t\t\t\t\t<div class=\"elementor-container elementor-column-gap-default\">\n\t\t\t\t\t<div class=\"elementor-column elementor-col-50 elementor-top-column elementor-element elementor-element-cc67b54\" data-id=\"cc67b54\" data-element_type=\"column\" data-e-type=\"column\">\n\t\t\t<div class=\"elementor-widget-wrap elementor-element-populated\">\n\t\t\t\t\t\t<div class=\"elementor-element elementor-element-5e0f5c9 elementor-widget elementor-widget-video\" data-id=\"5e0f5c9\" data-element_type=\"widget\" data-e-type=\"widget\" data-settings=\"{&quot;youtube_url&quot;:&quot;https:\\\/\\\/www.youtube.com\\\/embed\\\/0VkxqtGHIDc&quot;,&quot;video_type&quot;:&quot;youtube&quot;,&quot;controls&quot;:&quot;yes&quot;}\" data-widget_type=\"video.default\">\n\t\t\t\t<div class=\"elementor-widget-container\">\n\t\t\t\t\t\t\t<div class=\"elementor-wrapper elementor-open-inline\">\n\t\t\t<div class=\"elementor-video\"><\/div>\t\t<\/div>\n\t\t\t\t\t\t<\/div>\n\t\t\t\t<\/div>\n\t\t\t\t\t<\/div>\n\t\t<\/div>\n\t\t\t\t<div class=\"elementor-column elementor-col-50 elementor-top-column elementor-element elementor-element-1392ca0\" data-id=\"1392ca0\" data-element_type=\"column\" data-e-type=\"column\">\n\t\t\t<div class=\"elementor-widget-wrap elementor-element-populated\">\n\t\t\t\t\t\t<div class=\"elementor-element elementor-element-fb46d9b elementor-widget elementor-widget-text-editor\" data-id=\"fb46d9b\" data-element_type=\"widget\" data-e-type=\"widget\" data-widget_type=\"text-editor.default\">\n\t\t\t\t<div class=\"elementor-widget-container\">\n\t\t\t\t\t\t\t\t\t<p><strong>Cleberson Vieira <\/strong><br \/><strong>Director da Bala Academy <\/strong><br \/><strong>Brasil<\/strong><\/p>\t\t\t\t\t\t\t\t<\/div>\n\t\t\t\t<\/div>\n\t\t\t\t<div class=\"elementor-element elementor-element-ff7dd33 elementor-widget elementor-widget-text-editor\" data-id=\"ff7dd33\" data-element_type=\"widget\" data-e-type=\"widget\" data-widget_type=\"text-editor.default\">\n\t\t\t\t<div class=\"elementor-widget-container\">\n\t\t\t\t\t\t\t\t\t<p>Nesta sess\u00e3o, voc\u00ea aprender\u00e1 o passo a passo para fazer uma venda qualificada independente do produto ou servi\u00e7o que voc\u00ea vende. O conjunto necess\u00e1rio para fechar mais neg\u00f3cios e gerar resultados de alta performance.<\/p>\t\t\t\t\t\t\t\t<\/div>\n\t\t\t\t<\/div>\n\t\t\t\t\t<\/div>\n\t\t<\/div>\n\t\t\t\t\t<\/div>\n\t\t<\/section>\n\t\t\t\t<\/div>\n\t\t","protected":false},"excerpt":{"rendered":"<p>https:\/\/www.youtube.com\/embed\/0VkxqtGHIDc Cleberson Vieira Director da Bala Academy Brasil Nesta sess\u00e3o, voc\u00ea aprender\u00e1 o passo a passo para fazer uma venda qualificada independente do produto ou servi\u00e7o que voc\u00ea vende. O conjunto necess\u00e1rio para fechar mais neg\u00f3cios e gerar resultados de alta performance.<\/p>\n","protected":false},"author":1,"featured_media":0,"parent":4600,"menu_order":0,"comment_status":"closed","ping_status":"closed","template":"","meta":{"footnotes":""},"class_list":["post-4874","page","type-page","status-publish","hentry"],"_links":{"self":[{"href":"https:\/\/yabt.net\/bootcamp\/wp-json\/wp\/v2\/pages\/4874","targetHints":{"allow":["GET"]}}],"collection":[{"href":"https:\/\/yabt.net\/bootcamp\/wp-json\/wp\/v2\/pages"}],"about":[{"href":"https:\/\/yabt.net\/bootcamp\/wp-json\/wp\/v2\/types\/page"}],"author":[{"embeddable":true,"href":"https:\/\/yabt.net\/bootcamp\/wp-json\/wp\/v2\/users\/1"}],"replies":[{"embeddable":true,"href":"https:\/\/yabt.net\/bootcamp\/wp-json\/wp\/v2\/comments?post=4874"}],"version-history":[{"count":3,"href":"https:\/\/yabt.net\/bootcamp\/wp-json\/wp\/v2\/pages\/4874\/revisions"}],"predecessor-version":[{"id":7026,"href":"https:\/\/yabt.net\/bootcamp\/wp-json\/wp\/v2\/pages\/4874\/revisions\/7026"}],"up":[{"embeddable":true,"href":"https:\/\/yabt.net\/bootcamp\/wp-json\/wp\/v2\/pages\/4600"}],"wp:attachment":[{"href":"https:\/\/yabt.net\/bootcamp\/wp-json\/wp\/v2\/media?parent=4874"}],"curies":[{"name":"wp","href":"https:\/\/api.w.org\/{rel}","templated":true}]}}