{"id":4914,"date":"2023-01-21T06:39:02","date_gmt":"2023-01-21T06:39:02","guid":{"rendered":"https:\/\/yabt.net\/?page_id=4914"},"modified":"2023-02-18T06:01:29","modified_gmt":"2023-02-18T06:01:29","slug":"el-arte-de-prototipar","status":"publish","type":"page","link":"https:\/\/yabt.net\/bootcamp\/inicio\/sesiones\/el-arte-de-prototipar\/","title":{"rendered":"El arte de prototipar"},"content":{"rendered":"\t\t<div data-elementor-type=\"wp-page\" data-elementor-id=\"4914\" class=\"elementor elementor-4914\" data-elementor-post-type=\"page\">\n\t\t\t\t\t\t<section class=\"elementor-section elementor-top-section elementor-element elementor-element-0f371e9 elementor-section-boxed elementor-section-height-default elementor-section-height-default\" data-id=\"0f371e9\" data-element_type=\"section\" data-e-type=\"section\">\n\t\t\t\t\t\t<div class=\"elementor-container elementor-column-gap-default\">\n\t\t\t\t\t<div class=\"elementor-column elementor-col-50 elementor-top-column elementor-element elementor-element-68c64c2\" data-id=\"68c64c2\" data-element_type=\"column\" data-e-type=\"column\">\n\t\t\t<div class=\"elementor-widget-wrap elementor-element-populated\">\n\t\t\t\t\t\t<div class=\"elementor-element elementor-element-d910f9a elementor-widget elementor-widget-video\" data-id=\"d910f9a\" data-element_type=\"widget\" data-e-type=\"widget\" data-settings=\"{&quot;youtube_url&quot;:&quot;https:\\\/\\\/www.youtube.com\\\/embed\\\/fCW848LpxP0&quot;,&quot;video_type&quot;:&quot;youtube&quot;,&quot;controls&quot;:&quot;yes&quot;}\" data-widget_type=\"video.default\">\n\t\t\t\t<div class=\"elementor-widget-container\">\n\t\t\t\t\t\t\t<div class=\"elementor-wrapper elementor-open-inline\">\n\t\t\t<div class=\"elementor-video\"><\/div>\t\t<\/div>\n\t\t\t\t\t\t<\/div>\n\t\t\t\t<\/div>\n\t\t\t\t\t<\/div>\n\t\t<\/div>\n\t\t\t\t<div class=\"elementor-column elementor-col-50 elementor-top-column elementor-element elementor-element-562905b\" data-id=\"562905b\" data-element_type=\"column\" data-e-type=\"column\">\n\t\t\t<div class=\"elementor-widget-wrap elementor-element-populated\">\n\t\t\t\t\t\t<div class=\"elementor-element elementor-element-0af7274 elementor-widget elementor-widget-text-editor\" data-id=\"0af7274\" data-element_type=\"widget\" data-e-type=\"widget\" data-widget_type=\"text-editor.default\">\n\t\t\t\t<div class=\"elementor-widget-container\">\n\t\t\t\t\t\t\t\t\t<p><strong>Naldi Susan Carri\u00f3n Puelles<\/strong><br \/><strong>Coordinadora General del Centro de Innovaci\u00f3n Tecnol\u00f3gica Fab Lab ESAN <\/strong><br \/><strong>Per\u00fa<\/strong><\/p>\t\t\t\t\t\t\t\t<\/div>\n\t\t\t\t<\/div>\n\t\t\t\t<div class=\"elementor-element elementor-element-de946bc elementor-widget elementor-widget-text-editor\" data-id=\"de946bc\" data-element_type=\"widget\" data-e-type=\"widget\" data-widget_type=\"text-editor.default\">\n\t\t\t\t<div class=\"elementor-widget-container\">\n\t\t\t\t\t\t\t\t\tRealizar el prototipo de una propuesta de producto es una de las partes m\u00e1s importantes para los emprendedores. Un buen proceso de prototipado nos puede llevar al \u00e9xito haciendo de nuestra propuesta innovadora, una que responda a las necesidades del mercado. <br>\nEn la sesi\u00f3n del BOOT Camp &#8220;&#8221;El arte de prototipar&#8221;&#8221; conoceremos las diferentes etapas de este proceso y propuestas creativas para desarrollar prototipos de nuestras soluciones innovadoras que nos lleven al \u00e9xito.\t\t\t\t\t\t\t\t<\/div>\n\t\t\t\t<\/div>\n\t\t\t\t\t<\/div>\n\t\t<\/div>\n\t\t\t\t\t<\/div>\n\t\t<\/section>\n\t\t\t\t<\/div>\n\t\t","protected":false},"excerpt":{"rendered":"<p>https:\/\/www.youtube.com\/embed\/fCW848LpxP0 Naldi Susan Carri\u00f3n PuellesCoordinadora General del Centro de Innovaci\u00f3n Tecnol\u00f3gica Fab Lab ESAN Per\u00fa Realizar el prototipo de una propuesta de producto es una de las partes m\u00e1s importantes para los emprendedores. Un buen proceso de prototipado nos puede llevar al \u00e9xito haciendo de nuestra propuesta innovadora, una que responda a las necesidades del [&hellip;]<\/p>\n","protected":false},"author":1,"featured_media":0,"parent":4537,"menu_order":0,"comment_status":"closed","ping_status":"closed","template":"","meta":{"footnotes":""},"class_list":["post-4914","page","type-page","status-publish","hentry"],"_links":{"self":[{"href":"https:\/\/yabt.net\/bootcamp\/wp-json\/wp\/v2\/pages\/4914","targetHints":{"allow":["GET"]}}],"collection":[{"href":"https:\/\/yabt.net\/bootcamp\/wp-json\/wp\/v2\/pages"}],"about":[{"href":"https:\/\/yabt.net\/bootcamp\/wp-json\/wp\/v2\/types\/page"}],"author":[{"embeddable":true,"href":"https:\/\/yabt.net\/bootcamp\/wp-json\/wp\/v2\/users\/1"}],"replies":[{"embeddable":true,"href":"https:\/\/yabt.net\/bootcamp\/wp-json\/wp\/v2\/comments?post=4914"}],"version-history":[{"count":3,"href":"https:\/\/yabt.net\/bootcamp\/wp-json\/wp\/v2\/pages\/4914\/revisions"}],"predecessor-version":[{"id":7014,"href":"https:\/\/yabt.net\/bootcamp\/wp-json\/wp\/v2\/pages\/4914\/revisions\/7014"}],"up":[{"embeddable":true,"href":"https:\/\/yabt.net\/bootcamp\/wp-json\/wp\/v2\/pages\/4537"}],"wp:attachment":[{"href":"https:\/\/yabt.net\/bootcamp\/wp-json\/wp\/v2\/media?parent=4914"}],"curies":[{"name":"wp","href":"https:\/\/api.w.org\/{rel}","templated":true}]}}