{"id":5120,"date":"2023-01-21T07:40:29","date_gmt":"2023-01-21T07:40:29","guid":{"rendered":"https:\/\/yabt.net\/?page_id=5120"},"modified":"2023-02-18T05:33:30","modified_gmt":"2023-02-18T05:33:30","slug":"emprendiendo-en-el-sector-de-biomedicina-y-salud","status":"publish","type":"page","link":"https:\/\/yabt.net\/bootcamp\/inicio\/sesiones\/emprendiendo-en-el-sector-de-biomedicina-y-salud\/","title":{"rendered":"Emprendiendo en el sector de biomedicina y salud"},"content":{"rendered":"\t\t<div data-elementor-type=\"wp-page\" data-elementor-id=\"5120\" class=\"elementor elementor-5120\" data-elementor-post-type=\"page\">\n\t\t\t\t\t\t<section class=\"elementor-section elementor-top-section elementor-element elementor-element-4ccd36e elementor-section-boxed elementor-section-height-default elementor-section-height-default\" data-id=\"4ccd36e\" data-element_type=\"section\" data-e-type=\"section\">\n\t\t\t\t\t\t<div class=\"elementor-container elementor-column-gap-default\">\n\t\t\t\t\t<div class=\"elementor-column elementor-col-50 elementor-top-column elementor-element elementor-element-a40e8e4\" data-id=\"a40e8e4\" data-element_type=\"column\" data-e-type=\"column\">\n\t\t\t<div class=\"elementor-widget-wrap elementor-element-populated\">\n\t\t\t\t\t\t<div class=\"elementor-element elementor-element-1565539 elementor-widget elementor-widget-video\" data-id=\"1565539\" data-element_type=\"widget\" data-e-type=\"widget\" data-settings=\"{&quot;youtube_url&quot;:&quot;https:\\\/\\\/www.youtube.com\\\/embed\\\/sIafuV3n89A&quot;,&quot;video_type&quot;:&quot;youtube&quot;,&quot;controls&quot;:&quot;yes&quot;}\" data-widget_type=\"video.default\">\n\t\t\t\t<div class=\"elementor-widget-container\">\n\t\t\t\t\t\t\t<div class=\"elementor-wrapper elementor-open-inline\">\n\t\t\t<div class=\"elementor-video\"><\/div>\t\t<\/div>\n\t\t\t\t\t\t<\/div>\n\t\t\t\t<\/div>\n\t\t\t\t\t<\/div>\n\t\t<\/div>\n\t\t\t\t<div class=\"elementor-column elementor-col-50 elementor-top-column elementor-element elementor-element-91adc50\" data-id=\"91adc50\" data-element_type=\"column\" data-e-type=\"column\">\n\t\t\t<div class=\"elementor-widget-wrap elementor-element-populated\">\n\t\t\t\t\t\t<div class=\"elementor-element elementor-element-c43b5bc elementor-widget elementor-widget-text-editor\" data-id=\"c43b5bc\" data-element_type=\"widget\" data-e-type=\"widget\" data-widget_type=\"text-editor.default\">\n\t\t\t\t<div class=\"elementor-widget-container\">\n\t\t\t\t\t\t\t\t\t<p><strong>Jason Roncancio<\/strong><br \/><strong>Experto en el sector biotecnol\u00f3gico, de salud p\u00fablica, y en transferencia de tecnolog\u00ed\u00ada.<\/strong><br \/><strong>B\u00e9lgica\/Colombia<\/strong><\/p>\t\t\t\t\t\t\t\t<\/div>\n\t\t\t\t<\/div>\n\t\t\t\t<div class=\"elementor-element elementor-element-5085dfc elementor-widget elementor-widget-text-editor\" data-id=\"5085dfc\" data-element_type=\"widget\" data-e-type=\"widget\" data-widget_type=\"text-editor.default\">\n\t\t\t\t<div class=\"elementor-widget-container\">\n\t\t\t\t\t\t\t\t\t<p>La innovaci\u00f3n tecnol\u00f3gica que ocurre en los laboratorios de investigaci\u00f3n cient\u00ed\u00adfica en los sectores de salud, bienestar, biotecnolog\u00eda, y telemedicina; a menudo se encuentra con paradigmas de propiedad intelectual, mercado, o adopci\u00f3n de tecnolog\u00eda que presentan obst\u00e1culos para la comercializaci\u00f3n de los desarrollos tecnol\u00f3gicos. <br \/>Durante esta pl\u00e1tica, podr\u00e1s aprender a identificar las barreras y a maximizar las ventajas de tu desarrollo tecnol\u00f3gico, a fin de que su comercializaci\u00f3n o transferencia hacia la sociedad sea exitosa.<\/p>\t\t\t\t\t\t\t\t<\/div>\n\t\t\t\t<\/div>\n\t\t\t\t\t<\/div>\n\t\t<\/div>\n\t\t\t\t\t<\/div>\n\t\t<\/section>\n\t\t\t\t<\/div>\n\t\t","protected":false},"excerpt":{"rendered":"<p>https:\/\/www.youtube.com\/embed\/sIafuV3n89A Jason RoncancioExperto en el sector biotecnol\u00f3gico, de salud p\u00fablica, y en transferencia de tecnolog\u00ed\u00ada.B\u00e9lgica\/Colombia La innovaci\u00f3n tecnol\u00f3gica que ocurre en los laboratorios de investigaci\u00f3n cient\u00ed\u00adfica en los sectores de salud, bienestar, biotecnolog\u00eda, y telemedicina; a menudo se encuentra con paradigmas de propiedad intelectual, mercado, o adopci\u00f3n de tecnolog\u00eda que presentan obst\u00e1culos para la comercializaci\u00f3n [&hellip;]<\/p>\n","protected":false},"author":1,"featured_media":0,"parent":4537,"menu_order":0,"comment_status":"closed","ping_status":"closed","template":"","meta":{"footnotes":""},"class_list":["post-5120","page","type-page","status-publish","hentry"],"_links":{"self":[{"href":"https:\/\/yabt.net\/bootcamp\/wp-json\/wp\/v2\/pages\/5120","targetHints":{"allow":["GET"]}}],"collection":[{"href":"https:\/\/yabt.net\/bootcamp\/wp-json\/wp\/v2\/pages"}],"about":[{"href":"https:\/\/yabt.net\/bootcamp\/wp-json\/wp\/v2\/types\/page"}],"author":[{"embeddable":true,"href":"https:\/\/yabt.net\/bootcamp\/wp-json\/wp\/v2\/users\/1"}],"replies":[{"embeddable":true,"href":"https:\/\/yabt.net\/bootcamp\/wp-json\/wp\/v2\/comments?post=5120"}],"version-history":[{"count":3,"href":"https:\/\/yabt.net\/bootcamp\/wp-json\/wp\/v2\/pages\/5120\/revisions"}],"predecessor-version":[{"id":6757,"href":"https:\/\/yabt.net\/bootcamp\/wp-json\/wp\/v2\/pages\/5120\/revisions\/6757"}],"up":[{"embeddable":true,"href":"https:\/\/yabt.net\/bootcamp\/wp-json\/wp\/v2\/pages\/4537"}],"wp:attachment":[{"href":"https:\/\/yabt.net\/bootcamp\/wp-json\/wp\/v2\/media?parent=5120"}],"curies":[{"name":"wp","href":"https:\/\/api.w.org\/{rel}","templated":true}]}}