{"id":5160,"date":"2023-01-21T07:51:36","date_gmt":"2023-01-21T07:51:36","guid":{"rendered":"https:\/\/yabt.net\/?page_id=5160"},"modified":"2023-02-18T05:29:04","modified_gmt":"2023-02-18T05:29:04","slug":"tic-americas-2017-preguntas-y-respuestas-sobre-entregables","status":"publish","type":"page","link":"https:\/\/yabt.net\/bootcamp\/inicio\/sesiones\/tic-americas-2017-preguntas-y-respuestas-sobre-entregables\/","title":{"rendered":"TIC Americas 2017: Preguntas y respuestas sobre entregables"},"content":{"rendered":"\t\t<div data-elementor-type=\"wp-page\" data-elementor-id=\"5160\" class=\"elementor elementor-5160\" data-elementor-post-type=\"page\">\n\t\t\t\t\t\t<section class=\"elementor-section elementor-top-section elementor-element elementor-element-80f9e65 elementor-section-boxed elementor-section-height-default elementor-section-height-default\" data-id=\"80f9e65\" data-element_type=\"section\" data-e-type=\"section\">\n\t\t\t\t\t\t<div class=\"elementor-container elementor-column-gap-default\">\n\t\t\t\t\t<div class=\"elementor-column elementor-col-50 elementor-top-column elementor-element elementor-element-da2698b\" data-id=\"da2698b\" data-element_type=\"column\" data-e-type=\"column\">\n\t\t\t<div class=\"elementor-widget-wrap elementor-element-populated\">\n\t\t\t\t\t\t<div class=\"elementor-element elementor-element-246d30c elementor-widget elementor-widget-video\" data-id=\"246d30c\" data-element_type=\"widget\" data-e-type=\"widget\" data-settings=\"{&quot;youtube_url&quot;:&quot;https:\\\/\\\/www.youtube.com\\\/embed\\\/rxWj-_3pwso&quot;,&quot;video_type&quot;:&quot;youtube&quot;,&quot;controls&quot;:&quot;yes&quot;}\" data-widget_type=\"video.default\">\n\t\t\t\t<div class=\"elementor-widget-container\">\n\t\t\t\t\t\t\t<div class=\"elementor-wrapper elementor-open-inline\">\n\t\t\t<div class=\"elementor-video\"><\/div>\t\t<\/div>\n\t\t\t\t\t\t<\/div>\n\t\t\t\t<\/div>\n\t\t\t\t\t<\/div>\n\t\t<\/div>\n\t\t\t\t<div class=\"elementor-column elementor-col-50 elementor-top-column elementor-element elementor-element-e7877e1\" data-id=\"e7877e1\" data-element_type=\"column\" data-e-type=\"column\">\n\t\t\t<div class=\"elementor-widget-wrap elementor-element-populated\">\n\t\t\t\t\t\t<div class=\"elementor-element elementor-element-2b7f162 elementor-widget elementor-widget-text-editor\" data-id=\"2b7f162\" data-element_type=\"widget\" data-e-type=\"widget\" data-widget_type=\"text-editor.default\">\n\t\t\t\t<div class=\"elementor-widget-container\">\n\t\t\t\t\t\t\t\t\t<p><strong>Edgar Maestre <\/strong><br \/><strong>Director de programas para Latinoam\u00e9rica <\/strong><br \/><strong>Young Americas Business Trust <\/strong><br \/><strong>Organizci\u00f3n de los Estados Americanos<\/strong><\/p>\t\t\t\t\t\t\t\t<\/div>\n\t\t\t\t<\/div>\n\t\t\t\t<div class=\"elementor-element elementor-element-f0ff86d elementor-widget elementor-widget-text-editor\" data-id=\"f0ff86d\" data-element_type=\"widget\" data-e-type=\"widget\" data-widget_type=\"text-editor.default\">\n\t\t\t\t<div class=\"elementor-widget-container\">\n\t\t\t\t\t\t\t\t\t<p>Durante la sesi\u00f3n los participantes tendr\u00e1n la oportunidad de realizar directamente sus preguntas referente a las reglas, los requisitos\/entregables, entre otros temas para complementar la informaci\u00f3n del proceso preparatorio de TIC Americas 2017. &lt;br&gt; Asimismo, la sesi\u00f3n busca orientar a los participantes por los pasos necesarios para que tengan una participaci\u00f3n exitosa, y aprovechen al m\u00e1ximo la plataforma de oportunidades que el programa les ofrece en sus distintas etapas.<\/p>\t\t\t\t\t\t\t\t<\/div>\n\t\t\t\t<\/div>\n\t\t\t\t\t<\/div>\n\t\t<\/div>\n\t\t\t\t\t<\/div>\n\t\t<\/section>\n\t\t\t\t<\/div>\n\t\t","protected":false},"excerpt":{"rendered":"<p>https:\/\/www.youtube.com\/embed\/rxWj-_3pwso Edgar Maestre Director de programas para Latinoam\u00e9rica Young Americas Business Trust Organizci\u00f3n de los Estados Americanos Durante la sesi\u00f3n los participantes tendr\u00e1n la oportunidad de realizar directamente sus preguntas referente a las reglas, los requisitos\/entregables, entre otros temas para complementar la informaci\u00f3n del proceso preparatorio de TIC Americas 2017. &lt;br&gt; Asimismo, la sesi\u00f3n busca [&hellip;]<\/p>\n","protected":false},"author":1,"featured_media":0,"parent":4537,"menu_order":0,"comment_status":"closed","ping_status":"closed","template":"","meta":{"footnotes":""},"class_list":["post-5160","page","type-page","status-publish","hentry"],"_links":{"self":[{"href":"https:\/\/yabt.net\/bootcamp\/wp-json\/wp\/v2\/pages\/5160","targetHints":{"allow":["GET"]}}],"collection":[{"href":"https:\/\/yabt.net\/bootcamp\/wp-json\/wp\/v2\/pages"}],"about":[{"href":"https:\/\/yabt.net\/bootcamp\/wp-json\/wp\/v2\/types\/page"}],"author":[{"embeddable":true,"href":"https:\/\/yabt.net\/bootcamp\/wp-json\/wp\/v2\/users\/1"}],"replies":[{"embeddable":true,"href":"https:\/\/yabt.net\/bootcamp\/wp-json\/wp\/v2\/comments?post=5160"}],"version-history":[{"count":3,"href":"https:\/\/yabt.net\/bootcamp\/wp-json\/wp\/v2\/pages\/5160\/revisions"}],"predecessor-version":[{"id":6731,"href":"https:\/\/yabt.net\/bootcamp\/wp-json\/wp\/v2\/pages\/5160\/revisions\/6731"}],"up":[{"embeddable":true,"href":"https:\/\/yabt.net\/bootcamp\/wp-json\/wp\/v2\/pages\/4537"}],"wp:attachment":[{"href":"https:\/\/yabt.net\/bootcamp\/wp-json\/wp\/v2\/media?parent=5160"}],"curies":[{"name":"wp","href":"https:\/\/api.w.org\/{rel}","templated":true}]}}