{"id":5288,"date":"2023-01-21T09:09:26","date_gmt":"2023-01-21T09:09:26","guid":{"rendered":"https:\/\/yabt.net\/?page_id=5288"},"modified":"2023-02-18T05:43:59","modified_gmt":"2023-02-18T05:43:59","slug":"emprendedores-verdes-reciclando-en-busca-de-un-futuro-mejor","status":"publish","type":"page","link":"https:\/\/yabt.net\/bootcamp\/inicio\/sesiones\/emprendedores-verdes-reciclando-en-busca-de-un-futuro-mejor\/","title":{"rendered":"Emprendedores verdes: Reciclando en busca de un futuro mejor"},"content":{"rendered":"\t\t<div data-elementor-type=\"wp-page\" data-elementor-id=\"5288\" class=\"elementor elementor-5288\" data-elementor-post-type=\"page\">\n\t\t\t\t\t\t<section class=\"elementor-section elementor-top-section elementor-element elementor-element-1f99cc0 elementor-section-boxed elementor-section-height-default elementor-section-height-default\" data-id=\"1f99cc0\" data-element_type=\"section\" data-e-type=\"section\">\n\t\t\t\t\t\t<div class=\"elementor-container elementor-column-gap-default\">\n\t\t\t\t\t<div class=\"elementor-column elementor-col-50 elementor-top-column elementor-element elementor-element-10664eb\" data-id=\"10664eb\" data-element_type=\"column\" data-e-type=\"column\">\n\t\t\t<div class=\"elementor-widget-wrap elementor-element-populated\">\n\t\t\t\t\t\t<div class=\"elementor-element elementor-element-b82e0ee elementor-widget elementor-widget-video\" data-id=\"b82e0ee\" data-element_type=\"widget\" data-e-type=\"widget\" data-settings=\"{&quot;youtube_url&quot;:&quot;https:\\\/\\\/www.youtube.com\\\/embed\\\/Y38DLPGTzgY&quot;,&quot;video_type&quot;:&quot;youtube&quot;,&quot;controls&quot;:&quot;yes&quot;}\" data-widget_type=\"video.default\">\n\t\t\t\t<div class=\"elementor-widget-container\">\n\t\t\t\t\t\t\t<div class=\"elementor-wrapper elementor-open-inline\">\n\t\t\t<div class=\"elementor-video\"><\/div>\t\t<\/div>\n\t\t\t\t\t\t<\/div>\n\t\t\t\t<\/div>\n\t\t\t\t\t<\/div>\n\t\t<\/div>\n\t\t\t\t<div class=\"elementor-column elementor-col-50 elementor-top-column elementor-element elementor-element-63c82bc\" data-id=\"63c82bc\" data-element_type=\"column\" data-e-type=\"column\">\n\t\t\t<div class=\"elementor-widget-wrap elementor-element-populated\">\n\t\t\t\t\t\t<div class=\"elementor-element elementor-element-bb4097a elementor-widget elementor-widget-text-editor\" data-id=\"bb4097a\" data-element_type=\"widget\" data-e-type=\"widget\" data-widget_type=\"text-editor.default\">\n\t\t\t\t<div class=\"elementor-widget-container\">\n\t\t\t\t\t\t\t\t\t<p><strong>Miguel Uribe<\/strong><br \/><strong>Cofundador y CEO de Ciclo<\/strong><br \/><strong>Colombia<\/strong><\/p>\t\t\t\t\t\t\t\t<\/div>\n\t\t\t\t<\/div>\n\t\t\t\t<div class=\"elementor-element elementor-element-a7bf90f elementor-widget elementor-widget-text-editor\" data-id=\"a7bf90f\" data-element_type=\"widget\" data-e-type=\"widget\" data-widget_type=\"text-editor.default\">\n\t\t\t\t<div class=\"elementor-widget-container\">\n\t\t\t\t\t\t\t\t\t<p>\u00bfEres un emprendedor verde, o una persona interesada en el cuidado del medio ambiente? Entonces mira esta enriquecedora sesi\u00f3n, donde podr\u00e1s escuchar de un exitoso empresario de la industria del reciclaje pl\u00e1stico, sus ideas y perspectivas respecto a los retos y oportunidades que el emprendimiento representa en el sector ambiental.<\/p>\t\t\t\t\t\t\t\t<\/div>\n\t\t\t\t<\/div>\n\t\t\t\t\t<\/div>\n\t\t<\/div>\n\t\t\t\t\t<\/div>\n\t\t<\/section>\n\t\t\t\t<\/div>\n\t\t","protected":false},"excerpt":{"rendered":"<p>https:\/\/www.youtube.com\/embed\/Y38DLPGTzgY Miguel UribeCofundador y CEO de CicloColombia \u00bfEres un emprendedor verde, o una persona interesada en el cuidado del medio ambiente? Entonces mira esta enriquecedora sesi\u00f3n, donde podr\u00e1s escuchar de un exitoso empresario de la industria del reciclaje pl\u00e1stico, sus ideas y perspectivas respecto a los retos y oportunidades que el emprendimiento representa en el [&hellip;]<\/p>\n","protected":false},"author":1,"featured_media":0,"parent":4537,"menu_order":0,"comment_status":"closed","ping_status":"closed","template":"","meta":{"footnotes":""},"class_list":["post-5288","page","type-page","status-publish","hentry"],"_links":{"self":[{"href":"https:\/\/yabt.net\/bootcamp\/wp-json\/wp\/v2\/pages\/5288","targetHints":{"allow":["GET"]}}],"collection":[{"href":"https:\/\/yabt.net\/bootcamp\/wp-json\/wp\/v2\/pages"}],"about":[{"href":"https:\/\/yabt.net\/bootcamp\/wp-json\/wp\/v2\/types\/page"}],"author":[{"embeddable":true,"href":"https:\/\/yabt.net\/bootcamp\/wp-json\/wp\/v2\/users\/1"}],"replies":[{"embeddable":true,"href":"https:\/\/yabt.net\/bootcamp\/wp-json\/wp\/v2\/comments?post=5288"}],"version-history":[{"count":3,"href":"https:\/\/yabt.net\/bootcamp\/wp-json\/wp\/v2\/pages\/5288\/revisions"}],"predecessor-version":[{"id":6850,"href":"https:\/\/yabt.net\/bootcamp\/wp-json\/wp\/v2\/pages\/5288\/revisions\/6850"}],"up":[{"embeddable":true,"href":"https:\/\/yabt.net\/bootcamp\/wp-json\/wp\/v2\/pages\/4537"}],"wp:attachment":[{"href":"https:\/\/yabt.net\/bootcamp\/wp-json\/wp\/v2\/media?parent=5288"}],"curies":[{"name":"wp","href":"https:\/\/api.w.org\/{rel}","templated":true}]}}