{"id":5293,"date":"2023-01-21T09:11:17","date_gmt":"2023-01-21T09:11:17","guid":{"rendered":"https:\/\/yabt.net\/?page_id=5293"},"modified":"2023-02-18T05:43:54","modified_gmt":"2023-02-18T05:43:54","slug":"energias-renovables-y-emprendimiento-como-motor-de-la-transicion-energetica","status":"publish","type":"page","link":"https:\/\/yabt.net\/bootcamp\/inicio\/sesiones\/energias-renovables-y-emprendimiento-como-motor-de-la-transicion-energetica\/","title":{"rendered":"Energ\u00edas renovables y emprendimiento como motor de la transici\u00f3n energ\u00e9tica"},"content":{"rendered":"\t\t<div data-elementor-type=\"wp-page\" data-elementor-id=\"5293\" class=\"elementor elementor-5293\" data-elementor-post-type=\"page\">\n\t\t\t\t\t\t<section class=\"elementor-section elementor-top-section elementor-element elementor-element-58057f3 elementor-section-boxed elementor-section-height-default elementor-section-height-default\" data-id=\"58057f3\" data-element_type=\"section\" data-e-type=\"section\">\n\t\t\t\t\t\t<div class=\"elementor-container elementor-column-gap-default\">\n\t\t\t\t\t<div class=\"elementor-column elementor-col-50 elementor-top-column elementor-element elementor-element-90df6fa\" data-id=\"90df6fa\" data-element_type=\"column\" data-e-type=\"column\">\n\t\t\t<div class=\"elementor-widget-wrap elementor-element-populated\">\n\t\t\t\t\t\t<div class=\"elementor-element elementor-element-d27a5e2 elementor-widget elementor-widget-video\" data-id=\"d27a5e2\" data-element_type=\"widget\" data-e-type=\"widget\" data-settings=\"{&quot;youtube_url&quot;:&quot;https:\\\/\\\/www.youtube.com\\\/embed\\\/Mq3xO3aazJA&quot;,&quot;video_type&quot;:&quot;youtube&quot;,&quot;controls&quot;:&quot;yes&quot;}\" data-widget_type=\"video.default\">\n\t\t\t\t<div class=\"elementor-widget-container\">\n\t\t\t\t\t\t\t<div class=\"elementor-wrapper elementor-open-inline\">\n\t\t\t<div class=\"elementor-video\"><\/div>\t\t<\/div>\n\t\t\t\t\t\t<\/div>\n\t\t\t\t<\/div>\n\t\t\t\t\t<\/div>\n\t\t<\/div>\n\t\t\t\t<div class=\"elementor-column elementor-col-50 elementor-top-column elementor-element elementor-element-b0e07e4\" data-id=\"b0e07e4\" data-element_type=\"column\" data-e-type=\"column\">\n\t\t\t<div class=\"elementor-widget-wrap elementor-element-populated\">\n\t\t\t\t\t\t<div class=\"elementor-element elementor-element-28322de elementor-widget elementor-widget-text-editor\" data-id=\"28322de\" data-element_type=\"widget\" data-e-type=\"widget\" data-widget_type=\"text-editor.default\">\n\t\t\t\t<div class=\"elementor-widget-container\">\n\t\t\t\t\t\t\t\t\t<p><strong>Yomayra Martin\u00f3<\/strong><br \/><br \/><strong>Experta y consultora internacional en Cambio Clim\u00e1tico, Energ\u00eda y Sostenibilidad<\/strong><br \/><strong>Rep\u00fablica Dominicana<\/strong><\/p>\t\t\t\t\t\t\t\t<\/div>\n\t\t\t\t<\/div>\n\t\t\t\t<div class=\"elementor-element elementor-element-b2a0f60 elementor-widget elementor-widget-text-editor\" data-id=\"b2a0f60\" data-element_type=\"widget\" data-e-type=\"widget\" data-widget_type=\"text-editor.default\">\n\t\t\t\t<div class=\"elementor-widget-container\">\n\t\t\t\t\t\t\t\t\t<p>Acorde a la Organizaci\u00f3n Meteorol\u00f3gica Mundial, la d\u00e9cada de 2010 a 2020 ha ido la m\u00e1s caliente jam\u00e1s observada. El impacto al medio ambiente producto de fuentes de energ\u00edas no renovables es extraordinario. Por este motivo, en este webinar podr\u00e1s aprender todo lo relacionado a las energ\u00edas renovables, donde se encuentran, c\u00f3mo puedes sacar provecho de ellas y c\u00f3mo pueden ayudar a aliviar las presiones sobre el medio ambiente.<br \/><br \/>Adem\u00e1s, podr\u00e1s conocer las oportunidades de negocio que existen en este campo, y si ya tienes un emprendimiento en esta industria, podr\u00e1s escuchar de las perspectivas y experiencia de una experta en el \u00e1rea.<\/p>\t\t\t\t\t\t\t\t<\/div>\n\t\t\t\t<\/div>\n\t\t\t\t\t<\/div>\n\t\t<\/div>\n\t\t\t\t\t<\/div>\n\t\t<\/section>\n\t\t\t\t<\/div>\n\t\t","protected":false},"excerpt":{"rendered":"<p>https:\/\/www.youtube.com\/embed\/Mq3xO3aazJA Yomayra Martin\u00f3 Experta y consultora internacional en Cambio Clim\u00e1tico, Energ\u00eda y SostenibilidadRep\u00fablica Dominicana Acorde a la Organizaci\u00f3n Meteorol\u00f3gica Mundial, la d\u00e9cada de 2010 a 2020 ha ido la m\u00e1s caliente jam\u00e1s observada. El impacto al medio ambiente producto de fuentes de energ\u00edas no renovables es extraordinario. Por este motivo, en este webinar podr\u00e1s aprender [&hellip;]<\/p>\n","protected":false},"author":1,"featured_media":0,"parent":4537,"menu_order":0,"comment_status":"closed","ping_status":"closed","template":"","meta":{"footnotes":""},"class_list":["post-5293","page","type-page","status-publish","hentry"],"_links":{"self":[{"href":"https:\/\/yabt.net\/bootcamp\/wp-json\/wp\/v2\/pages\/5293","targetHints":{"allow":["GET"]}}],"collection":[{"href":"https:\/\/yabt.net\/bootcamp\/wp-json\/wp\/v2\/pages"}],"about":[{"href":"https:\/\/yabt.net\/bootcamp\/wp-json\/wp\/v2\/types\/page"}],"author":[{"embeddable":true,"href":"https:\/\/yabt.net\/bootcamp\/wp-json\/wp\/v2\/users\/1"}],"replies":[{"embeddable":true,"href":"https:\/\/yabt.net\/bootcamp\/wp-json\/wp\/v2\/comments?post=5293"}],"version-history":[{"count":3,"href":"https:\/\/yabt.net\/bootcamp\/wp-json\/wp\/v2\/pages\/5293\/revisions"}],"predecessor-version":[{"id":6847,"href":"https:\/\/yabt.net\/bootcamp\/wp-json\/wp\/v2\/pages\/5293\/revisions\/6847"}],"up":[{"embeddable":true,"href":"https:\/\/yabt.net\/bootcamp\/wp-json\/wp\/v2\/pages\/4537"}],"wp:attachment":[{"href":"https:\/\/yabt.net\/bootcamp\/wp-json\/wp\/v2\/media?parent=5293"}],"curies":[{"name":"wp","href":"https:\/\/api.w.org\/{rel}","templated":true}]}}