{"id":5302,"date":"2023-01-21T09:13:06","date_gmt":"2023-01-21T09:13:06","guid":{"rendered":"https:\/\/yabt.net\/?page_id=5302"},"modified":"2023-02-18T05:43:51","modified_gmt":"2023-02-18T05:43:51","slug":"soluciones-del-manana-reinventando-el-uso-del-plastico","status":"publish","type":"page","link":"https:\/\/yabt.net\/bootcamp\/inicio\/sesiones\/soluciones-del-manana-reinventando-el-uso-del-plastico\/","title":{"rendered":"Soluciones del ma\u00f1ana: Reinventando el uso del pl\u00e1stico"},"content":{"rendered":"\t\t<div data-elementor-type=\"wp-page\" data-elementor-id=\"5302\" class=\"elementor elementor-5302\" data-elementor-post-type=\"page\">\n\t\t\t\t\t\t<section class=\"elementor-section elementor-top-section elementor-element elementor-element-82ebb5f elementor-section-boxed elementor-section-height-default elementor-section-height-default\" data-id=\"82ebb5f\" data-element_type=\"section\" data-e-type=\"section\">\n\t\t\t\t\t\t<div class=\"elementor-container elementor-column-gap-default\">\n\t\t\t\t\t<div class=\"elementor-column elementor-col-50 elementor-top-column elementor-element elementor-element-2b1242e\" data-id=\"2b1242e\" data-element_type=\"column\" data-e-type=\"column\">\n\t\t\t<div class=\"elementor-widget-wrap elementor-element-populated\">\n\t\t\t\t\t\t<div class=\"elementor-element elementor-element-3bfe8a3 elementor-widget elementor-widget-video\" data-id=\"3bfe8a3\" data-element_type=\"widget\" data-e-type=\"widget\" data-settings=\"{&quot;youtube_url&quot;:&quot;https:\\\/\\\/www.youtube.com\\\/embed\\\/N3gYJ9ZehC0&quot;,&quot;video_type&quot;:&quot;youtube&quot;,&quot;controls&quot;:&quot;yes&quot;}\" data-widget_type=\"video.default\">\n\t\t\t\t<div class=\"elementor-widget-container\">\n\t\t\t\t\t\t\t<div class=\"elementor-wrapper elementor-open-inline\">\n\t\t\t<div class=\"elementor-video\"><\/div>\t\t<\/div>\n\t\t\t\t\t\t<\/div>\n\t\t\t\t<\/div>\n\t\t\t\t\t<\/div>\n\t\t<\/div>\n\t\t\t\t<div class=\"elementor-column elementor-col-50 elementor-top-column elementor-element elementor-element-ed9fd69\" data-id=\"ed9fd69\" data-element_type=\"column\" data-e-type=\"column\">\n\t\t\t<div class=\"elementor-widget-wrap elementor-element-populated\">\n\t\t\t\t\t\t<div class=\"elementor-element elementor-element-cd43aca elementor-widget elementor-widget-text-editor\" data-id=\"cd43aca\" data-element_type=\"widget\" data-e-type=\"widget\" data-widget_type=\"text-editor.default\">\n\t\t\t\t<div class=\"elementor-widget-container\">\n\t\t\t\t\t\t\t\t\t<p><strong>Jer\u00f3nimo Batista Bucher <\/strong><br \/><strong>Fundador de Sorui &#8211; La Alternativa Verde <\/strong><br \/><strong>Representante argentino en la Cumbre Mundial del G20<\/strong><\/p>\t\t\t\t\t\t\t\t<\/div>\n\t\t\t\t<\/div>\n\t\t\t\t<div class=\"elementor-element elementor-element-5925835 elementor-widget elementor-widget-text-editor\" data-id=\"5925835\" data-element_type=\"widget\" data-e-type=\"widget\" data-widget_type=\"text-editor.default\">\n\t\t\t\t<div class=\"elementor-widget-container\">\n\t\t\t\t\t\t\t\t\t<p>La humanidad agiganta un problema con el que convive todos los d\u00ed\u00adas: La contaminaci\u00f3n pl\u00e1stica. <br \/><br \/>La creciente producci\u00f3n, uso y consumo irracional de estos materiales amenaza cada rinc\u00f3n del planeta, perjudicando la salud de especies, ecosistemas y poblaciones enteras. La situaci\u00f3n es dram\u00e1tica y la acci\u00f3n para frenarla debe ser inmediata. <br \/><br \/>En esta sesi\u00f3n podr\u00e1s escuchar y aprender de un joven emprendedor experto en el tema, todo lo necesario para entender y afrontar este problema. Escuchar\u00e1s sus mejores consejos, an\u00e1lisis y reflexiones sobre la Econom\u00ed\u00ada Circular del Pl\u00e1stico, y sobre el rol del emprendimiento y la innovaci\u00f3n en el futuro sostenible de nuestra sociedad.<\/p>\t\t\t\t\t\t\t\t<\/div>\n\t\t\t\t<\/div>\n\t\t\t\t\t<\/div>\n\t\t<\/div>\n\t\t\t\t\t<\/div>\n\t\t<\/section>\n\t\t\t\t<\/div>\n\t\t","protected":false},"excerpt":{"rendered":"<p>https:\/\/www.youtube.com\/embed\/N3gYJ9ZehC0 Jer\u00f3nimo Batista Bucher Fundador de Sorui &#8211; La Alternativa Verde Representante argentino en la Cumbre Mundial del G20 La humanidad agiganta un problema con el que convive todos los d\u00ed\u00adas: La contaminaci\u00f3n pl\u00e1stica. La creciente producci\u00f3n, uso y consumo irracional de estos materiales amenaza cada rinc\u00f3n del planeta, perjudicando la salud de especies, ecosistemas [&hellip;]<\/p>\n","protected":false},"author":1,"featured_media":0,"parent":4537,"menu_order":0,"comment_status":"closed","ping_status":"closed","template":"","meta":{"footnotes":""},"class_list":["post-5302","page","type-page","status-publish","hentry"],"_links":{"self":[{"href":"https:\/\/yabt.net\/bootcamp\/wp-json\/wp\/v2\/pages\/5302","targetHints":{"allow":["GET"]}}],"collection":[{"href":"https:\/\/yabt.net\/bootcamp\/wp-json\/wp\/v2\/pages"}],"about":[{"href":"https:\/\/yabt.net\/bootcamp\/wp-json\/wp\/v2\/types\/page"}],"author":[{"embeddable":true,"href":"https:\/\/yabt.net\/bootcamp\/wp-json\/wp\/v2\/users\/1"}],"replies":[{"embeddable":true,"href":"https:\/\/yabt.net\/bootcamp\/wp-json\/wp\/v2\/comments?post=5302"}],"version-history":[{"count":3,"href":"https:\/\/yabt.net\/bootcamp\/wp-json\/wp\/v2\/pages\/5302\/revisions"}],"predecessor-version":[{"id":6844,"href":"https:\/\/yabt.net\/bootcamp\/wp-json\/wp\/v2\/pages\/5302\/revisions\/6844"}],"up":[{"embeddable":true,"href":"https:\/\/yabt.net\/bootcamp\/wp-json\/wp\/v2\/pages\/4537"}],"wp:attachment":[{"href":"https:\/\/yabt.net\/bootcamp\/wp-json\/wp\/v2\/media?parent=5302"}],"curies":[{"name":"wp","href":"https:\/\/api.w.org\/{rel}","templated":true}]}}