{"id":5318,"date":"2023-01-21T09:17:03","date_gmt":"2023-01-21T09:17:03","guid":{"rendered":"https:\/\/yabt.net\/?page_id=5318"},"modified":"2023-02-18T05:43:00","modified_gmt":"2023-02-18T05:43:00","slug":"agricultura-sostenible","status":"publish","type":"page","link":"https:\/\/yabt.net\/bootcamp\/inicio\/sesiones\/agricultura-sostenible\/","title":{"rendered":"Agricultura Sostenible"},"content":{"rendered":"\t\t<div data-elementor-type=\"wp-page\" data-elementor-id=\"5318\" class=\"elementor elementor-5318\" data-elementor-post-type=\"page\">\n\t\t\t\t\t\t<section class=\"elementor-section elementor-top-section elementor-element elementor-element-c692339 elementor-section-boxed elementor-section-height-default elementor-section-height-default\" data-id=\"c692339\" data-element_type=\"section\" data-e-type=\"section\">\n\t\t\t\t\t\t<div class=\"elementor-container elementor-column-gap-default\">\n\t\t\t\t\t<div class=\"elementor-column elementor-col-50 elementor-top-column elementor-element elementor-element-575de2b\" data-id=\"575de2b\" data-element_type=\"column\" data-e-type=\"column\">\n\t\t\t<div class=\"elementor-widget-wrap elementor-element-populated\">\n\t\t\t\t\t\t<div class=\"elementor-element elementor-element-2233947 elementor-widget elementor-widget-video\" data-id=\"2233947\" data-element_type=\"widget\" data-e-type=\"widget\" data-settings=\"{&quot;youtube_url&quot;:&quot;https:\\\/\\\/www.youtube.com\\\/embed\\\/nCP4MA3MYvI&quot;,&quot;video_type&quot;:&quot;youtube&quot;,&quot;controls&quot;:&quot;yes&quot;}\" data-widget_type=\"video.default\">\n\t\t\t\t<div class=\"elementor-widget-container\">\n\t\t\t\t\t\t\t<div class=\"elementor-wrapper elementor-open-inline\">\n\t\t\t<div class=\"elementor-video\"><\/div>\t\t<\/div>\n\t\t\t\t\t\t<\/div>\n\t\t\t\t<\/div>\n\t\t\t\t\t<\/div>\n\t\t<\/div>\n\t\t\t\t<div class=\"elementor-column elementor-col-50 elementor-top-column elementor-element elementor-element-4dea0bf\" data-id=\"4dea0bf\" data-element_type=\"column\" data-e-type=\"column\">\n\t\t\t<div class=\"elementor-widget-wrap elementor-element-populated\">\n\t\t\t\t\t\t<div class=\"elementor-element elementor-element-ec0a586 elementor-widget elementor-widget-text-editor\" data-id=\"ec0a586\" data-element_type=\"widget\" data-e-type=\"widget\" data-widget_type=\"text-editor.default\">\n\t\t\t\t<div class=\"elementor-widget-container\">\n\t\t\t\t\t\t\t\t\t<p><strong>Sebastian Devis<\/strong><br \/><strong>Jefe de Valor Compartido para Postob\u00f3n<\/strong><br \/><strong>Colombia<\/strong><\/p>\t\t\t\t\t\t\t\t<\/div>\n\t\t\t\t<\/div>\n\t\t\t\t<div class=\"elementor-element elementor-element-f5c0df0 elementor-widget elementor-widget-text-editor\" data-id=\"f5c0df0\" data-element_type=\"widget\" data-e-type=\"widget\" data-widget_type=\"text-editor.default\">\n\t\t\t\t<div class=\"elementor-widget-container\">\n\t\t\t\t\t\t\t\t\t<p>Sebastian Devis, Jefe de Valor Compartido para Postob\u00f3n, la compa\u00f1\u00eda de bebidas m\u00e1s grande en Colombia, lidera este webinar enfocado en la Agricultura Sostenible, uno de los principales retos en esta edici\u00f3n del Eco-Reto.<br \/><br \/>La agricultura sostenible es aquella que, en el largo plazo, contribuye a mejorar la calidad ambiental y los recursos b\u00e1sicos de los cuales depende la agricultura, satisface las necesidades b\u00e1sicas de fibra y alimentos humanos, es econ\u00f3micamente viable y mejora la calidad de vida del productor y la sociedad toda. <br \/><br \/>En esta sesi\u00f3n, Sebastian va a compartir su conocimiento sobre el tema , enfoc\u00e1ndose en la reutilizaci\u00f3n de los subproductos de la agricultura (c\u00e1scaras de pl\u00e1tano, papa, avena, naranja, mango, coco, etc.).<\/p>\t\t\t\t\t\t\t\t<\/div>\n\t\t\t\t<\/div>\n\t\t\t\t\t<\/div>\n\t\t<\/div>\n\t\t\t\t\t<\/div>\n\t\t<\/section>\n\t\t\t\t<\/div>\n\t\t","protected":false},"excerpt":{"rendered":"<p>https:\/\/www.youtube.com\/embed\/nCP4MA3MYvI Sebastian DevisJefe de Valor Compartido para Postob\u00f3nColombia Sebastian Devis, Jefe de Valor Compartido para Postob\u00f3n, la compa\u00f1\u00eda de bebidas m\u00e1s grande en Colombia, lidera este webinar enfocado en la Agricultura Sostenible, uno de los principales retos en esta edici\u00f3n del Eco-Reto. La agricultura sostenible es aquella que, en el largo plazo, contribuye a mejorar [&hellip;]<\/p>\n","protected":false},"author":1,"featured_media":0,"parent":4537,"menu_order":0,"comment_status":"closed","ping_status":"closed","template":"","meta":{"footnotes":""},"class_list":["post-5318","page","type-page","status-publish","hentry"],"_links":{"self":[{"href":"https:\/\/yabt.net\/bootcamp\/wp-json\/wp\/v2\/pages\/5318","targetHints":{"allow":["GET"]}}],"collection":[{"href":"https:\/\/yabt.net\/bootcamp\/wp-json\/wp\/v2\/pages"}],"about":[{"href":"https:\/\/yabt.net\/bootcamp\/wp-json\/wp\/v2\/types\/page"}],"author":[{"embeddable":true,"href":"https:\/\/yabt.net\/bootcamp\/wp-json\/wp\/v2\/users\/1"}],"replies":[{"embeddable":true,"href":"https:\/\/yabt.net\/bootcamp\/wp-json\/wp\/v2\/comments?post=5318"}],"version-history":[{"count":3,"href":"https:\/\/yabt.net\/bootcamp\/wp-json\/wp\/v2\/pages\/5318\/revisions"}],"predecessor-version":[{"id":6838,"href":"https:\/\/yabt.net\/bootcamp\/wp-json\/wp\/v2\/pages\/5318\/revisions\/6838"}],"up":[{"embeddable":true,"href":"https:\/\/yabt.net\/bootcamp\/wp-json\/wp\/v2\/pages\/4537"}],"wp:attachment":[{"href":"https:\/\/yabt.net\/bootcamp\/wp-json\/wp\/v2\/media?parent=5318"}],"curies":[{"name":"wp","href":"https:\/\/api.w.org\/{rel}","templated":true}]}}