{"id":5379,"date":"2023-01-21T20:11:09","date_gmt":"2023-01-21T20:11:09","guid":{"rendered":"https:\/\/yabt.net\/?page_id=5379"},"modified":"2023-02-18T06:09:28","modified_gmt":"2023-02-18T06:09:28","slug":"business-canvas-guia-rapido-de-uso-e-criacao","status":"publish","type":"page","link":"https:\/\/yabt.net\/bootcamp\/inicio\/sessoes\/business-canvas-guia-rapido-de-uso-e-criacao\/","title":{"rendered":"Business CANVAS &#8211; Guia r\u00e1pido de uso e cria\u00e7\u00e3o."},"content":{"rendered":"\t\t<div data-elementor-type=\"wp-page\" data-elementor-id=\"5379\" class=\"elementor elementor-5379\" data-elementor-post-type=\"page\">\n\t\t\t\t\t\t<section class=\"elementor-section elementor-top-section elementor-element elementor-element-50d3d1e elementor-section-boxed elementor-section-height-default elementor-section-height-default\" data-id=\"50d3d1e\" data-element_type=\"section\" data-e-type=\"section\">\n\t\t\t\t\t\t<div class=\"elementor-container elementor-column-gap-default\">\n\t\t\t\t\t<div class=\"elementor-column elementor-col-50 elementor-top-column elementor-element elementor-element-bf62b49\" data-id=\"bf62b49\" data-element_type=\"column\" data-e-type=\"column\">\n\t\t\t<div class=\"elementor-widget-wrap elementor-element-populated\">\n\t\t\t\t\t\t<div class=\"elementor-element elementor-element-d023d14 elementor-widget elementor-widget-video\" data-id=\"d023d14\" data-element_type=\"widget\" data-e-type=\"widget\" data-settings=\"{&quot;youtube_url&quot;:&quot;https:\\\/\\\/www.youtube.com\\\/embed\\\/UB7zH5hEo-A&quot;,&quot;video_type&quot;:&quot;youtube&quot;,&quot;controls&quot;:&quot;yes&quot;}\" data-widget_type=\"video.default\">\n\t\t\t\t<div class=\"elementor-widget-container\">\n\t\t\t\t\t\t\t<div class=\"elementor-wrapper elementor-open-inline\">\n\t\t\t<div class=\"elementor-video\"><\/div>\t\t<\/div>\n\t\t\t\t\t\t<\/div>\n\t\t\t\t<\/div>\n\t\t\t\t\t<\/div>\n\t\t<\/div>\n\t\t\t\t<div class=\"elementor-column elementor-col-50 elementor-top-column elementor-element elementor-element-c4804e9\" data-id=\"c4804e9\" data-element_type=\"column\" data-e-type=\"column\">\n\t\t\t<div class=\"elementor-widget-wrap elementor-element-populated\">\n\t\t\t\t\t\t<div class=\"elementor-element elementor-element-d148fe9 elementor-widget elementor-widget-text-editor\" data-id=\"d148fe9\" data-element_type=\"widget\" data-e-type=\"widget\" data-widget_type=\"text-editor.default\">\n\t\t\t\t<div class=\"elementor-widget-container\">\n\t\t\t\t\t\t\t\t\t<p><strong>Cleberson Vieira <\/strong><br \/><strong>Mentor Internacional<\/strong><br \/><strong>Brasil<\/strong><\/p>\t\t\t\t\t\t\t\t<\/div>\n\t\t\t\t<\/div>\n\t\t\t\t<div class=\"elementor-element elementor-element-51573e1 elementor-widget elementor-widget-text-editor\" data-id=\"51573e1\" data-element_type=\"widget\" data-e-type=\"widget\" data-widget_type=\"text-editor.default\">\n\t\t\t\t<div class=\"elementor-widget-container\">\n\t\t\t\t\t\t\t\t\t<p>O Modelo de Negocia\u00e7\u00f5es CANVAS \u00e9 uma das ferramentas mais simples e eficazes para criar e avaliar uma proposta de neg\u00f3cio, al\u00e9m de ser utilizado internacionalmente por milh\u00f5es de empreendedores e especialistas. Voc\u00ea sabe como cri\u00e1-lo? \u00a0Nesta sess\u00e3o, voc\u00ea poder\u00e1 aprender o passo a passo de sua cria\u00e7\u00e3o, aprimoramento e saber\u00e1 como aproveitar ao m\u00e1ximo seus benef\u00edcios. \u00a0N\u00e3o perca essa oportunidade.<\/p>\t\t\t\t\t\t\t\t<\/div>\n\t\t\t\t<\/div>\n\t\t\t\t\t<\/div>\n\t\t<\/div>\n\t\t\t\t\t<\/div>\n\t\t<\/section>\n\t\t\t\t<\/div>\n\t\t","protected":false},"excerpt":{"rendered":"<p>https:\/\/www.youtube.com\/embed\/UB7zH5hEo-A Cleberson Vieira Mentor InternacionalBrasil O Modelo de Negocia\u00e7\u00f5es CANVAS \u00e9 uma das ferramentas mais simples e eficazes para criar e avaliar uma proposta de neg\u00f3cio, al\u00e9m de ser utilizado internacionalmente por milh\u00f5es de empreendedores e especialistas. Voc\u00ea sabe como cri\u00e1-lo? \u00a0Nesta sess\u00e3o, voc\u00ea poder\u00e1 aprender o passo a passo de sua cria\u00e7\u00e3o, aprimoramento e [&hellip;]<\/p>\n","protected":false},"author":1,"featured_media":0,"parent":4600,"menu_order":0,"comment_status":"closed","ping_status":"closed","template":"","meta":{"footnotes":""},"class_list":["post-5379","page","type-page","status-publish","hentry"],"_links":{"self":[{"href":"https:\/\/yabt.net\/bootcamp\/wp-json\/wp\/v2\/pages\/5379","targetHints":{"allow":["GET"]}}],"collection":[{"href":"https:\/\/yabt.net\/bootcamp\/wp-json\/wp\/v2\/pages"}],"about":[{"href":"https:\/\/yabt.net\/bootcamp\/wp-json\/wp\/v2\/types\/page"}],"author":[{"embeddable":true,"href":"https:\/\/yabt.net\/bootcamp\/wp-json\/wp\/v2\/users\/1"}],"replies":[{"embeddable":true,"href":"https:\/\/yabt.net\/bootcamp\/wp-json\/wp\/v2\/comments?post=5379"}],"version-history":[{"count":3,"href":"https:\/\/yabt.net\/bootcamp\/wp-json\/wp\/v2\/pages\/5379\/revisions"}],"predecessor-version":[{"id":7129,"href":"https:\/\/yabt.net\/bootcamp\/wp-json\/wp\/v2\/pages\/5379\/revisions\/7129"}],"up":[{"embeddable":true,"href":"https:\/\/yabt.net\/bootcamp\/wp-json\/wp\/v2\/pages\/4600"}],"wp:attachment":[{"href":"https:\/\/yabt.net\/bootcamp\/wp-json\/wp\/v2\/media?parent=5379"}],"curies":[{"name":"wp","href":"https:\/\/api.w.org\/{rel}","templated":true}]}}