{"id":5439,"date":"2023-01-21T20:55:35","date_gmt":"2023-01-21T20:55:35","guid":{"rendered":"https:\/\/yabt.net\/?page_id=5439"},"modified":"2023-02-18T06:08:44","modified_gmt":"2023-02-18T06:08:44","slug":"a-chave-do-sucesso-uma-proposta-de-valor-inovadora","status":"publish","type":"page","link":"https:\/\/yabt.net\/bootcamp\/inicio\/sessoes\/a-chave-do-sucesso-uma-proposta-de-valor-inovadora\/","title":{"rendered":"A chave do sucesso: Uma proposta de valor inovadora"},"content":{"rendered":"\t\t<div data-elementor-type=\"wp-page\" data-elementor-id=\"5439\" class=\"elementor elementor-5439\" data-elementor-post-type=\"page\">\n\t\t\t\t\t\t<section class=\"elementor-section elementor-top-section elementor-element elementor-element-cc78bcf elementor-section-boxed elementor-section-height-default elementor-section-height-default\" data-id=\"cc78bcf\" data-element_type=\"section\" data-e-type=\"section\">\n\t\t\t\t\t\t<div class=\"elementor-container elementor-column-gap-default\">\n\t\t\t\t\t<div class=\"elementor-column elementor-col-50 elementor-top-column elementor-element elementor-element-55b5d98\" data-id=\"55b5d98\" data-element_type=\"column\" data-e-type=\"column\">\n\t\t\t<div class=\"elementor-widget-wrap elementor-element-populated\">\n\t\t\t\t\t\t<div class=\"elementor-element elementor-element-bdfa7fd elementor-widget elementor-widget-video\" data-id=\"bdfa7fd\" data-element_type=\"widget\" data-e-type=\"widget\" data-settings=\"{&quot;youtube_url&quot;:&quot;https:\\\/\\\/www.youtube.com\\\/embed\\\/moG8VNAVtIQ&quot;,&quot;video_type&quot;:&quot;youtube&quot;,&quot;controls&quot;:&quot;yes&quot;}\" data-widget_type=\"video.default\">\n\t\t\t\t<div class=\"elementor-widget-container\">\n\t\t\t\t\t\t\t<div class=\"elementor-wrapper elementor-open-inline\">\n\t\t\t<div class=\"elementor-video\"><\/div>\t\t<\/div>\n\t\t\t\t\t\t<\/div>\n\t\t\t\t<\/div>\n\t\t\t\t\t<\/div>\n\t\t<\/div>\n\t\t\t\t<div class=\"elementor-column elementor-col-50 elementor-top-column elementor-element elementor-element-5ae68d6\" data-id=\"5ae68d6\" data-element_type=\"column\" data-e-type=\"column\">\n\t\t\t<div class=\"elementor-widget-wrap elementor-element-populated\">\n\t\t\t\t\t\t<div class=\"elementor-element elementor-element-f54ceab elementor-widget elementor-widget-text-editor\" data-id=\"f54ceab\" data-element_type=\"widget\" data-e-type=\"widget\" data-widget_type=\"text-editor.default\">\n\t\t\t\t<div class=\"elementor-widget-container\">\n\t\t\t\t\t\t\t\t\t<p><strong>Gerson Luis da Silva<\/strong><br \/><strong>Gerente Executivo de Rela\u00e7\u00f5es Institucionais <\/strong><br \/><strong>Unimed Porto Alegre<\/strong><\/p>\t\t\t\t\t\t\t\t<\/div>\n\t\t\t\t<\/div>\n\t\t\t\t<div class=\"elementor-element elementor-element-1ca47f6 elementor-widget elementor-widget-text-editor\" data-id=\"1ca47f6\" data-element_type=\"widget\" data-e-type=\"widget\" data-widget_type=\"text-editor.default\">\n\t\t\t\t<div class=\"elementor-widget-container\">\n\t\t\t\t\t\t\t\t\t<p>Voc\u00e9 j\u00e1 se perguntou, alguma vez, o que faz uma empresa crescer e se expandir rapidamente? A resposta \u00e9 simples: inova\u00e7\u00e3o.<br \/><br \/>A inova\u00e7\u00e3o \u00e9 o eixo sobre o qual todos os empreendimentos devem ser criados e desenvolvidos.<br \/><br \/>Neste webinar, voc\u00e9 aprender\u00e1 como adicionar inova\u00e7\u00e3o a proposta de valor do seu neg\u00f3cio, aprender\u00e1 como us\u00e1-la, explor\u00e1-la e at\u00e9 mesmo identific\u00e1-la se n\u00e3o estiver totalmente claro sobre isso. Participe deste webinar e conhe\u00e7a mais sobre como apresentar melhor a sua proposta de valor.<\/p>\t\t\t\t\t\t\t\t<\/div>\n\t\t\t\t<\/div>\n\t\t\t\t\t<\/div>\n\t\t<\/div>\n\t\t\t\t\t<\/div>\n\t\t<\/section>\n\t\t\t\t<\/div>\n\t\t","protected":false},"excerpt":{"rendered":"<p>https:\/\/www.youtube.com\/embed\/moG8VNAVtIQ Gerson Luis da SilvaGerente Executivo de Rela\u00e7\u00f5es Institucionais Unimed Porto Alegre Voc\u00e9 j\u00e1 se perguntou, alguma vez, o que faz uma empresa crescer e se expandir rapidamente? A resposta \u00e9 simples: inova\u00e7\u00e3o. A inova\u00e7\u00e3o \u00e9 o eixo sobre o qual todos os empreendimentos devem ser criados e desenvolvidos. Neste webinar, voc\u00e9 aprender\u00e1 como adicionar [&hellip;]<\/p>\n","protected":false},"author":1,"featured_media":0,"parent":4600,"menu_order":0,"comment_status":"closed","ping_status":"closed","template":"","meta":{"footnotes":""},"class_list":["post-5439","page","type-page","status-publish","hentry"],"_links":{"self":[{"href":"https:\/\/yabt.net\/bootcamp\/wp-json\/wp\/v2\/pages\/5439","targetHints":{"allow":["GET"]}}],"collection":[{"href":"https:\/\/yabt.net\/bootcamp\/wp-json\/wp\/v2\/pages"}],"about":[{"href":"https:\/\/yabt.net\/bootcamp\/wp-json\/wp\/v2\/types\/page"}],"author":[{"embeddable":true,"href":"https:\/\/yabt.net\/bootcamp\/wp-json\/wp\/v2\/users\/1"}],"replies":[{"embeddable":true,"href":"https:\/\/yabt.net\/bootcamp\/wp-json\/wp\/v2\/comments?post=5439"}],"version-history":[{"count":3,"href":"https:\/\/yabt.net\/bootcamp\/wp-json\/wp\/v2\/pages\/5439\/revisions"}],"predecessor-version":[{"id":7108,"href":"https:\/\/yabt.net\/bootcamp\/wp-json\/wp\/v2\/pages\/5439\/revisions\/7108"}],"up":[{"embeddable":true,"href":"https:\/\/yabt.net\/bootcamp\/wp-json\/wp\/v2\/pages\/4600"}],"wp:attachment":[{"href":"https:\/\/yabt.net\/bootcamp\/wp-json\/wp\/v2\/media?parent=5439"}],"curies":[{"name":"wp","href":"https:\/\/api.w.org\/{rel}","templated":true}]}}