{"id":5867,"date":"2023-01-22T07:18:47","date_gmt":"2023-01-22T07:18:47","guid":{"rendered":"https:\/\/yabt.net\/?page_id=5867"},"modified":"2023-02-18T06:40:28","modified_gmt":"2023-02-18T06:40:28","slug":"transformation-numerique-comment-mener-ton-projet-entrepreneurial-sur-le-web","status":"publish","type":"page","link":"https:\/\/yabt.net\/bootcamp\/inicio\/session\/transformation-numerique-comment-mener-ton-projet-entrepreneurial-sur-le-web\/","title":{"rendered":"Transformation num\u00e9rique &#8211; comment mener ton projet entrepreneurial sur le Web"},"content":{"rendered":"\t\t<div data-elementor-type=\"wp-page\" data-elementor-id=\"5867\" class=\"elementor elementor-5867\" data-elementor-post-type=\"page\">\n\t\t\t\t\t\t<section class=\"elementor-section elementor-top-section elementor-element elementor-element-a0ce30f elementor-section-boxed elementor-section-height-default elementor-section-height-default\" data-id=\"a0ce30f\" data-element_type=\"section\" data-e-type=\"section\">\n\t\t\t\t\t\t<div class=\"elementor-container elementor-column-gap-default\">\n\t\t\t\t\t<div class=\"elementor-column elementor-col-50 elementor-top-column elementor-element elementor-element-87e92ec\" data-id=\"87e92ec\" data-element_type=\"column\" data-e-type=\"column\">\n\t\t\t<div class=\"elementor-widget-wrap elementor-element-populated\">\n\t\t\t\t\t\t<div class=\"elementor-element elementor-element-4625710 elementor-widget elementor-widget-video\" data-id=\"4625710\" data-element_type=\"widget\" data-e-type=\"widget\" data-settings=\"{&quot;youtube_url&quot;:&quot;https:\\\/\\\/www.youtube.com\\\/embed\\\/-liemefH3dg&quot;,&quot;video_type&quot;:&quot;youtube&quot;,&quot;controls&quot;:&quot;yes&quot;}\" data-widget_type=\"video.default\">\n\t\t\t\t<div class=\"elementor-widget-container\">\n\t\t\t\t\t\t\t<div class=\"elementor-wrapper elementor-open-inline\">\n\t\t\t<div class=\"elementor-video\"><\/div>\t\t<\/div>\n\t\t\t\t\t\t<\/div>\n\t\t\t\t<\/div>\n\t\t\t\t\t<\/div>\n\t\t<\/div>\n\t\t\t\t<div class=\"elementor-column elementor-col-50 elementor-top-column elementor-element elementor-element-3847584\" data-id=\"3847584\" data-element_type=\"column\" data-e-type=\"column\">\n\t\t\t<div class=\"elementor-widget-wrap elementor-element-populated\">\n\t\t\t\t\t\t<div class=\"elementor-element elementor-element-d035d12 elementor-widget elementor-widget-text-editor\" data-id=\"d035d12\" data-element_type=\"widget\" data-e-type=\"widget\" data-widget_type=\"text-editor.default\">\n\t\t\t\t<div class=\"elementor-widget-container\">\n\t\t\t\t\t\t\t\t\t<p>\u00c0 l&#8217;\u00e8re num\u00e9rique, Internet compte des milliers d&#8217;utilisateurs dans le monde. La pr\u00e9sence sur le web devient donc un outil essentiel pour votre entreprise. La pr\u00e9sence num\u00e9rique vous permettra de toucher un plus grand nombre de personnes, de donner une identit\u00e9 \u00e0 votre projet entrepreneurial et de vous aider \u00e0 vous faire conna\u00eetre \u00e0 l&#8217;\u00e9chelle mondiale.<br \/><br \/><br \/>Dans ce webinaire, vous apprendrez comment transformer votre entreprise et l&#8217;adapter \u00e0 un environnement num\u00e9rique. Vous d\u00e9couvrirez les outils disponibles et obtiendrez des conseils sur la fa\u00e7on d&#8217;avoir une pr\u00e9sence sur le Web.<\/p>\t\t\t\t\t\t\t\t<\/div>\n\t\t\t\t<\/div>\n\t\t\t\t\t<\/div>\n\t\t<\/div>\n\t\t\t\t\t<\/div>\n\t\t<\/section>\n\t\t\t\t<\/div>\n\t\t","protected":false},"excerpt":{"rendered":"<p>https:\/\/www.youtube.com\/embed\/-liemefH3dg \u00c0 l&#8217;\u00e8re num\u00e9rique, Internet compte des milliers d&#8217;utilisateurs dans le monde. La pr\u00e9sence sur le web devient donc un outil essentiel pour votre entreprise. La pr\u00e9sence num\u00e9rique vous permettra de toucher un plus grand nombre de personnes, de donner une identit\u00e9 \u00e0 votre projet entrepreneurial et de vous aider \u00e0 vous faire conna\u00eetre \u00e0 [&hellip;]<\/p>\n","protected":false},"author":1,"featured_media":0,"parent":5590,"menu_order":0,"comment_status":"closed","ping_status":"closed","template":"","meta":{"footnotes":""},"class_list":["post-5867","page","type-page","status-publish","hentry"],"_links":{"self":[{"href":"https:\/\/yabt.net\/bootcamp\/wp-json\/wp\/v2\/pages\/5867","targetHints":{"allow":["GET"]}}],"collection":[{"href":"https:\/\/yabt.net\/bootcamp\/wp-json\/wp\/v2\/pages"}],"about":[{"href":"https:\/\/yabt.net\/bootcamp\/wp-json\/wp\/v2\/types\/page"}],"author":[{"embeddable":true,"href":"https:\/\/yabt.net\/bootcamp\/wp-json\/wp\/v2\/users\/1"}],"replies":[{"embeddable":true,"href":"https:\/\/yabt.net\/bootcamp\/wp-json\/wp\/v2\/comments?post=5867"}],"version-history":[{"count":3,"href":"https:\/\/yabt.net\/bootcamp\/wp-json\/wp\/v2\/pages\/5867\/revisions"}],"predecessor-version":[{"id":7225,"href":"https:\/\/yabt.net\/bootcamp\/wp-json\/wp\/v2\/pages\/5867\/revisions\/7225"}],"up":[{"embeddable":true,"href":"https:\/\/yabt.net\/bootcamp\/wp-json\/wp\/v2\/pages\/5590"}],"wp:attachment":[{"href":"https:\/\/yabt.net\/bootcamp\/wp-json\/wp\/v2\/media?parent=5867"}],"curies":[{"name":"wp","href":"https:\/\/api.w.org\/{rel}","templated":true}]}}