{"id":7944,"date":"2024-01-19T03:05:01","date_gmt":"2024-01-19T03:05:01","guid":{"rendered":"https:\/\/yabt.net\/bootcamp\/?page_id=7944"},"modified":"2024-01-19T04:09:49","modified_gmt":"2024-01-19T04:09:49","slug":"emprendimiento-como-herramienta-de-integracion-socioeconomica-de-la-poblacion-migrante","status":"publish","type":"page","link":"https:\/\/yabt.net\/bootcamp\/inicio\/sesiones\/emprendimiento-como-herramienta-de-integracion-socioeconomica-de-la-poblacion-migrante\/","title":{"rendered":"Emprendimiento como herramienta de integraci\u00f3n socioecon\u00f3mica de la poblaci\u00f3n migrante"},"content":{"rendered":"\t\t<div data-elementor-type=\"wp-page\" data-elementor-id=\"7944\" class=\"elementor elementor-7944\" data-elementor-post-type=\"page\">\n\t\t\t\t\t\t<section class=\"elementor-section elementor-top-section elementor-element elementor-element-c7fec30 elementor-section-boxed elementor-section-height-default elementor-section-height-default\" data-id=\"c7fec30\" data-element_type=\"section\" data-e-type=\"section\">\n\t\t\t\t\t\t<div class=\"elementor-container elementor-column-gap-default\">\n\t\t\t\t\t<div class=\"elementor-column elementor-col-100 elementor-top-column elementor-element elementor-element-f65536c\" data-id=\"f65536c\" data-element_type=\"column\" data-e-type=\"column\">\n\t\t\t<div class=\"elementor-widget-wrap elementor-element-populated\">\n\t\t\t\t\t\t<section class=\"elementor-section elementor-inner-section elementor-element elementor-element-a53830c elementor-section-boxed elementor-section-height-default elementor-section-height-default\" data-id=\"a53830c\" data-element_type=\"section\" data-e-type=\"section\">\n\t\t\t\t\t\t<div class=\"elementor-container elementor-column-gap-default\">\n\t\t\t\t\t<div class=\"elementor-column elementor-col-50 elementor-inner-column elementor-element elementor-element-8a5eae3\" data-id=\"8a5eae3\" data-element_type=\"column\" data-e-type=\"column\">\n\t\t\t<div class=\"elementor-widget-wrap elementor-element-populated\">\n\t\t\t\t\t\t<div class=\"elementor-element elementor-element-314a621 elementor-widget elementor-widget-video\" data-id=\"314a621\" data-element_type=\"widget\" data-e-type=\"widget\" data-settings=\"{&quot;youtube_url&quot;:&quot;https:\\\/\\\/youtu.be\\\/TQY7xlg1CYs&quot;,&quot;show_image_overlay&quot;:&quot;yes&quot;,&quot;image_overlay&quot;:{&quot;url&quot;:&quot;https:\\\/\\\/yabt.net\\\/bootcamp\\\/wp-content\\\/uploads\\\/sites\\\/4\\\/2024\\\/01\\\/Carlos-Carrasco-Portal-BootCamp.png&quot;,&quot;id&quot;:7954,&quot;size&quot;:&quot;&quot;,&quot;alt&quot;:&quot;&quot;,&quot;source&quot;:&quot;library&quot;},&quot;video_type&quot;:&quot;youtube&quot;,&quot;controls&quot;:&quot;yes&quot;}\" data-widget_type=\"video.default\">\n\t\t\t\t<div class=\"elementor-widget-container\">\n\t\t\t\t\t\t\t<div class=\"elementor-wrapper elementor-open-inline\">\n\t\t\t<div class=\"elementor-video\"><\/div>\t\t\t\t<div class=\"elementor-custom-embed-image-overlay\" style=\"background-image: url(https:\/\/yabt.net\/bootcamp\/wp-content\/uploads\/sites\/4\/2024\/01\/Carlos-Carrasco-Portal-BootCamp.png);\">\n\t\t\t\t\t\t\t\t\t\t\t\t\t\t\t\t<div class=\"elementor-custom-embed-play\" role=\"button\" aria-label=\"Play Video\" tabindex=\"0\">\n\t\t\t\t\t\t\t<i aria-hidden=\"true\" class=\"eicon-play\"><\/i>\t\t\t\t\t\t<\/div>\n\t\t\t\t\t\t\t\t\t<\/div>\n\t\t\t\t\t<\/div>\n\t\t\t\t\t\t<\/div>\n\t\t\t\t<\/div>\n\t\t\t\t\t<\/div>\n\t\t<\/div>\n\t\t\t\t<div class=\"elementor-column elementor-col-50 elementor-inner-column elementor-element elementor-element-eeea5b2\" data-id=\"eeea5b2\" data-element_type=\"column\" data-e-type=\"column\">\n\t\t\t<div class=\"elementor-widget-wrap elementor-element-populated\">\n\t\t\t\t\t\t<div class=\"elementor-element elementor-element-c80aef4 elementor-widget elementor-widget-text-editor\" data-id=\"c80aef4\" data-element_type=\"widget\" data-e-type=\"widget\" data-widget_type=\"text-editor.default\">\n\t\t\t\t<div class=\"elementor-widget-container\">\n\t\t\t\t\t\t\t\t\t<p>Durante la sesi\u00f3n se dio a conocer los beneficios y aportes que genera el emprendimiento a favor de la integraci\u00f3n socioecon\u00f3mica de la poblaci\u00f3n migrante, creando oportunidades para impulsar su desarrollo, bienestar y el crecimiento sostenible en sus comunidades de acogida.<\/p><p>Conoce m\u00e1s sobre el Reto de Innovaci\u00f3n \u201cJuventud en Movimiento\u201d, ingresando en www.ticamericas.net\/migracion<\/p><p>Orador:<br \/>Carlos Carrasco<br \/>Coordinador de Incidencia<br \/>Plan Pa\u00eds<\/p>\t\t\t\t\t\t\t\t<\/div>\n\t\t\t\t<\/div>\n\t\t\t\t\t<\/div>\n\t\t<\/div>\n\t\t\t\t\t<\/div>\n\t\t<\/section>\n\t\t\t\t\t<\/div>\n\t\t<\/div>\n\t\t\t\t\t<\/div>\n\t\t<\/section>\n\t\t\t\t<\/div>\n\t\t","protected":false},"excerpt":{"rendered":"<p>https:\/\/youtu.be\/TQY7xlg1CYs Durante la sesi\u00f3n se dio a conocer los beneficios y aportes que genera el emprendimiento a favor de la integraci\u00f3n socioecon\u00f3mica de la poblaci\u00f3n migrante, creando oportunidades para impulsar su desarrollo, bienestar y el crecimiento sostenible en sus comunidades de acogida. Conoce m\u00e1s sobre el Reto de Innovaci\u00f3n \u201cJuventud en Movimiento\u201d, ingresando en www.ticamericas.net\/migracion [&hellip;]<\/p>\n","protected":false},"author":1,"featured_media":0,"parent":4537,"menu_order":0,"comment_status":"closed","ping_status":"closed","template":"","meta":{"footnotes":""},"class_list":["post-7944","page","type-page","status-publish","hentry"],"_links":{"self":[{"href":"https:\/\/yabt.net\/bootcamp\/wp-json\/wp\/v2\/pages\/7944","targetHints":{"allow":["GET"]}}],"collection":[{"href":"https:\/\/yabt.net\/bootcamp\/wp-json\/wp\/v2\/pages"}],"about":[{"href":"https:\/\/yabt.net\/bootcamp\/wp-json\/wp\/v2\/types\/page"}],"author":[{"embeddable":true,"href":"https:\/\/yabt.net\/bootcamp\/wp-json\/wp\/v2\/users\/1"}],"replies":[{"embeddable":true,"href":"https:\/\/yabt.net\/bootcamp\/wp-json\/wp\/v2\/comments?post=7944"}],"version-history":[{"count":14,"href":"https:\/\/yabt.net\/bootcamp\/wp-json\/wp\/v2\/pages\/7944\/revisions"}],"predecessor-version":[{"id":7976,"href":"https:\/\/yabt.net\/bootcamp\/wp-json\/wp\/v2\/pages\/7944\/revisions\/7976"}],"up":[{"embeddable":true,"href":"https:\/\/yabt.net\/bootcamp\/wp-json\/wp\/v2\/pages\/4537"}],"wp:attachment":[{"href":"https:\/\/yabt.net\/bootcamp\/wp-json\/wp\/v2\/media?parent=7944"}],"curies":[{"name":"wp","href":"https:\/\/api.w.org\/{rel}","templated":true}]}}