{"id":8054,"date":"2024-02-07T04:39:30","date_gmt":"2024-02-07T04:39:30","guid":{"rendered":"https:\/\/yabt.net\/bootcamp\/?page_id=8054"},"modified":"2024-02-07T18:17:43","modified_gmt":"2024-02-07T18:17:43","slug":"negociacion-y-comunicacion-su-importancia-en-el-exito-de-tu-negocio","status":"publish","type":"page","link":"https:\/\/yabt.net\/bootcamp\/inicio\/sesiones\/negociacion-y-comunicacion-su-importancia-en-el-exito-de-tu-negocio\/","title":{"rendered":"Negociaci\u00f3n y Comunicaci\u00f3n: su importancia en el \u00e9xito de tu negocio"},"content":{"rendered":"\t\t<div data-elementor-type=\"wp-page\" data-elementor-id=\"8054\" class=\"elementor elementor-8054\" data-elementor-post-type=\"page\">\n\t\t\t\t\t\t<section class=\"elementor-section elementor-top-section elementor-element elementor-element-eab691f elementor-section-boxed elementor-section-height-default elementor-section-height-default\" data-id=\"eab691f\" data-element_type=\"section\" data-e-type=\"section\">\n\t\t\t\t\t\t<div class=\"elementor-container elementor-column-gap-default\">\n\t\t\t\t\t<div class=\"elementor-column elementor-col-100 elementor-top-column elementor-element elementor-element-0a64659\" data-id=\"0a64659\" data-element_type=\"column\" data-e-type=\"column\">\n\t\t\t<div class=\"elementor-widget-wrap elementor-element-populated\">\n\t\t\t\t\t\t<section class=\"elementor-section elementor-inner-section elementor-element elementor-element-b9be20e elementor-section-boxed elementor-section-height-default elementor-section-height-default\" data-id=\"b9be20e\" data-element_type=\"section\" data-e-type=\"section\">\n\t\t\t\t\t\t<div class=\"elementor-container elementor-column-gap-default\">\n\t\t\t\t\t<div class=\"elementor-column elementor-col-50 elementor-inner-column elementor-element elementor-element-390f368\" data-id=\"390f368\" data-element_type=\"column\" data-e-type=\"column\">\n\t\t\t<div class=\"elementor-widget-wrap elementor-element-populated\">\n\t\t\t\t\t\t<div class=\"elementor-element elementor-element-74984be elementor-widget elementor-widget-video\" data-id=\"74984be\" data-element_type=\"widget\" data-e-type=\"widget\" data-settings=\"{&quot;youtube_url&quot;:&quot;https:\\\/\\\/youtu.be\\\/EHZHA0dzrxw&quot;,&quot;show_image_overlay&quot;:&quot;yes&quot;,&quot;image_overlay&quot;:{&quot;url&quot;:&quot;https:\\\/\\\/yabt.net\\\/bootcamp\\\/wp-content\\\/uploads\\\/sites\\\/4\\\/2024\\\/02\\\/Adriana-thumbnails.png&quot;,&quot;id&quot;:8059,&quot;size&quot;:&quot;&quot;,&quot;alt&quot;:&quot;&quot;,&quot;source&quot;:&quot;library&quot;},&quot;video_type&quot;:&quot;youtube&quot;,&quot;controls&quot;:&quot;yes&quot;}\" data-widget_type=\"video.default\">\n\t\t\t\t<div class=\"elementor-widget-container\">\n\t\t\t\t\t\t\t<div class=\"elementor-wrapper elementor-open-inline\">\n\t\t\t<div class=\"elementor-video\"><\/div>\t\t\t\t<div class=\"elementor-custom-embed-image-overlay\" style=\"background-image: url(https:\/\/yabt.net\/bootcamp\/wp-content\/uploads\/sites\/4\/2024\/02\/Adriana-thumbnails.png);\">\n\t\t\t\t\t\t\t\t\t\t\t\t\t\t\t\t<div class=\"elementor-custom-embed-play\" role=\"button\" aria-label=\"Play Video\" tabindex=\"0\">\n\t\t\t\t\t\t\t<i aria-hidden=\"true\" class=\"eicon-play\"><\/i>\t\t\t\t\t\t<\/div>\n\t\t\t\t\t\t\t\t\t<\/div>\n\t\t\t\t\t<\/div>\n\t\t\t\t\t\t<\/div>\n\t\t\t\t<\/div>\n\t\t\t\t\t<\/div>\n\t\t<\/div>\n\t\t\t\t<div class=\"elementor-column elementor-col-50 elementor-inner-column elementor-element elementor-element-76f33f9\" data-id=\"76f33f9\" data-element_type=\"column\" data-e-type=\"column\">\n\t\t\t<div class=\"elementor-widget-wrap elementor-element-populated\">\n\t\t\t\t\t\t<div class=\"elementor-element elementor-element-8f8175d elementor-widget elementor-widget-text-editor\" data-id=\"8f8175d\" data-element_type=\"widget\" data-e-type=\"widget\" data-widget_type=\"text-editor.default\">\n\t\t\t\t<div class=\"elementor-widget-container\">\n\t\t\t\t\t\t\t\t\t<p>Durante la sesi\u00f3n aprenderemos a desarrollar las habilidades blandas como personas emprendedoras, enfoc\u00e1ndonos en aspectos y herramientas sobre la comunicaci\u00f3n y negociaci\u00f3n, como estrategia para el crecimiento en el mundo de los negocios y profesional. Esto incluye la comunicaci\u00f3n efectiva, estrategias de negociaci\u00f3n, adem\u00e1s de las t\u00e9cnicas para la resoluci\u00f3n de problemas aplicados en distintos escenarios. A su vez, ahondaremos en el lenguaje corporal.<\/p><p>Oradora:<br \/>Adriana Flores<br \/>Fundadora y Directora Ejectuiva<br \/>ProtocolToday<\/p><p>Conoce m\u00e1s sobre TIC Americas 2024, ingresando en: www.ticamericas.net<\/p>\t\t\t\t\t\t\t\t<\/div>\n\t\t\t\t<\/div>\n\t\t\t\t\t<\/div>\n\t\t<\/div>\n\t\t\t\t\t<\/div>\n\t\t<\/section>\n\t\t\t\t\t<\/div>\n\t\t<\/div>\n\t\t\t\t\t<\/div>\n\t\t<\/section>\n\t\t\t\t<\/div>\n\t\t","protected":false},"excerpt":{"rendered":"<p>https:\/\/youtu.be\/EHZHA0dzrxw Durante la sesi\u00f3n aprenderemos a desarrollar las habilidades blandas como personas emprendedoras, enfoc\u00e1ndonos en aspectos y herramientas sobre la comunicaci\u00f3n y negociaci\u00f3n, como estrategia para el crecimiento en el mundo de los negocios y profesional. Esto incluye la comunicaci\u00f3n efectiva, estrategias de negociaci\u00f3n, adem\u00e1s de las t\u00e9cnicas para la resoluci\u00f3n de problemas aplicados en [&hellip;]<\/p>\n","protected":false},"author":1,"featured_media":0,"parent":4537,"menu_order":0,"comment_status":"closed","ping_status":"closed","template":"","meta":{"footnotes":""},"class_list":["post-8054","page","type-page","status-publish","hentry"],"_links":{"self":[{"href":"https:\/\/yabt.net\/bootcamp\/wp-json\/wp\/v2\/pages\/8054","targetHints":{"allow":["GET"]}}],"collection":[{"href":"https:\/\/yabt.net\/bootcamp\/wp-json\/wp\/v2\/pages"}],"about":[{"href":"https:\/\/yabt.net\/bootcamp\/wp-json\/wp\/v2\/types\/page"}],"author":[{"embeddable":true,"href":"https:\/\/yabt.net\/bootcamp\/wp-json\/wp\/v2\/users\/1"}],"replies":[{"embeddable":true,"href":"https:\/\/yabt.net\/bootcamp\/wp-json\/wp\/v2\/comments?post=8054"}],"version-history":[{"count":10,"href":"https:\/\/yabt.net\/bootcamp\/wp-json\/wp\/v2\/pages\/8054\/revisions"}],"predecessor-version":[{"id":8066,"href":"https:\/\/yabt.net\/bootcamp\/wp-json\/wp\/v2\/pages\/8054\/revisions\/8066"}],"up":[{"embeddable":true,"href":"https:\/\/yabt.net\/bootcamp\/wp-json\/wp\/v2\/pages\/4537"}],"wp:attachment":[{"href":"https:\/\/yabt.net\/bootcamp\/wp-json\/wp\/v2\/media?parent=8054"}],"curies":[{"name":"wp","href":"https:\/\/api.w.org\/{rel}","templated":true}]}}