{"id":8211,"date":"2024-03-13T15:18:16","date_gmt":"2024-03-13T15:18:16","guid":{"rendered":"https:\/\/yabt.net\/bootcamp\/?page_id=8211"},"modified":"2024-03-13T17:42:12","modified_gmt":"2024-03-13T17:42:12","slug":"soluciones-basadas-en-la-naturaleza-y-la-agricultura","status":"publish","type":"page","link":"https:\/\/yabt.net\/bootcamp\/inicio\/sesiones\/soluciones-basadas-en-la-naturaleza-y-la-agricultura\/","title":{"rendered":"Soluciones basadas en la naturaleza y la agricultura"},"content":{"rendered":"\t\t<div data-elementor-type=\"wp-page\" data-elementor-id=\"8211\" class=\"elementor elementor-8211\" data-elementor-post-type=\"page\">\n\t\t\t\t\t\t<section class=\"elementor-section elementor-top-section elementor-element elementor-element-5f39cf4 elementor-section-boxed elementor-section-height-default elementor-section-height-default\" data-id=\"5f39cf4\" data-element_type=\"section\" data-e-type=\"section\">\n\t\t\t\t\t\t<div class=\"elementor-container elementor-column-gap-default\">\n\t\t\t\t\t<div class=\"elementor-column elementor-col-100 elementor-top-column elementor-element elementor-element-e9be9aa\" data-id=\"e9be9aa\" data-element_type=\"column\" data-e-type=\"column\">\n\t\t\t<div class=\"elementor-widget-wrap elementor-element-populated\">\n\t\t\t\t\t\t<section class=\"elementor-section elementor-inner-section elementor-element elementor-element-98ee862 elementor-section-boxed elementor-section-height-default elementor-section-height-default\" data-id=\"98ee862\" data-element_type=\"section\" data-e-type=\"section\">\n\t\t\t\t\t\t<div class=\"elementor-container elementor-column-gap-default\">\n\t\t\t\t\t<div class=\"elementor-column elementor-col-50 elementor-inner-column elementor-element elementor-element-054893f\" data-id=\"054893f\" data-element_type=\"column\" data-e-type=\"column\">\n\t\t\t<div class=\"elementor-widget-wrap elementor-element-populated\">\n\t\t\t\t\t\t<div class=\"elementor-element elementor-element-dd7e5fd elementor-widget elementor-widget-video\" data-id=\"dd7e5fd\" data-element_type=\"widget\" data-e-type=\"widget\" data-settings=\"{&quot;youtube_url&quot;:&quot;https:\\\/\\\/youtu.be\\\/VOeRFuh0ZRw&quot;,&quot;show_image_overlay&quot;:&quot;yes&quot;,&quot;image_overlay&quot;:{&quot;url&quot;:&quot;https:\\\/\\\/yabt.net\\\/bootcamp\\\/wp-content\\\/uploads\\\/sites\\\/4\\\/2024\\\/03\\\/BootCamp_thumbnails_marzo13-1.jpg&quot;,&quot;id&quot;:8220,&quot;size&quot;:&quot;&quot;,&quot;alt&quot;:&quot;&quot;,&quot;source&quot;:&quot;library&quot;},&quot;video_type&quot;:&quot;youtube&quot;,&quot;controls&quot;:&quot;yes&quot;}\" data-widget_type=\"video.default\">\n\t\t\t\t<div class=\"elementor-widget-container\">\n\t\t\t\t\t\t\t<div class=\"elementor-wrapper elementor-open-inline\">\n\t\t\t<div class=\"elementor-video\"><\/div>\t\t\t\t<div class=\"elementor-custom-embed-image-overlay\" style=\"background-image: url(https:\/\/yabt.net\/bootcamp\/wp-content\/uploads\/sites\/4\/2024\/03\/BootCamp_thumbnails_marzo13-1.jpg);\">\n\t\t\t\t\t\t\t\t\t\t\t\t\t\t\t\t<div class=\"elementor-custom-embed-play\" role=\"button\" aria-label=\"Play Video\" tabindex=\"0\">\n\t\t\t\t\t\t\t<i aria-hidden=\"true\" class=\"eicon-play\"><\/i>\t\t\t\t\t\t<\/div>\n\t\t\t\t\t\t\t\t\t<\/div>\n\t\t\t\t\t<\/div>\n\t\t\t\t\t\t<\/div>\n\t\t\t\t<\/div>\n\t\t\t\t\t<\/div>\n\t\t<\/div>\n\t\t\t\t<div class=\"elementor-column elementor-col-50 elementor-inner-column elementor-element elementor-element-7531178\" data-id=\"7531178\" data-element_type=\"column\" data-e-type=\"column\">\n\t\t\t<div class=\"elementor-widget-wrap elementor-element-populated\">\n\t\t\t\t\t\t<div class=\"elementor-element elementor-element-21868fd elementor-widget elementor-widget-text-editor\" data-id=\"21868fd\" data-element_type=\"widget\" data-e-type=\"widget\" data-widget_type=\"text-editor.default\">\n\t\t\t\t<div class=\"elementor-widget-container\">\n\t\t\t\t\t\t\t\t\t<p>\u00danete a nuestra sesi\u00f3n sobre soluciones basadas en la naturaleza para mejorar la distribuci\u00f3n, abundancia y efectividad de los polinizadores y su importancia en la agricultura y los bosques. Participa para inspirarte, intercambiar ideas y aprender a crear espacios al aire libre destinados al cultivo de hortalizas, frutales, hierbas o plantas arom\u00e1ticas que brinden m\u00e1s servicios ecosist\u00e9micos, a la vez que se agrega valor a los negocios agr\u00edcolas o se impulsan nuevos emprendimientos.<\/p><p>Ponente: Karen Montiel<br \/>Especialista T\u00e9cnico en el Instituto Interamericano de Cooperaci\u00f3n para la Agricultura (IICA)<\/p>\t\t\t\t\t\t\t\t<\/div>\n\t\t\t\t<\/div>\n\t\t\t\t\t<\/div>\n\t\t<\/div>\n\t\t\t\t\t<\/div>\n\t\t<\/section>\n\t\t\t\t\t<\/div>\n\t\t<\/div>\n\t\t\t\t\t<\/div>\n\t\t<\/section>\n\t\t\t\t<\/div>\n\t\t","protected":false},"excerpt":{"rendered":"<p>https:\/\/youtu.be\/VOeRFuh0ZRw \u00danete a nuestra sesi\u00f3n sobre soluciones basadas en la naturaleza para mejorar la distribuci\u00f3n, abundancia y efectividad de los polinizadores y su importancia en la agricultura y los bosques. Participa para inspirarte, intercambiar ideas y aprender a crear espacios al aire libre destinados al cultivo de hortalizas, frutales, hierbas o plantas arom\u00e1ticas que brinden [&hellip;]<\/p>\n","protected":false},"author":1,"featured_media":0,"parent":4537,"menu_order":0,"comment_status":"closed","ping_status":"closed","template":"","meta":{"footnotes":""},"class_list":["post-8211","page","type-page","status-publish","hentry"],"_links":{"self":[{"href":"https:\/\/yabt.net\/bootcamp\/wp-json\/wp\/v2\/pages\/8211","targetHints":{"allow":["GET"]}}],"collection":[{"href":"https:\/\/yabt.net\/bootcamp\/wp-json\/wp\/v2\/pages"}],"about":[{"href":"https:\/\/yabt.net\/bootcamp\/wp-json\/wp\/v2\/types\/page"}],"author":[{"embeddable":true,"href":"https:\/\/yabt.net\/bootcamp\/wp-json\/wp\/v2\/users\/1"}],"replies":[{"embeddable":true,"href":"https:\/\/yabt.net\/bootcamp\/wp-json\/wp\/v2\/comments?post=8211"}],"version-history":[{"count":10,"href":"https:\/\/yabt.net\/bootcamp\/wp-json\/wp\/v2\/pages\/8211\/revisions"}],"predecessor-version":[{"id":8229,"href":"https:\/\/yabt.net\/bootcamp\/wp-json\/wp\/v2\/pages\/8211\/revisions\/8229"}],"up":[{"embeddable":true,"href":"https:\/\/yabt.net\/bootcamp\/wp-json\/wp\/v2\/pages\/4537"}],"wp:attachment":[{"href":"https:\/\/yabt.net\/bootcamp\/wp-json\/wp\/v2\/media?parent=8211"}],"curies":[{"name":"wp","href":"https:\/\/api.w.org\/{rel}","templated":true}]}}