{"id":8443,"date":"2025-02-21T03:43:18","date_gmt":"2025-02-21T03:43:18","guid":{"rendered":"https:\/\/yabt.net\/bootcamp\/?page_id=8443"},"modified":"2025-02-21T06:08:07","modified_gmt":"2025-02-21T06:08:07","slug":"eleva-la-presencia-digital-de-tu-proyecto-con-inteligencia-artificial","status":"publish","type":"page","link":"https:\/\/yabt.net\/bootcamp\/inicio\/sesiones\/eleva-la-presencia-digital-de-tu-proyecto-con-inteligencia-artificial\/","title":{"rendered":"Eleva la presencia digital de tu proyecto con Inteligencia Artificial"},"content":{"rendered":"\t\t<div data-elementor-type=\"wp-page\" data-elementor-id=\"8443\" class=\"elementor elementor-8443\" data-elementor-post-type=\"page\">\n\t\t\t\t\t\t<section class=\"elementor-section elementor-top-section elementor-element elementor-element-c894c32 elementor-section-boxed elementor-section-height-default elementor-section-height-default\" data-id=\"c894c32\" data-element_type=\"section\" data-e-type=\"section\">\n\t\t\t\t\t\t<div class=\"elementor-container elementor-column-gap-default\">\n\t\t\t\t\t<div class=\"elementor-column elementor-col-50 elementor-top-column elementor-element elementor-element-6b62eba\" data-id=\"6b62eba\" data-element_type=\"column\" data-e-type=\"column\">\n\t\t\t<div class=\"elementor-widget-wrap elementor-element-populated\">\n\t\t\t\t\t\t<div class=\"elementor-element elementor-element-7b3e543 elementor-widget elementor-widget-video\" data-id=\"7b3e543\" data-element_type=\"widget\" data-e-type=\"widget\" data-settings=\"{&quot;youtube_url&quot;:&quot;https:\\\/\\\/youtu.be\\\/GCdVBcDNn6c&quot;,&quot;show_image_overlay&quot;:&quot;yes&quot;,&quot;image_overlay&quot;:{&quot;url&quot;:&quot;https:\\\/\\\/yabt.net\\\/bootcamp\\\/wp-content\\\/uploads\\\/sites\\\/4\\\/2025\\\/02\\\/BootCamp_Enero29_Banner-BootCamp-de-Claudia_2500x1406_ESP.png&quot;,&quot;id&quot;:8447,&quot;size&quot;:&quot;&quot;,&quot;alt&quot;:&quot;&quot;,&quot;source&quot;:&quot;library&quot;},&quot;video_type&quot;:&quot;youtube&quot;,&quot;controls&quot;:&quot;yes&quot;}\" data-widget_type=\"video.default\">\n\t\t\t\t<div class=\"elementor-widget-container\">\n\t\t\t\t\t\t\t<div class=\"elementor-wrapper elementor-open-inline\">\n\t\t\t<div class=\"elementor-video\"><\/div>\t\t\t\t<div class=\"elementor-custom-embed-image-overlay\" style=\"background-image: url(https:\/\/yabt.net\/bootcamp\/wp-content\/uploads\/sites\/4\/2025\/02\/BootCamp_Enero29_Banner-BootCamp-de-Claudia_2500x1406_ESP.png);\">\n\t\t\t\t\t\t\t\t\t\t\t\t\t\t\t\t<div class=\"elementor-custom-embed-play\" role=\"button\" aria-label=\"Play Video\" tabindex=\"0\">\n\t\t\t\t\t\t\t<i aria-hidden=\"true\" class=\"eicon-play\"><\/i>\t\t\t\t\t\t<\/div>\n\t\t\t\t\t\t\t\t\t<\/div>\n\t\t\t\t\t<\/div>\n\t\t\t\t\t\t<\/div>\n\t\t\t\t<\/div>\n\t\t\t\t<div class=\"elementor-element elementor-element-4d0436f elementor-widget elementor-widget-text-editor\" data-id=\"4d0436f\" data-element_type=\"widget\" data-e-type=\"widget\" data-widget_type=\"text-editor.default\">\n\t\t\t\t<div class=\"elementor-widget-container\">\n\t\t\t\t\t\t\t\t\t<p><a href=\"https:\/\/tome.app\/ceofactory\/eleva-la-presencia-digital-de-tu-proyecto-cm7avqxb90v2y2fdxfadhcocw\" target=\"_blank\" rel=\"noopener\">Descarga aqu\u00ed el archivo de la presentaci\u00f3n<\/a><\/p>\t\t\t\t\t\t\t\t<\/div>\n\t\t\t\t<\/div>\n\t\t\t\t\t<\/div>\n\t\t<\/div>\n\t\t\t\t<div class=\"elementor-column elementor-col-50 elementor-top-column elementor-element elementor-element-e06b0b2\" data-id=\"e06b0b2\" data-element_type=\"column\" data-e-type=\"column\">\n\t\t\t<div class=\"elementor-widget-wrap elementor-element-populated\">\n\t\t\t\t\t\t<div class=\"elementor-element elementor-element-399c90b elementor-widget elementor-widget-text-editor\" data-id=\"399c90b\" data-element_type=\"widget\" data-e-type=\"widget\" data-widget_type=\"text-editor.default\">\n\t\t\t\t<div class=\"elementor-widget-container\">\n\t\t\t\t\t\t\t\t\t<p>Descubre c\u00f3mo potenciar tu emprendimiento con Inteligencia Artificial de la mano de Claudia Magdaleno, empresaria digital reconocida como caso de \u00e9xito por Meta y Shopify, y parte de las 30 Promesas Forbes 2023. En esta sesi\u00f3n, exploraremos las \u00faltimas tendencias en contenido para redes sociales, herramientas clave de gesti\u00f3n para optimizar y automatizar procesos, y responderemos una pregunta esencial: \u00bfC\u00f3mo aprovechar la IA para llevar tu proyecto al siguiente nivel?<\/p>\t\t\t\t\t\t\t\t<\/div>\n\t\t\t\t<\/div>\n\t\t\t\t\t<\/div>\n\t\t<\/div>\n\t\t\t\t\t<\/div>\n\t\t<\/section>\n\t\t\t\t<\/div>\n\t\t","protected":false},"excerpt":{"rendered":"<p>https:\/\/youtu.be\/GCdVBcDNn6c Descarga aqu\u00ed el archivo de la presentaci\u00f3n Descubre c\u00f3mo potenciar tu emprendimiento con Inteligencia Artificial de la mano de Claudia Magdaleno, empresaria digital reconocida como caso de \u00e9xito por Meta y Shopify, y parte de las 30 Promesas Forbes 2023. En esta sesi\u00f3n, exploraremos las \u00faltimas tendencias en contenido para redes sociales, herramientas clave [&hellip;]<\/p>\n","protected":false},"author":1,"featured_media":0,"parent":4537,"menu_order":0,"comment_status":"closed","ping_status":"closed","template":"","meta":{"footnotes":""},"class_list":["post-8443","page","type-page","status-publish","hentry"],"_links":{"self":[{"href":"https:\/\/yabt.net\/bootcamp\/wp-json\/wp\/v2\/pages\/8443","targetHints":{"allow":["GET"]}}],"collection":[{"href":"https:\/\/yabt.net\/bootcamp\/wp-json\/wp\/v2\/pages"}],"about":[{"href":"https:\/\/yabt.net\/bootcamp\/wp-json\/wp\/v2\/types\/page"}],"author":[{"embeddable":true,"href":"https:\/\/yabt.net\/bootcamp\/wp-json\/wp\/v2\/users\/1"}],"replies":[{"embeddable":true,"href":"https:\/\/yabt.net\/bootcamp\/wp-json\/wp\/v2\/comments?post=8443"}],"version-history":[{"count":10,"href":"https:\/\/yabt.net\/bootcamp\/wp-json\/wp\/v2\/pages\/8443\/revisions"}],"predecessor-version":[{"id":8466,"href":"https:\/\/yabt.net\/bootcamp\/wp-json\/wp\/v2\/pages\/8443\/revisions\/8466"}],"up":[{"embeddable":true,"href":"https:\/\/yabt.net\/bootcamp\/wp-json\/wp\/v2\/pages\/4537"}],"wp:attachment":[{"href":"https:\/\/yabt.net\/bootcamp\/wp-json\/wp\/v2\/media?parent=8443"}],"curies":[{"name":"wp","href":"https:\/\/api.w.org\/{rel}","templated":true}]}}