{"id":8542,"date":"2025-03-27T20:02:02","date_gmt":"2025-03-27T20:02:02","guid":{"rendered":"https:\/\/yabt.net\/bootcamp\/?page_id=8542"},"modified":"2025-03-28T00:21:16","modified_gmt":"2025-03-28T00:21:16","slug":"automatizacion-de-procesos-para-startups","status":"publish","type":"page","link":"https:\/\/yabt.net\/bootcamp\/inicio\/sesiones\/automatizacion-de-procesos-para-startups\/","title":{"rendered":"Automatizaci\u00f3n de procesos para startups"},"content":{"rendered":"\t\t<div data-elementor-type=\"wp-page\" data-elementor-id=\"8542\" class=\"elementor elementor-8542\" data-elementor-post-type=\"page\">\n\t\t\t\t\t\t<section class=\"elementor-section elementor-top-section elementor-element elementor-element-fa66423 elementor-section-boxed elementor-section-height-default elementor-section-height-default\" data-id=\"fa66423\" data-element_type=\"section\" data-e-type=\"section\">\n\t\t\t\t\t\t<div class=\"elementor-container elementor-column-gap-default\">\n\t\t\t\t\t<div class=\"elementor-column elementor-col-100 elementor-top-column elementor-element elementor-element-3aa5715\" data-id=\"3aa5715\" data-element_type=\"column\" data-e-type=\"column\">\n\t\t\t<div class=\"elementor-widget-wrap elementor-element-populated\">\n\t\t\t\t\t\t<section class=\"elementor-section elementor-inner-section elementor-element elementor-element-2faec7d elementor-section-boxed elementor-section-height-default elementor-section-height-default\" data-id=\"2faec7d\" data-element_type=\"section\" data-e-type=\"section\">\n\t\t\t\t\t\t<div class=\"elementor-container elementor-column-gap-default\">\n\t\t\t\t\t<div class=\"elementor-column elementor-col-50 elementor-inner-column elementor-element elementor-element-ab3f44f\" data-id=\"ab3f44f\" data-element_type=\"column\" data-e-type=\"column\">\n\t\t\t<div class=\"elementor-widget-wrap elementor-element-populated\">\n\t\t\t\t\t\t<div class=\"elementor-element elementor-element-237a217 elementor-widget elementor-widget-video\" data-id=\"237a217\" data-element_type=\"widget\" data-e-type=\"widget\" data-settings=\"{&quot;youtube_url&quot;:&quot;https:\\\/\\\/youtu.be\\\/dyD5dsGaR5g&quot;,&quot;show_image_overlay&quot;:&quot;yes&quot;,&quot;image_overlay&quot;:{&quot;url&quot;:&quot;https:\\\/\\\/yabt.net\\\/bootcamp\\\/wp-content\\\/uploads\\\/sites\\\/4\\\/2025\\\/03\\\/BootCamp_Febrero4_Banner-BootCamp-de-Joseph_2500x1406_ESP.png&quot;,&quot;id&quot;:8544,&quot;size&quot;:&quot;&quot;,&quot;alt&quot;:&quot;&quot;,&quot;source&quot;:&quot;library&quot;},&quot;video_type&quot;:&quot;youtube&quot;,&quot;controls&quot;:&quot;yes&quot;}\" data-widget_type=\"video.default\">\n\t\t\t\t<div class=\"elementor-widget-container\">\n\t\t\t\t\t\t\t<div class=\"elementor-wrapper elementor-open-inline\">\n\t\t\t<div class=\"elementor-video\"><\/div>\t\t\t\t<div class=\"elementor-custom-embed-image-overlay\" style=\"background-image: url(https:\/\/yabt.net\/bootcamp\/wp-content\/uploads\/sites\/4\/2025\/03\/BootCamp_Febrero4_Banner-BootCamp-de-Joseph_2500x1406_ESP.png);\">\n\t\t\t\t\t\t\t\t\t\t\t\t\t\t\t\t<div class=\"elementor-custom-embed-play\" role=\"button\" aria-label=\"Play Video\" tabindex=\"0\">\n\t\t\t\t\t\t\t<i aria-hidden=\"true\" class=\"eicon-play\"><\/i>\t\t\t\t\t\t<\/div>\n\t\t\t\t\t\t\t\t\t<\/div>\n\t\t\t\t\t<\/div>\n\t\t\t\t\t\t<\/div>\n\t\t\t\t<\/div>\n\t\t\t\t\t<\/div>\n\t\t<\/div>\n\t\t\t\t<div class=\"elementor-column elementor-col-50 elementor-inner-column elementor-element elementor-element-37f004b\" data-id=\"37f004b\" data-element_type=\"column\" data-e-type=\"column\">\n\t\t\t<div class=\"elementor-widget-wrap elementor-element-populated\">\n\t\t\t\t\t\t<div class=\"elementor-element elementor-element-968c69c elementor-widget elementor-widget-text-editor\" data-id=\"968c69c\" data-element_type=\"widget\" data-e-type=\"widget\" data-widget_type=\"text-editor.default\">\n\t\t\t\t<div class=\"elementor-widget-container\">\n\t\t\t\t\t\t\t\t\t<p>En un mundo empresarial cada vez m\u00e1s competitivo, la automatizaci\u00f3n de procesos se ha convertido en una herramienta esencial para las startups que buscan escalar de manera eficiente y maximizar su impacto. \u00danete a esta sesi\u00f3n del BOOTCamp para emprendedores de las Am\u00e9ricas y aprende de la mano de Joseph Darnell, experto en marketing digital, automatizaci\u00f3n y estrategia empresarial.<\/p><p>Joseph, actual Chief Human de Automaton Agency, ha dedicado su carrera a ayudar a organizaciones a integrar estrategias de marketing y automatizaci\u00f3n alineadas con sus objetivos comerciales. Con una trayectoria que abarca desde su rol en Start-Up Chile hasta la cofundaci\u00f3n de Game CoLab, su experiencia en innovaci\u00f3n y tecnolog\u00eda lo posiciona como un referente en la optimizaci\u00f3n de procesos para el crecimiento empresarial.<\/p><p>Ya sea que est\u00e9s iniciando o buscando optimizar tu emprendimiento, esta sesi\u00f3n te brindar\u00e1 estrategias pr\u00e1cticas y aplicables para potenciar tu startup con la automatizaci\u00f3n. \u00a1No te lo pierdas!<\/p>\t\t\t\t\t\t\t\t<\/div>\n\t\t\t\t<\/div>\n\t\t\t\t\t<\/div>\n\t\t<\/div>\n\t\t\t\t\t<\/div>\n\t\t<\/section>\n\t\t\t\t\t<\/div>\n\t\t<\/div>\n\t\t\t\t\t<\/div>\n\t\t<\/section>\n\t\t\t\t<\/div>\n\t\t","protected":false},"excerpt":{"rendered":"<p>https:\/\/youtu.be\/dyD5dsGaR5g En un mundo empresarial cada vez m\u00e1s competitivo, la automatizaci\u00f3n de procesos se ha convertido en una herramienta esencial para las startups que buscan escalar de manera eficiente y maximizar su impacto. \u00danete a esta sesi\u00f3n del BOOTCamp para emprendedores de las Am\u00e9ricas y aprende de la mano de Joseph Darnell, experto en marketing [&hellip;]<\/p>\n","protected":false},"author":1,"featured_media":0,"parent":4537,"menu_order":0,"comment_status":"closed","ping_status":"closed","template":"","meta":{"footnotes":""},"class_list":["post-8542","page","type-page","status-publish","hentry"],"_links":{"self":[{"href":"https:\/\/yabt.net\/bootcamp\/wp-json\/wp\/v2\/pages\/8542","targetHints":{"allow":["GET"]}}],"collection":[{"href":"https:\/\/yabt.net\/bootcamp\/wp-json\/wp\/v2\/pages"}],"about":[{"href":"https:\/\/yabt.net\/bootcamp\/wp-json\/wp\/v2\/types\/page"}],"author":[{"embeddable":true,"href":"https:\/\/yabt.net\/bootcamp\/wp-json\/wp\/v2\/users\/1"}],"replies":[{"embeddable":true,"href":"https:\/\/yabt.net\/bootcamp\/wp-json\/wp\/v2\/comments?post=8542"}],"version-history":[{"count":10,"href":"https:\/\/yabt.net\/bootcamp\/wp-json\/wp\/v2\/pages\/8542\/revisions"}],"predecessor-version":[{"id":8565,"href":"https:\/\/yabt.net\/bootcamp\/wp-json\/wp\/v2\/pages\/8542\/revisions\/8565"}],"up":[{"embeddable":true,"href":"https:\/\/yabt.net\/bootcamp\/wp-json\/wp\/v2\/pages\/4537"}],"wp:attachment":[{"href":"https:\/\/yabt.net\/bootcamp\/wp-json\/wp\/v2\/media?parent=8542"}],"curies":[{"name":"wp","href":"https:\/\/api.w.org\/{rel}","templated":true}]}}