{"id":8714,"date":"2025-05-07T18:20:29","date_gmt":"2025-05-07T18:20:29","guid":{"rendered":"https:\/\/yabt.net\/bootcamp\/?page_id=8714"},"modified":"2025-05-07T18:21:32","modified_gmt":"2025-05-07T18:21:32","slug":"desarrolla-tu-plan-financiero","status":"publish","type":"page","link":"https:\/\/yabt.net\/bootcamp\/inicio\/sesiones\/desarrolla-tu-plan-financiero\/","title":{"rendered":"Desarrolla tu Plan Financiero"},"content":{"rendered":"\t\t<div data-elementor-type=\"wp-page\" data-elementor-id=\"8714\" class=\"elementor elementor-8714\" data-elementor-post-type=\"page\">\n\t\t\t\t\t\t<section class=\"elementor-section elementor-top-section elementor-element elementor-element-bfe23d2 elementor-section-boxed elementor-section-height-default elementor-section-height-default\" data-id=\"bfe23d2\" data-element_type=\"section\" data-e-type=\"section\">\n\t\t\t\t\t\t<div class=\"elementor-container elementor-column-gap-default\">\n\t\t\t\t\t<div class=\"elementor-column elementor-col-50 elementor-top-column elementor-element elementor-element-2aa55c0\" data-id=\"2aa55c0\" data-element_type=\"column\" data-e-type=\"column\">\n\t\t\t<div class=\"elementor-widget-wrap elementor-element-populated\">\n\t\t\t\t\t\t<div class=\"elementor-element elementor-element-06e46cb elementor-widget elementor-widget-video\" data-id=\"06e46cb\" data-element_type=\"widget\" data-e-type=\"widget\" data-settings=\"{&quot;youtube_url&quot;:&quot;https:\\\/\\\/youtu.be\\\/WV8axKq-PhQ&quot;,&quot;show_image_overlay&quot;:&quot;yes&quot;,&quot;image_overlay&quot;:{&quot;url&quot;:&quot;https:\\\/\\\/yabt.net\\\/bootcamp\\\/wp-content\\\/uploads\\\/sites\\\/4\\\/2025\\\/05\\\/BootCamp_mayo-7_Banner-BootCamp-de-Finanzas-2_2500x1406_ESP.png&quot;,&quot;id&quot;:8713,&quot;size&quot;:&quot;&quot;,&quot;alt&quot;:&quot;&quot;,&quot;source&quot;:&quot;library&quot;},&quot;video_type&quot;:&quot;youtube&quot;,&quot;controls&quot;:&quot;yes&quot;}\" data-widget_type=\"video.default\">\n\t\t\t\t<div class=\"elementor-widget-container\">\n\t\t\t\t\t\t\t<div class=\"elementor-wrapper elementor-open-inline\">\n\t\t\t<div class=\"elementor-video\"><\/div>\t\t\t\t<div class=\"elementor-custom-embed-image-overlay\" style=\"background-image: url(https:\/\/yabt.net\/bootcamp\/wp-content\/uploads\/sites\/4\/2025\/05\/BootCamp_mayo-7_Banner-BootCamp-de-Finanzas-2_2500x1406_ESP.png);\">\n\t\t\t\t\t\t\t\t\t\t\t\t\t\t\t\t<div class=\"elementor-custom-embed-play\" role=\"button\" aria-label=\"Play Video\" tabindex=\"0\">\n\t\t\t\t\t\t\t<i aria-hidden=\"true\" class=\"eicon-play\"><\/i>\t\t\t\t\t\t<\/div>\n\t\t\t\t\t\t\t\t\t<\/div>\n\t\t\t\t\t<\/div>\n\t\t\t\t\t\t<\/div>\n\t\t\t\t<\/div>\n\t\t\t\t\t<\/div>\n\t\t<\/div>\n\t\t\t\t<div class=\"elementor-column elementor-col-50 elementor-top-column elementor-element elementor-element-882daff\" data-id=\"882daff\" data-element_type=\"column\" data-e-type=\"column\">\n\t\t\t<div class=\"elementor-widget-wrap elementor-element-populated\">\n\t\t\t\t\t\t<div class=\"elementor-element elementor-element-ec49b20 elementor-widget elementor-widget-text-editor\" data-id=\"ec49b20\" data-element_type=\"widget\" data-e-type=\"widget\" data-widget_type=\"text-editor.default\">\n\t\t\t\t<div class=\"elementor-widget-container\">\n\t\t\t\t\t\t\t\t\t<p>&#8220;\u00bfListos para fortalecer uno de los componentes clave de su Plan de Negocios?<br \/>Acomp\u00e1\u00f1anos en esta sesi\u00f3n pr\u00e1ctica del BOOTCamp donde aprender\u00e1s a estructurar tu Plan Financiero de forma clara y efectiva, cumpliendo con los requisitos del entregable de la competencia.&#8221;<\/p>\t\t\t\t\t\t\t\t<\/div>\n\t\t\t\t<\/div>\n\t\t\t\t\t<\/div>\n\t\t<\/div>\n\t\t\t\t\t<\/div>\n\t\t<\/section>\n\t\t\t\t<\/div>\n\t\t","protected":false},"excerpt":{"rendered":"<p>https:\/\/youtu.be\/WV8axKq-PhQ &#8220;\u00bfListos para fortalecer uno de los componentes clave de su Plan de Negocios?Acomp\u00e1\u00f1anos en esta sesi\u00f3n pr\u00e1ctica del BOOTCamp donde aprender\u00e1s a estructurar tu Plan Financiero de forma clara y efectiva, cumpliendo con los requisitos del entregable de la competencia.&#8221;<\/p>\n","protected":false},"author":1,"featured_media":0,"parent":4537,"menu_order":0,"comment_status":"closed","ping_status":"closed","template":"","meta":{"footnotes":""},"class_list":["post-8714","page","type-page","status-publish","hentry"],"_links":{"self":[{"href":"https:\/\/yabt.net\/bootcamp\/wp-json\/wp\/v2\/pages\/8714","targetHints":{"allow":["GET"]}}],"collection":[{"href":"https:\/\/yabt.net\/bootcamp\/wp-json\/wp\/v2\/pages"}],"about":[{"href":"https:\/\/yabt.net\/bootcamp\/wp-json\/wp\/v2\/types\/page"}],"author":[{"embeddable":true,"href":"https:\/\/yabt.net\/bootcamp\/wp-json\/wp\/v2\/users\/1"}],"replies":[{"embeddable":true,"href":"https:\/\/yabt.net\/bootcamp\/wp-json\/wp\/v2\/comments?post=8714"}],"version-history":[{"count":4,"href":"https:\/\/yabt.net\/bootcamp\/wp-json\/wp\/v2\/pages\/8714\/revisions"}],"predecessor-version":[{"id":8719,"href":"https:\/\/yabt.net\/bootcamp\/wp-json\/wp\/v2\/pages\/8714\/revisions\/8719"}],"up":[{"embeddable":true,"href":"https:\/\/yabt.net\/bootcamp\/wp-json\/wp\/v2\/pages\/4537"}],"wp:attachment":[{"href":"https:\/\/yabt.net\/bootcamp\/wp-json\/wp\/v2\/media?parent=8714"}],"curies":[{"name":"wp","href":"https:\/\/api.w.org\/{rel}","templated":true}]}}