{"id":8731,"date":"2025-05-13T19:20:02","date_gmt":"2025-05-13T19:20:02","guid":{"rendered":"https:\/\/yabt.net\/bootcamp\/?page_id=8731"},"modified":"2025-05-13T19:58:38","modified_gmt":"2025-05-13T19:58:38","slug":"mejora-tu-plan-de-negocios","status":"publish","type":"page","link":"https:\/\/yabt.net\/bootcamp\/inicio\/sesiones\/mejora-tu-plan-de-negocios\/","title":{"rendered":"Mejora tu Plan de Negocios"},"content":{"rendered":"\t\t<div data-elementor-type=\"wp-page\" data-elementor-id=\"8731\" class=\"elementor elementor-8731\" data-elementor-post-type=\"page\">\n\t\t\t\t\t\t<section class=\"elementor-section elementor-top-section elementor-element elementor-element-81bc79b elementor-section-boxed elementor-section-height-default elementor-section-height-default\" data-id=\"81bc79b\" data-element_type=\"section\" data-e-type=\"section\">\n\t\t\t\t\t\t<div class=\"elementor-container elementor-column-gap-default\">\n\t\t\t\t\t<div class=\"elementor-column elementor-col-50 elementor-top-column elementor-element elementor-element-13b1d5b\" data-id=\"13b1d5b\" data-element_type=\"column\" data-e-type=\"column\">\n\t\t\t<div class=\"elementor-widget-wrap elementor-element-populated\">\n\t\t\t\t\t\t<div class=\"elementor-element elementor-element-abd2f0a elementor-widget elementor-widget-video\" data-id=\"abd2f0a\" data-element_type=\"widget\" data-e-type=\"widget\" data-settings=\"{&quot;youtube_url&quot;:&quot;https:\\\/\\\/youtu.be\\\/YNi9qUn1tEE&quot;,&quot;show_image_overlay&quot;:&quot;yes&quot;,&quot;image_overlay&quot;:{&quot;url&quot;:&quot;https:\\\/\\\/yabt.net\\\/bootcamp\\\/wp-content\\\/uploads\\\/sites\\\/4\\\/2025\\\/05\\\/BootCamp_Mayo5_Banner-BootCamp-de-Plan-de-Negocios_2500x1406_ESP.png&quot;,&quot;id&quot;:8729,&quot;size&quot;:&quot;&quot;,&quot;alt&quot;:&quot;&quot;,&quot;source&quot;:&quot;library&quot;},&quot;video_type&quot;:&quot;youtube&quot;,&quot;controls&quot;:&quot;yes&quot;}\" data-widget_type=\"video.default\">\n\t\t\t\t<div class=\"elementor-widget-container\">\n\t\t\t\t\t\t\t<div class=\"elementor-wrapper elementor-open-inline\">\n\t\t\t<div class=\"elementor-video\"><\/div>\t\t\t\t<div class=\"elementor-custom-embed-image-overlay\" style=\"background-image: url(https:\/\/yabt.net\/bootcamp\/wp-content\/uploads\/sites\/4\/2025\/05\/BootCamp_Mayo5_Banner-BootCamp-de-Plan-de-Negocios_2500x1406_ESP.png);\">\n\t\t\t\t\t\t\t\t\t\t\t\t\t\t\t\t<div class=\"elementor-custom-embed-play\" role=\"button\" aria-label=\"Play Video\" tabindex=\"0\">\n\t\t\t\t\t\t\t<i aria-hidden=\"true\" class=\"eicon-play\"><\/i>\t\t\t\t\t\t<\/div>\n\t\t\t\t\t\t\t\t\t<\/div>\n\t\t\t\t\t<\/div>\n\t\t\t\t\t\t<\/div>\n\t\t\t\t<\/div>\n\t\t\t\t\t<\/div>\n\t\t<\/div>\n\t\t\t\t<div class=\"elementor-column elementor-col-50 elementor-top-column elementor-element elementor-element-6340d23\" data-id=\"6340d23\" data-element_type=\"column\" data-e-type=\"column\">\n\t\t\t<div class=\"elementor-widget-wrap elementor-element-populated\">\n\t\t\t\t\t\t<div class=\"elementor-element elementor-element-18b98ba elementor-widget elementor-widget-text-editor\" data-id=\"18b98ba\" data-element_type=\"widget\" data-e-type=\"widget\" data-widget_type=\"text-editor.default\">\n\t\t\t\t<div class=\"elementor-widget-container\">\n\t\t\t\t\t\t\t\t\t<p>\u00bfTienes dudas sobre c\u00f3mo mejorar tu Plan de Negocio para el Start-Up Challenge? \u00a1Esta es tu oportunidad para resolverlas! \u00danete a nuestro BOOTCamp con Lauren D\u00edaz Arias, consultora, docente universitaria y referente en innovaci\u00f3n y emprendimiento con impacto social. En esta sesi\u00f3n pr\u00e1ctica, recibir\u00e1s orientaci\u00f3n personalizada para fortalecer tu entregable, asegurando que tu propuesta sea clara, s\u00f3lida y alineada con los criterios de evaluaci\u00f3n.<\/p>\t\t\t\t\t\t\t\t<\/div>\n\t\t\t\t<\/div>\n\t\t\t\t\t<\/div>\n\t\t<\/div>\n\t\t\t\t\t<\/div>\n\t\t<\/section>\n\t\t\t\t<\/div>\n\t\t","protected":false},"excerpt":{"rendered":"<p>https:\/\/youtu.be\/YNi9qUn1tEE \u00bfTienes dudas sobre c\u00f3mo mejorar tu Plan de Negocio para el Start-Up Challenge? \u00a1Esta es tu oportunidad para resolverlas! \u00danete a nuestro BOOTCamp con Lauren D\u00edaz Arias, consultora, docente universitaria y referente en innovaci\u00f3n y emprendimiento con impacto social. En esta sesi\u00f3n pr\u00e1ctica, recibir\u00e1s orientaci\u00f3n personalizada para fortalecer tu entregable, asegurando que tu propuesta [&hellip;]<\/p>\n","protected":false},"author":1,"featured_media":0,"parent":4537,"menu_order":0,"comment_status":"closed","ping_status":"closed","template":"","meta":{"footnotes":""},"class_list":["post-8731","page","type-page","status-publish","hentry"],"_links":{"self":[{"href":"https:\/\/yabt.net\/bootcamp\/wp-json\/wp\/v2\/pages\/8731","targetHints":{"allow":["GET"]}}],"collection":[{"href":"https:\/\/yabt.net\/bootcamp\/wp-json\/wp\/v2\/pages"}],"about":[{"href":"https:\/\/yabt.net\/bootcamp\/wp-json\/wp\/v2\/types\/page"}],"author":[{"embeddable":true,"href":"https:\/\/yabt.net\/bootcamp\/wp-json\/wp\/v2\/users\/1"}],"replies":[{"embeddable":true,"href":"https:\/\/yabt.net\/bootcamp\/wp-json\/wp\/v2\/comments?post=8731"}],"version-history":[{"count":7,"href":"https:\/\/yabt.net\/bootcamp\/wp-json\/wp\/v2\/pages\/8731\/revisions"}],"predecessor-version":[{"id":8742,"href":"https:\/\/yabt.net\/bootcamp\/wp-json\/wp\/v2\/pages\/8731\/revisions\/8742"}],"up":[{"embeddable":true,"href":"https:\/\/yabt.net\/bootcamp\/wp-json\/wp\/v2\/pages\/4537"}],"wp:attachment":[{"href":"https:\/\/yabt.net\/bootcamp\/wp-json\/wp\/v2\/media?parent=8731"}],"curies":[{"name":"wp","href":"https:\/\/api.w.org\/{rel}","templated":true}]}}