{"id":8749,"date":"2025-06-01T05:14:28","date_gmt":"2025-06-01T05:14:28","guid":{"rendered":"https:\/\/yabt.net\/bootcamp\/?page_id=8749"},"modified":"2025-06-01T05:30:48","modified_gmt":"2025-06-01T05:30:48","slug":"pitch-emprendedor-narra-tu-plan-de-negocios-en-3-minutos","status":"publish","type":"page","link":"https:\/\/yabt.net\/bootcamp\/inicio\/sesiones\/pitch-emprendedor-narra-tu-plan-de-negocios-en-3-minutos\/","title":{"rendered":"Pitch Emprendedor: Narra tu Plan de Negocios en 3 minutos"},"content":{"rendered":"\t\t<div data-elementor-type=\"wp-page\" data-elementor-id=\"8749\" class=\"elementor elementor-8749\" data-elementor-post-type=\"page\">\n\t\t\t\t\t\t<section class=\"elementor-section elementor-top-section elementor-element elementor-element-d3d28b6 elementor-section-boxed elementor-section-height-default elementor-section-height-default\" data-id=\"d3d28b6\" data-element_type=\"section\" data-e-type=\"section\">\n\t\t\t\t\t\t<div class=\"elementor-container elementor-column-gap-default\">\n\t\t\t\t\t<div class=\"elementor-column elementor-col-100 elementor-top-column elementor-element elementor-element-d217081\" data-id=\"d217081\" data-element_type=\"column\" data-e-type=\"column\">\n\t\t\t<div class=\"elementor-widget-wrap elementor-element-populated\">\n\t\t\t\t\t\t<section class=\"elementor-section elementor-inner-section elementor-element elementor-element-3bdbb3b elementor-section-boxed elementor-section-height-default elementor-section-height-default\" data-id=\"3bdbb3b\" data-element_type=\"section\" data-e-type=\"section\">\n\t\t\t\t\t\t<div class=\"elementor-container elementor-column-gap-default\">\n\t\t\t\t\t<div class=\"elementor-column elementor-col-50 elementor-inner-column elementor-element elementor-element-99c0392\" data-id=\"99c0392\" data-element_type=\"column\" data-e-type=\"column\">\n\t\t\t<div class=\"elementor-widget-wrap elementor-element-populated\">\n\t\t\t\t\t\t<div class=\"elementor-element elementor-element-84c2c3e elementor-widget elementor-widget-video\" data-id=\"84c2c3e\" data-element_type=\"widget\" data-e-type=\"widget\" data-settings=\"{&quot;youtube_url&quot;:&quot;https:\\\/\\\/youtu.be\\\/z9rmUtf9Ulg&quot;,&quot;show_image_overlay&quot;:&quot;yes&quot;,&quot;image_overlay&quot;:{&quot;url&quot;:&quot;https:\\\/\\\/yabt.net\\\/bootcamp\\\/wp-content\\\/uploads\\\/sites\\\/4\\\/2025\\\/06\\\/BootCamp_Mayo-2_Banner-BootCamp-de-Pitch_2500x1406_ESP.png&quot;,&quot;id&quot;:8751,&quot;size&quot;:&quot;&quot;,&quot;alt&quot;:&quot;&quot;,&quot;source&quot;:&quot;library&quot;},&quot;video_type&quot;:&quot;youtube&quot;,&quot;controls&quot;:&quot;yes&quot;}\" data-widget_type=\"video.default\">\n\t\t\t\t<div class=\"elementor-widget-container\">\n\t\t\t\t\t\t\t<div class=\"elementor-wrapper elementor-open-inline\">\n\t\t\t<div class=\"elementor-video\"><\/div>\t\t\t\t<div class=\"elementor-custom-embed-image-overlay\" style=\"background-image: url(https:\/\/yabt.net\/bootcamp\/wp-content\/uploads\/sites\/4\/2025\/06\/BootCamp_Mayo-2_Banner-BootCamp-de-Pitch_2500x1406_ESP.png);\">\n\t\t\t\t\t\t\t\t\t\t\t\t\t\t\t\t<div class=\"elementor-custom-embed-play\" role=\"button\" aria-label=\"Play Video\" tabindex=\"0\">\n\t\t\t\t\t\t\t<i aria-hidden=\"true\" class=\"eicon-play\"><\/i>\t\t\t\t\t\t<\/div>\n\t\t\t\t\t\t\t\t\t<\/div>\n\t\t\t\t\t<\/div>\n\t\t\t\t\t\t<\/div>\n\t\t\t\t<\/div>\n\t\t\t\t\t<\/div>\n\t\t<\/div>\n\t\t\t\t<div class=\"elementor-column elementor-col-50 elementor-inner-column elementor-element elementor-element-c09263b\" data-id=\"c09263b\" data-element_type=\"column\" data-e-type=\"column\">\n\t\t\t<div class=\"elementor-widget-wrap elementor-element-populated\">\n\t\t\t\t\t\t<div class=\"elementor-element elementor-element-389b02a elementor-widget elementor-widget-text-editor\" data-id=\"389b02a\" data-element_type=\"widget\" data-e-type=\"widget\" data-widget_type=\"text-editor.default\">\n\t\t\t\t<div class=\"elementor-widget-container\">\n\t\t\t\t\t\t\t\t\t<p>\u00bfSabes c\u00f3mo capturar la atenci\u00f3n de inversionistas, aliados y jurados en solo tres minutos? En este BOOTCamp aprender\u00e1s a construir y presentar un pitch poderoso, claro y convincente que refleje el valor de tu emprendimiento y el impacto que busca generar.<\/p><p>La sesi\u00f3n ser\u00e1 dirigida por Federico Arellano, emprendedor serial con m\u00e1s de 10 a\u00f1os de experiencia liderando iniciativas de alto impacto. Nacido en M\u00e9xico y radicado en Canad\u00e1, Federico fue ganador del premio al mejor emprendimiento social de Facebook en 2018. Adem\u00e1s, fue reconocido por MIT como una de las personalidades LGBT m\u00e1s influyentes de M\u00e9xico en 2022 y 2023.<\/p><p>Actualmente codirige Colmena 41, organizaci\u00f3n clave en el ecosistema emprendedor diverso de M\u00e9xico, y recientemente fund\u00f3 World Jams Vol. 1, el festival de pitches universitarios m\u00e1s importante del mundo. Federico tambi\u00e9n es egresado del programa Leadership Links del Young Americas Business Trust.<\/p><p>\u00a1No te pierdas esta oportunidad \u00fanica de aprender con uno de los referentes del pitch a nivel hemisf\u00e9rico!<\/p>\t\t\t\t\t\t\t\t<\/div>\n\t\t\t\t<\/div>\n\t\t\t\t\t<\/div>\n\t\t<\/div>\n\t\t\t\t\t<\/div>\n\t\t<\/section>\n\t\t\t\t\t<\/div>\n\t\t<\/div>\n\t\t\t\t\t<\/div>\n\t\t<\/section>\n\t\t\t\t<\/div>\n\t\t","protected":false},"excerpt":{"rendered":"<p>https:\/\/youtu.be\/z9rmUtf9Ulg \u00bfSabes c\u00f3mo capturar la atenci\u00f3n de inversionistas, aliados y jurados en solo tres minutos? En este BOOTCamp aprender\u00e1s a construir y presentar un pitch poderoso, claro y convincente que refleje el valor de tu emprendimiento y el impacto que busca generar. La sesi\u00f3n ser\u00e1 dirigida por Federico Arellano, emprendedor serial con m\u00e1s de 10 [&hellip;]<\/p>\n","protected":false},"author":1,"featured_media":0,"parent":4537,"menu_order":0,"comment_status":"closed","ping_status":"closed","template":"","meta":{"footnotes":""},"class_list":["post-8749","page","type-page","status-publish","hentry"],"_links":{"self":[{"href":"https:\/\/yabt.net\/bootcamp\/wp-json\/wp\/v2\/pages\/8749","targetHints":{"allow":["GET"]}}],"collection":[{"href":"https:\/\/yabt.net\/bootcamp\/wp-json\/wp\/v2\/pages"}],"about":[{"href":"https:\/\/yabt.net\/bootcamp\/wp-json\/wp\/v2\/types\/page"}],"author":[{"embeddable":true,"href":"https:\/\/yabt.net\/bootcamp\/wp-json\/wp\/v2\/users\/1"}],"replies":[{"embeddable":true,"href":"https:\/\/yabt.net\/bootcamp\/wp-json\/wp\/v2\/comments?post=8749"}],"version-history":[{"count":7,"href":"https:\/\/yabt.net\/bootcamp\/wp-json\/wp\/v2\/pages\/8749\/revisions"}],"predecessor-version":[{"id":8766,"href":"https:\/\/yabt.net\/bootcamp\/wp-json\/wp\/v2\/pages\/8749\/revisions\/8766"}],"up":[{"embeddable":true,"href":"https:\/\/yabt.net\/bootcamp\/wp-json\/wp\/v2\/pages\/4537"}],"wp:attachment":[{"href":"https:\/\/yabt.net\/bootcamp\/wp-json\/wp\/v2\/media?parent=8749"}],"curies":[{"name":"wp","href":"https:\/\/api.w.org\/{rel}","templated":true}]}}