{"id":8779,"date":"2025-10-04T01:46:31","date_gmt":"2025-10-04T01:46:31","guid":{"rendered":"https:\/\/yabt.net\/bootcamp\/?page_id=8779"},"modified":"2025-10-04T02:00:29","modified_gmt":"2025-10-04T02:00:29","slug":"emprender-con-bioplasticos-de-la-idea-al-impacto","status":"publish","type":"page","link":"https:\/\/yabt.net\/bootcamp\/inicio\/sesiones\/emprender-con-bioplasticos-de-la-idea-al-impacto\/","title":{"rendered":"Emprender con Biopl\u00e1sticos: de la Idea al Impacto"},"content":{"rendered":"\t\t<div data-elementor-type=\"wp-page\" data-elementor-id=\"8779\" class=\"elementor elementor-8779\" data-elementor-post-type=\"page\">\n\t\t\t\t\t\t<section class=\"elementor-section elementor-top-section elementor-element elementor-element-fbd84ec elementor-section-boxed elementor-section-height-default elementor-section-height-default\" data-id=\"fbd84ec\" data-element_type=\"section\" data-e-type=\"section\">\n\t\t\t\t\t\t<div class=\"elementor-container elementor-column-gap-default\">\n\t\t\t\t\t<div class=\"elementor-column elementor-col-100 elementor-top-column elementor-element elementor-element-0a3f5aa\" data-id=\"0a3f5aa\" data-element_type=\"column\" data-e-type=\"column\">\n\t\t\t<div class=\"elementor-widget-wrap elementor-element-populated\">\n\t\t\t\t\t\t<section class=\"elementor-section elementor-inner-section elementor-element elementor-element-271c43f elementor-section-boxed elementor-section-height-default elementor-section-height-default\" data-id=\"271c43f\" data-element_type=\"section\" data-e-type=\"section\">\n\t\t\t\t\t\t<div class=\"elementor-container elementor-column-gap-default\">\n\t\t\t\t\t<div class=\"elementor-column elementor-col-50 elementor-inner-column elementor-element elementor-element-df1eec5\" data-id=\"df1eec5\" data-element_type=\"column\" data-e-type=\"column\">\n\t\t\t<div class=\"elementor-widget-wrap elementor-element-populated\">\n\t\t\t\t\t\t<div class=\"elementor-element elementor-element-9768e8a elementor-widget elementor-widget-video\" data-id=\"9768e8a\" data-element_type=\"widget\" data-e-type=\"widget\" data-settings=\"{&quot;youtube_url&quot;:&quot;https:\\\/\\\/youtu.be\\\/29ojCDWjs98&quot;,&quot;show_image_overlay&quot;:&quot;yes&quot;,&quot;image_overlay&quot;:{&quot;url&quot;:&quot;https:\\\/\\\/yabt.net\\\/bootcamp\\\/wp-content\\\/uploads\\\/sites\\\/4\\\/2025\\\/10\\\/BootCamp_Septiembre16-2025_Banner-BootCamp-de-Sebastian_2500x1406_ESP.png&quot;,&quot;id&quot;:8781,&quot;size&quot;:&quot;&quot;,&quot;alt&quot;:&quot;&quot;,&quot;source&quot;:&quot;library&quot;},&quot;video_type&quot;:&quot;youtube&quot;,&quot;controls&quot;:&quot;yes&quot;}\" data-widget_type=\"video.default\">\n\t\t\t\t<div class=\"elementor-widget-container\">\n\t\t\t\t\t\t\t<div class=\"elementor-wrapper elementor-open-inline\">\n\t\t\t<div class=\"elementor-video\"><\/div>\t\t\t\t<div class=\"elementor-custom-embed-image-overlay\" style=\"background-image: url(https:\/\/yabt.net\/bootcamp\/wp-content\/uploads\/sites\/4\/2025\/10\/BootCamp_Septiembre16-2025_Banner-BootCamp-de-Sebastian_2500x1406_ESP.png);\">\n\t\t\t\t\t\t\t\t\t\t\t\t\t\t\t\t<div class=\"elementor-custom-embed-play\" role=\"button\" aria-label=\"Play Video\" tabindex=\"0\">\n\t\t\t\t\t\t\t<i aria-hidden=\"true\" class=\"eicon-play\"><\/i>\t\t\t\t\t\t<\/div>\n\t\t\t\t\t\t\t\t\t<\/div>\n\t\t\t\t\t<\/div>\n\t\t\t\t\t\t<\/div>\n\t\t\t\t<\/div>\n\t\t\t\t\t<\/div>\n\t\t<\/div>\n\t\t\t\t<div class=\"elementor-column elementor-col-50 elementor-inner-column elementor-element elementor-element-09aa532\" data-id=\"09aa532\" data-element_type=\"column\" data-e-type=\"column\">\n\t\t\t<div class=\"elementor-widget-wrap elementor-element-populated\">\n\t\t\t\t\t\t<div class=\"elementor-element elementor-element-96e9e59 elementor-widget elementor-widget-text-editor\" data-id=\"96e9e59\" data-element_type=\"widget\" data-e-type=\"widget\" data-widget_type=\"text-editor.default\">\n\t\t\t\t<div class=\"elementor-widget-container\">\n\t\t\t\t\t\t\t\t\t<p><span data-sheets-root=\"1\">Descubre c\u00f3mo convertir tu idea en un emprendimiento de impacto en el BioPlastics Challenge. Aprende a potenciar tu negocio sostenible, explorar oportunidades con biopl\u00e1sticos e impulsar tu proyecto hacia el mercado, todo de la mano de expertos y herramientas pr\u00e1cticas. \u00a1Transforma la innovaci\u00f3n verde en acci\u00f3n!<\/span><\/p><p><a href=\"https:\/\/yabt.net\/Download\/PPT_IICA_Agrobioemprende_-_Bootcamp_Reto_Biopla%CC%81sticos_YABT_OEA.pdf\" target=\"_blank\" rel=\"noopener\">Presentaci\u00f3n (PDF)<\/a><\/p>\t\t\t\t\t\t\t\t<\/div>\n\t\t\t\t<\/div>\n\t\t\t\t\t<\/div>\n\t\t<\/div>\n\t\t\t\t\t<\/div>\n\t\t<\/section>\n\t\t\t\t\t<\/div>\n\t\t<\/div>\n\t\t\t\t\t<\/div>\n\t\t<\/section>\n\t\t\t\t<\/div>\n\t\t","protected":false},"excerpt":{"rendered":"<p>https:\/\/youtu.be\/29ojCDWjs98 Descubre c\u00f3mo convertir tu idea en un emprendimiento de impacto en el BioPlastics Challenge. Aprende a potenciar tu negocio sostenible, explorar oportunidades con biopl\u00e1sticos e impulsar tu proyecto hacia el mercado, todo de la mano de expertos y herramientas pr\u00e1cticas. \u00a1Transforma la innovaci\u00f3n verde en acci\u00f3n! Presentaci\u00f3n (PDF)<\/p>\n","protected":false},"author":1,"featured_media":0,"parent":4537,"menu_order":0,"comment_status":"closed","ping_status":"closed","template":"","meta":{"footnotes":""},"class_list":["post-8779","page","type-page","status-publish","hentry"],"_links":{"self":[{"href":"https:\/\/yabt.net\/bootcamp\/wp-json\/wp\/v2\/pages\/8779","targetHints":{"allow":["GET"]}}],"collection":[{"href":"https:\/\/yabt.net\/bootcamp\/wp-json\/wp\/v2\/pages"}],"about":[{"href":"https:\/\/yabt.net\/bootcamp\/wp-json\/wp\/v2\/types\/page"}],"author":[{"embeddable":true,"href":"https:\/\/yabt.net\/bootcamp\/wp-json\/wp\/v2\/users\/1"}],"replies":[{"embeddable":true,"href":"https:\/\/yabt.net\/bootcamp\/wp-json\/wp\/v2\/comments?post=8779"}],"version-history":[{"count":10,"href":"https:\/\/yabt.net\/bootcamp\/wp-json\/wp\/v2\/pages\/8779\/revisions"}],"predecessor-version":[{"id":8797,"href":"https:\/\/yabt.net\/bootcamp\/wp-json\/wp\/v2\/pages\/8779\/revisions\/8797"}],"up":[{"embeddable":true,"href":"https:\/\/yabt.net\/bootcamp\/wp-json\/wp\/v2\/pages\/4537"}],"wp:attachment":[{"href":"https:\/\/yabt.net\/bootcamp\/wp-json\/wp\/v2\/media?parent=8779"}],"curies":[{"name":"wp","href":"https:\/\/api.w.org\/{rel}","templated":true}]}}