{"id":2314,"date":"2022-11-25T03:38:55","date_gmt":"2022-11-25T03:38:55","guid":{"rendered":"https:\/\/yabt.net\/?page_id=2065"},"modified":"2023-02-20T04:20:38","modified_gmt":"2023-02-20T04:20:38","slug":"organizacion-de-los-estados-americanos","status":"publish","type":"page","link":"https:\/\/yabt.net\/foro\/organizacion-de-los-estados-americanos\/","title":{"rendered":"Organizaci\u00f3n de los Estados Americanos"},"content":{"rendered":"\t\t<div data-elementor-type=\"wp-page\" data-elementor-id=\"2314\" class=\"elementor elementor-2314\" data-elementor-post-type=\"page\">\n\t\t\t\t\t\t<section class=\"elementor-section elementor-top-section elementor-element elementor-element-9ee8c7b elementor-section-boxed elementor-section-height-default elementor-section-height-default\" data-id=\"9ee8c7b\" data-element_type=\"section\" data-e-type=\"section\" data-settings=\"{&quot;background_background&quot;:&quot;classic&quot;}\">\n\t\t\t\t\t\t<div class=\"elementor-container elementor-column-gap-default\">\n\t\t\t\t\t<div class=\"elementor-column elementor-col-100 elementor-top-column elementor-element elementor-element-25cb026\" data-id=\"25cb026\" data-element_type=\"column\" data-e-type=\"column\">\n\t\t\t<div class=\"elementor-widget-wrap elementor-element-populated\">\n\t\t\t\t\t\t<section class=\"elementor-section elementor-inner-section elementor-element elementor-element-04bda62 elementor-section-boxed elementor-section-height-default elementor-section-height-default\" data-id=\"04bda62\" data-element_type=\"section\" data-e-type=\"section\">\n\t\t\t\t\t\t<div class=\"elementor-container elementor-column-gap-default\">\n\t\t\t\t\t<div class=\"elementor-column elementor-col-50 elementor-inner-column elementor-element elementor-element-4b12ab2\" data-id=\"4b12ab2\" data-element_type=\"column\" data-e-type=\"column\" data-settings=\"{&quot;background_background&quot;:&quot;classic&quot;}\">\n\t\t\t<div class=\"elementor-widget-wrap elementor-element-populated\">\n\t\t\t\t\t\t<div class=\"elementor-element elementor-element-e6b2a4a elementor-widget elementor-widget-heading\" data-id=\"e6b2a4a\" data-element_type=\"widget\" data-e-type=\"widget\" data-widget_type=\"heading.default\">\n\t\t\t\t<div class=\"elementor-widget-container\">\n\t\t\t\t\t<h2 class=\"elementor-heading-title elementor-size-default\">Acerca de la<\/h2>\t\t\t\t<\/div>\n\t\t\t\t<\/div>\n\t\t\t\t<div class=\"elementor-element elementor-element-84dd57b elementor-widget elementor-widget-heading\" data-id=\"84dd57b\" data-element_type=\"widget\" data-e-type=\"widget\" data-widget_type=\"heading.default\">\n\t\t\t\t<div class=\"elementor-widget-container\">\n\t\t\t\t\t<h4 class=\"elementor-heading-title elementor-size-default\">Organizaci\u00f3n de los Estados Americanos<\/h4>\t\t\t\t<\/div>\n\t\t\t\t<\/div>\n\t\t\t\t<div class=\"elementor-element elementor-element-a3d18a7 elementor-widget elementor-widget-text-editor\" data-id=\"a3d18a7\" data-element_type=\"widget\" data-e-type=\"widget\" data-widget_type=\"text-editor.default\">\n\t\t\t\t<div class=\"elementor-widget-container\">\n\t\t\t\t\t\t\t\t\t<p>La Organizaci\u00f3n de los Estados Americanos (OEA) es el organismo regional m\u00e1s antiguo del mundo, cuyo origen se remonta a la Primera Conferencia Internacional Americana, celebrada en Washington, D.C., de octubre de 1889 a abril de 1890. En esta reuni\u00f3n, se acord\u00f3 crear la Uni\u00f3n Internacional de Rep\u00fablicas Americanas y se empez\u00f3 a tejer una red de disposiciones e instituciones que llegar\u00eda a conocerse como \u201csistema interamericano\u201d, el m\u00e1s antiguo sistema institucional internacional.<\/p><p>La OEA se basa en sus principales pilares que son la democracia, los derechos humanos, la seguridad y el desarrollo para ejecutar sus proyectos y mandatos en las Am\u00e9ricas. Hoy en d\u00eda, la OEA re\u00fane a los 35 Estados independientes de las Am\u00e9ricas y constituye el principal foro gubernamental pol\u00edtico, jur\u00eddico y social del Hemisferio.<\/p>\t\t\t\t\t\t\t\t<\/div>\n\t\t\t\t<\/div>\n\t\t\t\t\t<\/div>\n\t\t<\/div>\n\t\t\t\t<div class=\"elementor-column elementor-col-50 elementor-inner-column elementor-element elementor-element-f68ac14\" data-id=\"f68ac14\" data-element_type=\"column\" data-e-type=\"column\">\n\t\t\t<div class=\"elementor-widget-wrap elementor-element-populated\">\n\t\t\t\t\t\t<div class=\"elementor-element elementor-element-d681f3b elementor-widget elementor-widget-image\" data-id=\"d681f3b\" data-element_type=\"widget\" data-e-type=\"widget\" data-widget_type=\"image.default\">\n\t\t\t\t<div class=\"elementor-widget-container\">\n\t\t\t\t\t\t\t\t\t\t\t\t\t\t\t\t<a href=\"https:\/\/www.oas.org\/es\/default.asp\">\n\t\t\t\t\t\t\t<img fetchpriority=\"high\" decoding=\"async\" width=\"640\" height=\"255\" src=\"https:\/\/yabt.net\/foro\/wp-content\/uploads\/sites\/5\/2023\/02\/Sin-titulo-2-768x306-1.png\" class=\"attachment-medium_large size-medium_large wp-image-6799\" alt=\"\" srcset=\"https:\/\/yabt.net\/foro\/wp-content\/uploads\/sites\/5\/2023\/02\/Sin-titulo-2-768x306-1.png 768w, https:\/\/yabt.net\/foro\/wp-content\/uploads\/sites\/5\/2023\/02\/Sin-titulo-2-768x306-1-300x120.png 300w\" sizes=\"(max-width: 640px) 100vw, 640px\" \/>\t\t\t\t\t\t\t\t<\/a>\n\t\t\t\t\t\t\t\t\t\t\t\t\t\t\t<\/div>\n\t\t\t\t<\/div>\n\t\t\t\t\t<\/div>\n\t\t<\/div>\n\t\t\t\t\t<\/div>\n\t\t<\/section>\n\t\t\t\t<div class=\"elementor-element elementor-element-952c632 elementor-widget elementor-widget-spacer\" data-id=\"952c632\" data-element_type=\"widget\" data-e-type=\"widget\" data-widget_type=\"spacer.default\">\n\t\t\t\t<div class=\"elementor-widget-container\">\n\t\t\t\t\t\t\t<div class=\"elementor-spacer\">\n\t\t\t<div class=\"elementor-spacer-inner\"><\/div>\n\t\t<\/div>\n\t\t\t\t\t\t<\/div>\n\t\t\t\t<\/div>\n\t\t\t\t\t<\/div>\n\t\t<\/div>\n\t\t\t\t\t<\/div>\n\t\t<\/section>\n\t\t\t\t<section class=\"elementor-section elementor-top-section elementor-element elementor-element-70d1f45 elementor-section-boxed elementor-section-height-default elementor-section-height-default\" data-id=\"70d1f45\" data-element_type=\"section\" data-e-type=\"section\" data-settings=\"{&quot;background_background&quot;:&quot;classic&quot;}\">\n\t\t\t\t\t\t<div class=\"elementor-container elementor-column-gap-default\">\n\t\t\t\t\t<div class=\"elementor-column elementor-col-100 elementor-top-column elementor-element elementor-element-54c4800\" data-id=\"54c4800\" data-element_type=\"column\" data-e-type=\"column\">\n\t\t\t<div class=\"elementor-widget-wrap elementor-element-populated\">\n\t\t\t\t\t\t<div class=\"elementor-element elementor-element-0685465 elementor-widget elementor-widget-spacer\" data-id=\"0685465\" data-element_type=\"widget\" data-e-type=\"widget\" data-widget_type=\"spacer.default\">\n\t\t\t\t<div class=\"elementor-widget-container\">\n\t\t\t\t\t\t\t<div class=\"elementor-spacer\">\n\t\t\t<div class=\"elementor-spacer-inner\"><\/div>\n\t\t<\/div>\n\t\t\t\t\t\t<\/div>\n\t\t\t\t<\/div>\n\t\t\t\t<div class=\"elementor-element elementor-element-9b14f5b elementor-widget elementor-widget-heading\" data-id=\"9b14f5b\" data-element_type=\"widget\" data-e-type=\"widget\" data-widget_type=\"heading.default\">\n\t\t\t\t<div class=\"elementor-widget-container\">\n\t\t\t\t\t<h3 class=\"elementor-heading-title elementor-size-default\">Palabras del<\/h3>\t\t\t\t<\/div>\n\t\t\t\t<\/div>\n\t\t\t\t<div class=\"elementor-element elementor-element-47e0b63 elementor-widget elementor-widget-heading\" data-id=\"47e0b63\" data-element_type=\"widget\" data-e-type=\"widget\" data-widget_type=\"heading.default\">\n\t\t\t\t<div class=\"elementor-widget-container\">\n\t\t\t\t\t<h4 class=\"elementor-heading-title elementor-size-default\">Secretario General<\/h4>\t\t\t\t<\/div>\n\t\t\t\t<\/div>\n\t\t\t\t<div class=\"elementor-element elementor-element-5ca768e elementor-widget elementor-widget-text-editor\" data-id=\"5ca768e\" data-element_type=\"widget\" data-e-type=\"widget\" data-widget_type=\"text-editor.default\">\n\t\t\t\t<div class=\"elementor-widget-container\">\n\t\t\t\t\t\t\t\t\t<p>Como Secretario General, he tenido la oportunidad de interactuar con muchos j\u00f3venes y de entender la importancia del emprendimiento como una herramienta muy poderosa en la promoci\u00f3n de la inclusi\u00f3n social. Si adem\u00e1s le agregamos la energ\u00eda, creatividad y pasi\u00f3n de nuestros j\u00f3venes, el resultado es mucho m\u00e1s poderoso.<\/p><p>La Organizaci\u00f3n de los Estados Americanos (OEA) y el Young Americas Business Trust (YABT) vienen trabajando arduamente a trav\u00e9s de la Competencia Talento e Innovaci\u00f3n de las Am\u00e9ricas (TIC Americas) en brindarles a los j\u00f3venes la oportunidad de tener un papel activo en el desarrollo de nuestra regi\u00f3n. Am\u00e9rica Latina y el Caribe tienen aqu\u00ed una oportunidad \u00fanica de crecer a trav\u00e9s de la participaci\u00f3n efectiva y competente de nuestros j\u00f3venes.<\/p><p>En esta edici\u00f3n, 4,679 j\u00f3venes de 40 pa\u00edses presentaron 3,491 propuestas de emprendimientos innovadores. Todas ellas tienen como objetivo el apoyar la implementaci\u00f3n de los Objetivos para el Desarrollo Sostenible (ODS), dando una muestra clara del compromiso de los j\u00f3venes, a quienes la OEA ya reconoce como socios para la prosperidad.<\/p><p>El TIC Americas es resultado del esfuerzo de diferentes instituciones que comparten nuestros objetivos y que ven en este programa una plataforma ideal para fomentar el desarrollo en la regi\u00f3n. Quiero agradecer el apoyo de PepsiCo Bebidas Am\u00e9rica Latina, cbc y Postobon. Para la OEA es muy importante ver que este programa tiene como socios estrat\u00e9gicos al Banco Mundial, al Banco Interamericano para el Desarrollo y el Banco de Reservas de las Rep\u00fablica Dominicana (BanReservas), y gracias a ellos, podemos hacer posible este gran programa.<\/p><p>El YABT es una organizaci\u00f3n de j\u00f3venes para j\u00f3venes, y el trabajo que realiza merece un reconocimiento especial, pues ha logrado tener un impacto tangible en la regi\u00f3n y el mundo a trav\u00e9s del apoyo a los j\u00f3venes emprendedores, el fomento de la innovaci\u00f3n y la competitividad y la creaci\u00f3n de espacios de participaci\u00f3n para la juventud en los procesos de toma de decisi\u00f3n.<\/p><p>Quiero hacer un especial reconocimiento al apoyo brindado por el Gobierno de M\u00e9xico y su Secretaria de Relaciones Exteriores, quienes apoyaron la presente edici\u00f3n del TIC Americas desde el primer momento.<\/p><p>Desde que asum\u00ed como Secretario General, nos hemos guiado por el lema \u201cm\u00e1s derechos para m\u00e1s gente\u201d. En el caso de los j\u00f3venes, esto significa la generaci\u00f3n de oportunidades para apoyar su derecho existencial \u2013 el de ser arquitectos de su propio futuro. Este programa es una pieza clave en ese esfuerzo, y los felicito por su energ\u00eda, creatividad, y esp\u00edritu emprendedor.<\/p><p>Luis Almagro<\/p><p>Secretario General<\/p><p>Organizaci\u00f3n de los Estados Americanos<\/p>\t\t\t\t\t\t\t\t<\/div>\n\t\t\t\t<\/div>\n\t\t\t\t<div class=\"elementor-element elementor-element-1907c21 elementor-widget elementor-widget-spacer\" data-id=\"1907c21\" data-element_type=\"widget\" data-e-type=\"widget\" data-widget_type=\"spacer.default\">\n\t\t\t\t<div class=\"elementor-widget-container\">\n\t\t\t\t\t\t\t<div class=\"elementor-spacer\">\n\t\t\t<div class=\"elementor-spacer-inner\"><\/div>\n\t\t<\/div>\n\t\t\t\t\t\t<\/div>\n\t\t\t\t<\/div>\n\t\t\t\t\t<\/div>\n\t\t<\/div>\n\t\t\t\t\t<\/div>\n\t\t<\/section>\n\t\t\t\t<\/div>\n\t\t","protected":false},"excerpt":{"rendered":"<p>Acerca de la Organizaci\u00f3n de los Estados Americanos La Organizaci\u00f3n de los Estados Americanos (OEA) es el organismo regional m\u00e1s antiguo del mundo, cuyo origen se remonta a la Primera Conferencia Internacional Americana, celebrada en Washington, D.C., de octubre de 1889 a abril de 1890. En esta reuni\u00f3n, se acord\u00f3 crear la Uni\u00f3n Internacional de [&hellip;]<\/p>\n","protected":false},"author":1,"featured_media":0,"parent":0,"menu_order":0,"comment_status":"closed","ping_status":"closed","template":"","meta":{"footnotes":""},"class_list":["post-2314","page","type-page","status-publish","hentry"],"_links":{"self":[{"href":"https:\/\/yabt.net\/foro\/wp-json\/wp\/v2\/pages\/2314","targetHints":{"allow":["GET"]}}],"collection":[{"href":"https:\/\/yabt.net\/foro\/wp-json\/wp\/v2\/pages"}],"about":[{"href":"https:\/\/yabt.net\/foro\/wp-json\/wp\/v2\/types\/page"}],"author":[{"embeddable":true,"href":"https:\/\/yabt.net\/foro\/wp-json\/wp\/v2\/users\/1"}],"replies":[{"embeddable":true,"href":"https:\/\/yabt.net\/foro\/wp-json\/wp\/v2\/comments?post=2314"}],"version-history":[{"count":11,"href":"https:\/\/yabt.net\/foro\/wp-json\/wp\/v2\/pages\/2314\/revisions"}],"predecessor-version":[{"id":6904,"href":"https:\/\/yabt.net\/foro\/wp-json\/wp\/v2\/pages\/2314\/revisions\/6904"}],"wp:attachment":[{"href":"https:\/\/yabt.net\/foro\/wp-json\/wp\/v2\/media?parent=2314"}],"curies":[{"name":"wp","href":"https:\/\/api.w.org\/{rel}","templated":true}]}}