{"id":2426,"date":"2022-11-25T19:21:24","date_gmt":"2022-11-25T19:21:24","guid":{"rendered":"https:\/\/yabt.net\/?page_id=2065"},"modified":"2024-12-07T07:53:39","modified_gmt":"2024-12-07T07:53:39","slug":"faq","status":"publish","type":"page","link":"https:\/\/yabt.net\/foro\/faq\/","title":{"rendered":"FAQ"},"content":{"rendered":"\t\t<div data-elementor-type=\"wp-page\" data-elementor-id=\"2426\" class=\"elementor elementor-2426\" data-elementor-post-type=\"page\">\n\t\t\t\t\t\t<section class=\"elementor-section elementor-top-section elementor-element elementor-element-9ee8c7b elementor-section-boxed elementor-section-height-default elementor-section-height-default\" data-id=\"9ee8c7b\" data-element_type=\"section\" data-e-type=\"section\">\n\t\t\t\t\t\t<div class=\"elementor-container elementor-column-gap-default\">\n\t\t\t\t\t<div class=\"elementor-column elementor-col-100 elementor-top-column elementor-element elementor-element-25cb026\" data-id=\"25cb026\" data-element_type=\"column\" data-e-type=\"column\">\n\t\t\t<div class=\"elementor-widget-wrap elementor-element-populated\">\n\t\t\t\t\t\t<div class=\"elementor-element elementor-element-e61bccc elementor-widget elementor-widget-heading\" data-id=\"e61bccc\" data-element_type=\"widget\" data-e-type=\"widget\" data-widget_type=\"heading.default\">\n\t\t\t\t<div class=\"elementor-widget-container\">\n\t\t\t\t\t<h2 class=\"elementor-heading-title elementor-size-default\">Preguntas Frecuentes<\/h2>\t\t\t\t<\/div>\n\t\t\t\t<\/div>\n\t\t\t\t<div class=\"elementor-element elementor-element-3148d45 elementor-widget elementor-widget-spacer\" data-id=\"3148d45\" data-element_type=\"widget\" data-e-type=\"widget\" data-widget_type=\"spacer.default\">\n\t\t\t\t<div class=\"elementor-widget-container\">\n\t\t\t\t\t\t\t<div class=\"elementor-spacer\">\n\t\t\t<div class=\"elementor-spacer-inner\"><\/div>\n\t\t<\/div>\n\t\t\t\t\t\t<\/div>\n\t\t\t\t<\/div>\n\t\t\t\t<div class=\"elementor-element elementor-element-5f7cf96 elementor-widget elementor-widget-accordion\" data-id=\"5f7cf96\" data-element_type=\"widget\" data-e-type=\"widget\" data-widget_type=\"accordion.default\">\n\t\t\t\t<div class=\"elementor-widget-container\">\n\t\t\t\t\t\t\t<div class=\"elementor-accordion\">\n\t\t\t\t\t\t\t<div class=\"elementor-accordion-item\">\n\t\t\t\t\t<div id=\"elementor-tab-title-1001\" class=\"elementor-tab-title\" data-tab=\"1\" role=\"button\" aria-controls=\"elementor-tab-content-1001\" aria-expanded=\"false\">\n\t\t\t\t\t\t\t\t\t\t\t\t\t<span class=\"elementor-accordion-icon elementor-accordion-icon-left\" aria-hidden=\"true\">\n\t\t\t\t\t\t\t\t\t\t\t\t\t\t\t<span class=\"elementor-accordion-icon-closed\"><i class=\"fas fa-plus\"><\/i><\/span>\n\t\t\t\t\t\t\t\t<span class=\"elementor-accordion-icon-opened\"><i class=\"fas fa-minus\"><\/i><\/span>\n\t\t\t\t\t\t\t\t\t\t\t\t\t\t<\/span>\n\t\t\t\t\t\t\t\t\t\t\t\t<a class=\"elementor-accordion-title\" tabindex=\"0\">Acerca del YABT y del Foro de J\u00f3venes de las Am\u00e9ricas<\/a>\n\t\t\t\t\t<\/div>\n\t\t\t\t\t<div id=\"elementor-tab-content-1001\" class=\"elementor-tab-content elementor-clearfix\" data-tab=\"1\" role=\"region\" aria-labelledby=\"elementor-tab-title-1001\"><p><strong>1. \u00bfQu\u00e9 es el Foro de J\u00f3venes de las Am\u00e9ricas?<\/strong><br \/>El Foro de J\u00f3venes de las Am\u00e9ricas es una plataforma de participaci\u00f3n permanente, abierta e inclusiva para que la juventud de las Am\u00e9ricas participe activamente, como actores sociales, en las Cumbres de las Am\u00e9ricas, las Asambleas Generales de la OEA y otras reuniones de alto nivel.<\/p><hr \/><p><strong>2. \u00bfCu\u00e1l es el prop\u00f3sito del VII Foro de J\u00f3venes de las Am\u00e9ricas?<\/strong><\/p><p><span style=\"font-weight: 400;\">A trav\u00e9s de la VII edici\u00f3n del Foro, la juventud de las Am\u00e9ricas ha tenido la oportunidad de conectar con sus gobiernos, representantes del sector privado y de la sociedad civil, as\u00ed como con agencias multilaterales; consolidando con ello un ecosistema de desarrollo juvenil, fortaleciendo la gobernabilidad democr\u00e1tica e impulsando la agenda interamericana.<\/span><\/p><hr \/><p><strong>3. \u00bfQui\u00e9n organiza el VII Foro de J\u00f3venes de las Am\u00e9ricas?<\/strong><\/p><p><span style=\"font-weight: 400;\">El VII Foro de J\u00f3venes de las Am\u00e9ricas es organizado por el <\/span><a href=\"https:\/\/yabt.net\/es\"><span style=\"font-weight: 400;\">Young Americas Business Trust (YABT)<\/span><\/a><span style=\"font-weight: 400;\"> con el apoyo de la Secretar\u00eda de Cumbres de las Am\u00e9ricas de la Organizaci\u00f3n de los Estados Americanos (OEA) y el pa\u00eds anfitri\u00f3n de la X Cumbre, Rep\u00fablica Dominicana.<\/span><\/p><hr \/><p><strong>4. <span style=\"font-weight: 400;\">\u00a0<strong>\u00bfQu\u00e9 es el Young Americas Business Trust (YABT)?<\/strong><\/span><\/strong><br \/><span style=\"font-weight: 400;\">El Young Americas Business Trust es una organizaci\u00f3n internacional sin fines de lucro basada en Washington, DC., que trabaja en cooperaci\u00f3n con la Organizaci\u00f3n de los Estados Americanos (OEA), para promover el desarrollo social y econ\u00f3mico de la juventud del hemisferio occidental y el resto del mundo.<\/span><\/p><hr \/><p><strong>5. \u00bfQu\u00e9 canales de participaci\u00f3n me permitir\u00e1n contribuir y participar en el Foro de J\u00f3venes de las Am\u00e9ricas?<\/strong><\/p><p><span style=\"font-weight: 400;\">Los canales de participaci\u00f3n disponibles que suman opiniones y preocupaciones de la juventud directamente al Foro de J\u00f3venes de las Am\u00e9ricas son:<\/span><\/p><p style=\"padding-left: 40px;\"><span style=\"font-weight: 400;\">\u2013 Di\u00e1logos de Juventud: Eventos presenciales o h\u00edbridos, co-organizados por YABT y redes juveniles para llevar las voces de la juventud a los procesos de las Cumbres, las Asambleas Generales de la OEA y otras reuniones internacionales de alto nivel.\u00a0<\/span><\/p><p style=\"padding-left: 40px;\"><span style=\"font-weight: 400;\">\u2013 Consulta virtual: Para facilitar la participaci\u00f3n del mayor n\u00famero posible de j\u00f3venes y alimentar el debate, las consultas virtuales constituyen un canal abierto y accesible para hacerlo, disponible <\/span><a href=\"https:\/\/docs.google.com\/forms\/d\/e\/1FAIpQLSedtzdcmf0aEyprtU-XxnZbciEAoN4c-JL5Ez4Njq_Z5Iou7Q\/viewform\" target=\"_blank\" rel=\"noopener\"><span style=\"font-weight: 400;\">aqu\u00ed<\/span><\/a><span style=\"font-weight: 400;\">.<\/span><\/p><p style=\"padding-left: 40px;\"><span style=\"font-weight: 400;\">\u2013 Eventos asociados: Actividades con diferentes formatos que toman lugar en paralelo, en donde la juventud tiene una participaci\u00f3n significativa y comparte sus contribuciones. Estos eventos tienen como objetivo ayudar a las personas organizadoras a presentar al YABT un resumen de los principales resultados y nutrir las perspectivas e inquietudes que se est\u00e1n llevando.<\/span><\/p><hr \/><p><strong>6. <span style=\"font-weight: 400;\">\u00a0<strong>\u00bfCu\u00e1l es el hashtag oficial del Foro de J\u00f3venes de las Am\u00e9ricas?<\/strong><\/span><\/strong><br \/><span style=\"font-weight: 400;\">#J\u00f3venesEnLaCumbre<\/span><\/p><\/div>\n\t\t\t\t<\/div>\n\t\t\t\t\t\t\t<div class=\"elementor-accordion-item\">\n\t\t\t\t\t<div id=\"elementor-tab-title-1002\" class=\"elementor-tab-title\" data-tab=\"2\" role=\"button\" aria-controls=\"elementor-tab-content-1002\" aria-expanded=\"false\">\n\t\t\t\t\t\t\t\t\t\t\t\t\t<span class=\"elementor-accordion-icon elementor-accordion-icon-left\" aria-hidden=\"true\">\n\t\t\t\t\t\t\t\t\t\t\t\t\t\t\t<span class=\"elementor-accordion-icon-closed\"><i class=\"fas fa-plus\"><\/i><\/span>\n\t\t\t\t\t\t\t\t<span class=\"elementor-accordion-icon-opened\"><i class=\"fas fa-minus\"><\/i><\/span>\n\t\t\t\t\t\t\t\t\t\t\t\t\t\t<\/span>\n\t\t\t\t\t\t\t\t\t\t\t\t<a class=\"elementor-accordion-title\" tabindex=\"0\">Seguimiento del VI Foro de J\u00f3venes de las Am\u00e9ricas<\/a>\n\t\t\t\t\t<\/div>\n\t\t\t\t\t<div id=\"elementor-tab-content-1002\" class=\"elementor-tab-content elementor-clearfix\" data-tab=\"2\" role=\"region\" aria-labelledby=\"elementor-tab-title-1002\"><p><strong>7. <b>\u00bfCu\u00e1les han sido los resultados del VI Foro de J\u00f3venes de las Am\u00e9ricas?<\/b><\/strong><br \/><span style=\"font-weight: 400;\">Luego de 4 a\u00f1os de proceso consultivo, el VI Foro concluy\u00f3 con propuestas concretas para la IX Cumbre de las Am\u00e9ricas a trav\u00e9s de la Declaraci\u00f3n de Compromiso y Plan de Acci\u00f3n, las cuales fueron presentadas en presencia de los Jefes de Estado y de Gobierno de los Estados Miembros de la OEA. Mayores detalles <\/span><a href=\"https:\/\/foro.yabt.net\/2022\/06\/15\/la-juventud-participa-en-la-ix-cumbre-de-las-americas\/\"><span style=\"font-weight: 400;\">aqu\u00ed<\/span><\/a><b>.<\/b><\/p><hr \/><p><strong>8. <b>\u00bfQu\u00e9 es la Declaratoria de Compromiso y Plan de Acci\u00f3n?<\/b><\/strong><br \/><span style=\"font-weight: 400;\">Es el documento elaborado por el Young Americas Business Trust (YABT), que compila de manera sintetizada las propuestas escritas, recomendaciones, preocupaciones y prioridades de la juventud a los gobiernos, <\/span><a href=\"https:\/\/foro.yabt.net\/desarrollo-juvenil\/\"><span style=\"font-weight: 400;\">en torno a las 5 C\u00b4s del Desarrollo Juvenil<\/span><\/a><span style=\"font-weight: 400;\">; que incluye la voz de m\u00e1s de 27,000 j\u00f3venes involucrados en el proceso del Foro de J\u00f3venes Am\u00e9ricas, llevado a cabo por el periodo 2019 &#8211; 2022. La Declaratoria de Compromiso y Plan de Acci\u00f3n se encuentra<\/span> <span style=\"font-weight: 400;\">disponible <\/span><a href=\"https:\/\/www.yabt.net\/foro\/download\/declaratoria-de-compromiso-y-plan-de-accion-2022.pdf\"><span style=\"font-weight: 400;\">aqu\u00ed<\/span><\/a><span style=\"font-weight: 400;\">.<\/span><\/p><hr \/><p><strong>9. <b>\u00bfC\u00f3mo puedo ser parte del seguimiento y la implementaci\u00f3n de la Declaratoria de Compromiso y Plan de Acci\u00f3n?<\/b><\/strong><br \/><span style=\"font-weight: 400;\">El YABT invita\u00a0 a la juventud a continuar aportando al proceso de Cumbres y a la vinculaci\u00f3n de m\u00e1s juventudes al Foro de J\u00f3venes de las Am\u00e9ricas. Sumando esfuerzos en dar a conocer este trabajo y en el seguimiento en su comunidad, as\u00ed como a liderar actividades del proceso de consultas juveniles a partir de los di\u00e1logos de juventud y la consulta virtual.<\/span><\/p><\/div>\n\t\t\t\t<\/div>\n\t\t\t\t\t\t\t\t<\/div>\n\t\t\t\t\t\t<\/div>\n\t\t\t\t<\/div>\n\t\t\t\t<div class=\"elementor-element elementor-element-cc3b281 elementor-widget elementor-widget-spacer\" data-id=\"cc3b281\" data-element_type=\"widget\" data-e-type=\"widget\" data-widget_type=\"spacer.default\">\n\t\t\t\t<div class=\"elementor-widget-container\">\n\t\t\t\t\t\t\t<div class=\"elementor-spacer\">\n\t\t\t<div class=\"elementor-spacer-inner\"><\/div>\n\t\t<\/div>\n\t\t\t\t\t\t<\/div>\n\t\t\t\t<\/div>\n\t\t\t\t<div class=\"elementor-element elementor-element-6d1a67d elementor-widget elementor-widget-spacer\" data-id=\"6d1a67d\" data-element_type=\"widget\" data-e-type=\"widget\" data-widget_type=\"spacer.default\">\n\t\t\t\t<div class=\"elementor-widget-container\">\n\t\t\t\t\t\t\t<div class=\"elementor-spacer\">\n\t\t\t<div class=\"elementor-spacer-inner\"><\/div>\n\t\t<\/div>\n\t\t\t\t\t\t<\/div>\n\t\t\t\t<\/div>\n\t\t\t\t\t<\/div>\n\t\t<\/div>\n\t\t\t\t\t<\/div>\n\t\t<\/section>\n\t\t\t\t<\/div>\n\t\t","protected":false},"excerpt":{"rendered":"<p>Preguntas Frecuentes Acerca del YABT y del Foro de J\u00f3venes de las Am\u00e9ricas 1. \u00bfQu\u00e9 es el Foro de J\u00f3venes de las Am\u00e9ricas?El Foro de J\u00f3venes de las Am\u00e9ricas es una plataforma de participaci\u00f3n permanente, abierta e inclusiva para que la juventud de las Am\u00e9ricas participe activamente, como actores sociales, en las Cumbres de las [&hellip;]<\/p>\n","protected":false},"author":1,"featured_media":0,"parent":0,"menu_order":0,"comment_status":"closed","ping_status":"closed","template":"","meta":{"footnotes":""},"class_list":["post-2426","page","type-page","status-publish","hentry"],"_links":{"self":[{"href":"https:\/\/yabt.net\/foro\/wp-json\/wp\/v2\/pages\/2426","targetHints":{"allow":["GET"]}}],"collection":[{"href":"https:\/\/yabt.net\/foro\/wp-json\/wp\/v2\/pages"}],"about":[{"href":"https:\/\/yabt.net\/foro\/wp-json\/wp\/v2\/types\/page"}],"author":[{"embeddable":true,"href":"https:\/\/yabt.net\/foro\/wp-json\/wp\/v2\/users\/1"}],"replies":[{"embeddable":true,"href":"https:\/\/yabt.net\/foro\/wp-json\/wp\/v2\/comments?post=2426"}],"version-history":[{"count":11,"href":"https:\/\/yabt.net\/foro\/wp-json\/wp\/v2\/pages\/2426\/revisions"}],"predecessor-version":[{"id":9520,"href":"https:\/\/yabt.net\/foro\/wp-json\/wp\/v2\/pages\/2426\/revisions\/9520"}],"wp:attachment":[{"href":"https:\/\/yabt.net\/foro\/wp-json\/wp\/v2\/media?parent=2426"}],"curies":[{"name":"wp","href":"https:\/\/api.w.org\/{rel}","templated":true}]}}