{"id":2444,"date":"2022-11-25T20:26:49","date_gmt":"2022-11-25T20:26:49","guid":{"rendered":"https:\/\/yabt.net\/?page_id=2065"},"modified":"2023-02-20T04:23:37","modified_gmt":"2023-02-20T04:23:37","slug":"contacto","status":"publish","type":"page","link":"https:\/\/yabt.net\/foro\/contacto\/","title":{"rendered":"Contacto"},"content":{"rendered":"\t\t<div data-elementor-type=\"wp-page\" data-elementor-id=\"2444\" class=\"elementor elementor-2444\" data-elementor-post-type=\"page\">\n\t\t\t\t\t\t<section class=\"elementor-section elementor-top-section elementor-element elementor-element-9ee8c7b elementor-section-content-top elementor-section-boxed elementor-section-height-default elementor-section-height-default\" data-id=\"9ee8c7b\" data-element_type=\"section\" data-e-type=\"section\">\n\t\t\t\t\t\t<div class=\"elementor-container elementor-column-gap-default\">\n\t\t\t\t\t<div class=\"elementor-column elementor-col-100 elementor-top-column elementor-element elementor-element-25cb026\" data-id=\"25cb026\" data-element_type=\"column\" data-e-type=\"column\">\n\t\t\t<div class=\"elementor-widget-wrap elementor-element-populated\">\n\t\t\t\t\t\t<div class=\"elementor-element elementor-element-45143a1 elementor-widget elementor-widget-heading\" data-id=\"45143a1\" data-element_type=\"widget\" data-e-type=\"widget\" data-widget_type=\"heading.default\">\n\t\t\t\t<div class=\"elementor-widget-container\">\n\t\t\t\t\t<h2 class=\"elementor-heading-title elementor-size-default\">Informaci\u00f3n de contacto<\/h2>\t\t\t\t<\/div>\n\t\t\t\t<\/div>\n\t\t\t\t<div class=\"elementor-element elementor-element-5508b67 elementor-widget elementor-widget-spacer\" data-id=\"5508b67\" data-element_type=\"widget\" data-e-type=\"widget\" data-widget_type=\"spacer.default\">\n\t\t\t\t<div class=\"elementor-widget-container\">\n\t\t\t\t\t\t\t<div class=\"elementor-spacer\">\n\t\t\t<div class=\"elementor-spacer-inner\"><\/div>\n\t\t<\/div>\n\t\t\t\t\t\t<\/div>\n\t\t\t\t<\/div>\n\t\t\t\t<div class=\"elementor-element elementor-element-e36d6e0 elementor-widget elementor-widget-text-editor\" data-id=\"e36d6e0\" data-element_type=\"widget\" data-e-type=\"widget\" data-widget_type=\"text-editor.default\">\n\t\t\t\t<div class=\"elementor-widget-container\">\n\t\t\t\t\t\t\t\t\t<p>Escr\u00edbenos: forum@yabt.net<\/p><p>Ll\u00e1manos: +1 (202) 370 5064<\/p>\t\t\t\t\t\t\t\t<\/div>\n\t\t\t\t<\/div>\n\t\t\t\t<div class=\"elementor-element elementor-element-6d1a67d elementor-widget elementor-widget-spacer\" data-id=\"6d1a67d\" data-element_type=\"widget\" data-e-type=\"widget\" data-widget_type=\"spacer.default\">\n\t\t\t\t<div class=\"elementor-widget-container\">\n\t\t\t\t\t\t\t<div class=\"elementor-spacer\">\n\t\t\t<div class=\"elementor-spacer-inner\"><\/div>\n\t\t<\/div>\n\t\t\t\t\t\t<\/div>\n\t\t\t\t<\/div>\n\t\t\t\t\t<\/div>\n\t\t<\/div>\n\t\t\t\t\t<\/div>\n\t\t<\/section>\n\t\t\t\t<\/div>\n\t\t","protected":false},"excerpt":{"rendered":"<p>Informaci\u00f3n de contacto Escr\u00edbenos: forum@yabt.net Ll\u00e1manos: +1 (202) 370 5064<\/p>\n","protected":false},"author":1,"featured_media":0,"parent":0,"menu_order":0,"comment_status":"closed","ping_status":"closed","template":"","meta":{"footnotes":""},"class_list":["post-2444","page","type-page","status-publish","hentry"],"_links":{"self":[{"href":"https:\/\/yabt.net\/foro\/wp-json\/wp\/v2\/pages\/2444","targetHints":{"allow":["GET"]}}],"collection":[{"href":"https:\/\/yabt.net\/foro\/wp-json\/wp\/v2\/pages"}],"about":[{"href":"https:\/\/yabt.net\/foro\/wp-json\/wp\/v2\/types\/page"}],"author":[{"embeddable":true,"href":"https:\/\/yabt.net\/foro\/wp-json\/wp\/v2\/users\/1"}],"replies":[{"embeddable":true,"href":"https:\/\/yabt.net\/foro\/wp-json\/wp\/v2\/comments?post=2444"}],"version-history":[{"count":5,"href":"https:\/\/yabt.net\/foro\/wp-json\/wp\/v2\/pages\/2444\/revisions"}],"predecessor-version":[{"id":6911,"href":"https:\/\/yabt.net\/foro\/wp-json\/wp\/v2\/pages\/2444\/revisions\/6911"}],"wp:attachment":[{"href":"https:\/\/yabt.net\/foro\/wp-json\/wp\/v2\/media?parent=2444"}],"curies":[{"name":"wp","href":"https:\/\/api.w.org\/{rel}","templated":true}]}}