{"id":2543,"date":"2022-11-26T03:20:28","date_gmt":"2022-11-26T03:20:28","guid":{"rendered":"https:\/\/yabt.net\/?page_id=2065"},"modified":"2023-02-20T04:25:42","modified_gmt":"2023-02-20T04:25:42","slug":"desarrollo-juvenil","status":"publish","type":"page","link":"https:\/\/yabt.net\/foro\/desarrollo-juvenil\/","title":{"rendered":"Desarrollo Juvenil"},"content":{"rendered":"\t\t<div data-elementor-type=\"wp-page\" data-elementor-id=\"2543\" class=\"elementor elementor-2543\" data-elementor-post-type=\"page\">\n\t\t\t\t\t\t<section class=\"elementor-section elementor-top-section elementor-element elementor-element-9ee8c7b elementor-section-content-top elementor-section-boxed elementor-section-height-default elementor-section-height-default\" data-id=\"9ee8c7b\" data-element_type=\"section\" data-e-type=\"section\">\n\t\t\t\t\t\t<div class=\"elementor-container elementor-column-gap-default\">\n\t\t\t\t\t<div class=\"elementor-column elementor-col-100 elementor-top-column elementor-element elementor-element-25cb026\" data-id=\"25cb026\" data-element_type=\"column\" data-e-type=\"column\">\n\t\t\t<div class=\"elementor-widget-wrap elementor-element-populated\">\n\t\t\t\t\t\t<div class=\"elementor-element elementor-element-c9eaa6a elementor-widget elementor-widget-heading\" data-id=\"c9eaa6a\" data-element_type=\"widget\" data-e-type=\"widget\" data-widget_type=\"heading.default\">\n\t\t\t\t<div class=\"elementor-widget-container\">\n\t\t\t\t\t<h2 class=\"elementor-heading-title elementor-size-default\">Ejes tem\u00e1ticos<\/h2>\t\t\t\t<\/div>\n\t\t\t\t<\/div>\n\t\t\t\t<div class=\"elementor-element elementor-element-b32f9de elementor-widget elementor-widget-spacer\" data-id=\"b32f9de\" data-element_type=\"widget\" data-e-type=\"widget\" data-widget_type=\"spacer.default\">\n\t\t\t\t<div class=\"elementor-widget-container\">\n\t\t\t\t\t\t\t<div class=\"elementor-spacer\">\n\t\t\t<div class=\"elementor-spacer-inner\"><\/div>\n\t\t<\/div>\n\t\t\t\t\t\t<\/div>\n\t\t\t\t<\/div>\n\t\t\t\t<section class=\"elementor-section elementor-inner-section elementor-element elementor-element-ea6a372 elementor-section-boxed elementor-section-height-default elementor-section-height-default\" data-id=\"ea6a372\" data-element_type=\"section\" data-e-type=\"section\">\n\t\t\t\t\t\t<div class=\"elementor-container elementor-column-gap-default\">\n\t\t\t\t\t<div class=\"elementor-column elementor-col-66 elementor-inner-column elementor-element elementor-element-eea861c\" data-id=\"eea861c\" data-element_type=\"column\" data-e-type=\"column\">\n\t\t\t<div class=\"elementor-widget-wrap elementor-element-populated\">\n\t\t\t\t\t\t<div class=\"elementor-element elementor-element-fe53e17 elementor-widget elementor-widget-text-editor\" data-id=\"fe53e17\" data-element_type=\"widget\" data-e-type=\"widget\" data-widget_type=\"text-editor.default\">\n\t\t\t\t<div class=\"elementor-widget-container\">\n\t\t\t\t\t\t\t\t\t<p><span style=\"font-weight: 400;\">El proceso de consultas juveniles del Foro de J\u00f3venes de las Am\u00e9ricas se enmarca y est\u00e1 conectado con las siguientes tem\u00e1ticas:<\/span><\/p><p>(1) Cambio Clim\u00e1tico<br \/>(2) COVID-19<br \/>(3) Colaborando con la Juventud<br \/>(4) Combatiendo la Corrupci\u00f3n<br \/>(5) Conectividad y Transformaci\u00f3n Digital<br \/><span style=\"font-weight: 400;\">(6) Inclusi\u00f3n e Igualdad<\/span><\/p><p><span style=\"font-weight: 400;\">Prioridades actuales resultantes de una serie de consultas con la juventud y de los ejes tem\u00e1ticos de la IX Cumbre de las Am\u00e9ricas y la 52 Asamblea General de la Organizaci\u00f3n de los Estados Americanos (OEA).<\/span><\/p>\t\t\t\t\t\t\t\t<\/div>\n\t\t\t\t<\/div>\n\t\t\t\t\t<\/div>\n\t\t<\/div>\n\t\t\t\t<div class=\"elementor-column elementor-col-33 elementor-inner-column elementor-element elementor-element-5910b3b\" data-id=\"5910b3b\" data-element_type=\"column\" data-e-type=\"column\">\n\t\t\t<div class=\"elementor-widget-wrap elementor-element-populated\">\n\t\t\t\t\t\t<div class=\"elementor-element elementor-element-3f9731e elementor-widget elementor-widget-image\" data-id=\"3f9731e\" data-element_type=\"widget\" data-e-type=\"widget\" data-widget_type=\"image.default\">\n\t\t\t\t<div class=\"elementor-widget-container\">\n\t\t\t\t\t\t\t\t\t\t\t\t\t\t\t<img decoding=\"async\" src=\"https:\/\/yabt.net\/wp-content\/uploads\/2022\/11\/business_img01.png\" title=\"\" alt=\"\" loading=\"lazy\" \/>\t\t\t\t\t\t\t\t\t\t\t\t\t\t\t<\/div>\n\t\t\t\t<\/div>\n\t\t\t\t\t<\/div>\n\t\t<\/div>\n\t\t\t\t\t<\/div>\n\t\t<\/section>\n\t\t\t\t<section class=\"elementor-section elementor-inner-section elementor-element elementor-element-93ef3fc elementor-section-boxed elementor-section-height-default elementor-section-height-default\" data-id=\"93ef3fc\" data-element_type=\"section\" data-e-type=\"section\">\n\t\t\t\t\t\t<div class=\"elementor-container elementor-column-gap-default\">\n\t\t\t\t\t<div class=\"elementor-column elementor-col-33 elementor-inner-column elementor-element elementor-element-3c628b9\" data-id=\"3c628b9\" data-element_type=\"column\" data-e-type=\"column\">\n\t\t\t<div class=\"elementor-widget-wrap elementor-element-populated\">\n\t\t\t\t\t\t<div class=\"elementor-element elementor-element-7641e11 elementor-widget elementor-widget-image\" data-id=\"7641e11\" data-element_type=\"widget\" data-e-type=\"widget\" data-widget_type=\"image.default\">\n\t\t\t\t<div class=\"elementor-widget-container\">\n\t\t\t\t\t\t\t\t\t\t\t\t\t\t\t<img decoding=\"async\" src=\"https:\/\/yabt.net\/wp-content\/uploads\/2022\/11\/assets-21-768x732-1.png\" title=\"\" alt=\"\" loading=\"lazy\" \/>\t\t\t\t\t\t\t\t\t\t\t\t\t\t\t<\/div>\n\t\t\t\t<\/div>\n\t\t\t\t\t<\/div>\n\t\t<\/div>\n\t\t\t\t<div class=\"elementor-column elementor-col-66 elementor-inner-column elementor-element elementor-element-90a7e47\" data-id=\"90a7e47\" data-element_type=\"column\" data-e-type=\"column\">\n\t\t\t<div class=\"elementor-widget-wrap elementor-element-populated\">\n\t\t\t\t\t\t<div class=\"elementor-element elementor-element-b158e33 elementor-widget elementor-widget-text-editor\" data-id=\"b158e33\" data-element_type=\"widget\" data-e-type=\"widget\" data-widget_type=\"text-editor.default\">\n\t\t\t\t<div class=\"elementor-widget-container\">\n\t\t\t\t\t\t\t\t\t<h4>Cambio Clim\u00e1tico<\/h4><p>\u00a0<\/p><p>Los j\u00f3venes de las Am\u00e9ricas est\u00e1n expresando con raz\u00f3n su profunda preocupaci\u00f3n por el cambio clim\u00e1tico, exigiendo con frecuencia cambios en las pol\u00edticas para hacer frente a sus efectos y consecuencias; pero no s\u00f3lo eso, tambi\u00e9n est\u00e1n actuando para crear el cambio ellos mismos, movilizando a sus pares y comunidades, creando redes y desarrollando iniciativas empresariales enfocadas en la resiliencia, mitigaci\u00f3n y adaptaci\u00f3n al cambio clim\u00e1tico.<\/p>\t\t\t\t\t\t\t\t<\/div>\n\t\t\t\t<\/div>\n\t\t\t\t\t<\/div>\n\t\t<\/div>\n\t\t\t\t\t<\/div>\n\t\t<\/section>\n\t\t\t\t<section class=\"elementor-section elementor-inner-section elementor-element elementor-element-8abf7a8 elementor-section-boxed elementor-section-height-default elementor-section-height-default\" data-id=\"8abf7a8\" data-element_type=\"section\" data-e-type=\"section\">\n\t\t\t\t\t\t<div class=\"elementor-container elementor-column-gap-default\">\n\t\t\t\t\t<div class=\"elementor-column elementor-col-33 elementor-inner-column elementor-element elementor-element-01249cd\" data-id=\"01249cd\" data-element_type=\"column\" data-e-type=\"column\">\n\t\t\t<div class=\"elementor-widget-wrap elementor-element-populated\">\n\t\t\t\t\t\t<div class=\"elementor-element elementor-element-93bc663 elementor-widget elementor-widget-image\" data-id=\"93bc663\" data-element_type=\"widget\" data-e-type=\"widget\" data-widget_type=\"image.default\">\n\t\t\t\t<div class=\"elementor-widget-container\">\n\t\t\t\t\t\t\t\t\t\t\t\t\t\t\t<img decoding=\"async\" src=\"https:\/\/yabt.net\/wp-content\/uploads\/2022\/11\/assets-22-768x732-1.png\" title=\"\" alt=\"\" loading=\"lazy\" \/>\t\t\t\t\t\t\t\t\t\t\t\t\t\t\t<\/div>\n\t\t\t\t<\/div>\n\t\t\t\t\t<\/div>\n\t\t<\/div>\n\t\t\t\t<div class=\"elementor-column elementor-col-66 elementor-inner-column elementor-element elementor-element-c17782a\" data-id=\"c17782a\" data-element_type=\"column\" data-e-type=\"column\">\n\t\t\t<div class=\"elementor-widget-wrap elementor-element-populated\">\n\t\t\t\t\t\t<div class=\"elementor-element elementor-element-99c2b99 elementor-widget elementor-widget-text-editor\" data-id=\"99c2b99\" data-element_type=\"widget\" data-e-type=\"widget\" data-widget_type=\"text-editor.default\">\n\t\t\t\t<div class=\"elementor-widget-container\">\n\t\t\t\t\t\t\t\t\t<h4>COVID-19<\/h4><p><br \/>Una recuperaci\u00f3n socioecon\u00f3mica de la pandemia: las organizaciones multilaterales y los grupos de estudio informan de cifras y perspectivas alarmantes para la juventud, sus medios de vida se han visto afectados de manera desproporcionada durante COVID-19; la recesi\u00f3n econ\u00f3mica causada por el cierre de actividades, la p\u00e9rdida de empleos y el aprendizaje a distancia, cuando se dispone de ellos, ha expuesto a los j\u00f3venes a riesgos de vulnerabilidad sin precedentes, mercados laborales deprimidos cuando se grad\u00faen, una realidad que afectar\u00e1 su potencial para obtener salarios justos en las pr\u00f3ximas d\u00e9cadas.<\/p>\t\t\t\t\t\t\t\t<\/div>\n\t\t\t\t<\/div>\n\t\t\t\t\t<\/div>\n\t\t<\/div>\n\t\t\t\t\t<\/div>\n\t\t<\/section>\n\t\t\t\t<section class=\"elementor-section elementor-inner-section elementor-element elementor-element-aeeaca9 elementor-section-boxed elementor-section-height-default elementor-section-height-default\" data-id=\"aeeaca9\" data-element_type=\"section\" data-e-type=\"section\">\n\t\t\t\t\t\t<div class=\"elementor-container elementor-column-gap-default\">\n\t\t\t\t\t<div class=\"elementor-column elementor-col-33 elementor-inner-column elementor-element elementor-element-f1bae24\" data-id=\"f1bae24\" data-element_type=\"column\" data-e-type=\"column\">\n\t\t\t<div class=\"elementor-widget-wrap elementor-element-populated\">\n\t\t\t\t\t\t<div class=\"elementor-element elementor-element-711b4a5 elementor-widget elementor-widget-image\" data-id=\"711b4a5\" data-element_type=\"widget\" data-e-type=\"widget\" data-widget_type=\"image.default\">\n\t\t\t\t<div class=\"elementor-widget-container\">\n\t\t\t\t\t\t\t\t\t\t\t\t\t\t\t<img decoding=\"async\" src=\"https:\/\/yabt.net\/wp-content\/uploads\/2022\/11\/assets-23-768x733-1.png\" title=\"\" alt=\"\" loading=\"lazy\" \/>\t\t\t\t\t\t\t\t\t\t\t\t\t\t\t<\/div>\n\t\t\t\t<\/div>\n\t\t\t\t\t<\/div>\n\t\t<\/div>\n\t\t\t\t<div class=\"elementor-column elementor-col-66 elementor-inner-column elementor-element elementor-element-b10bce6\" data-id=\"b10bce6\" data-element_type=\"column\" data-e-type=\"column\">\n\t\t\t<div class=\"elementor-widget-wrap elementor-element-populated\">\n\t\t\t\t\t\t<div class=\"elementor-element elementor-element-c0b6f00 elementor-widget elementor-widget-text-editor\" data-id=\"c0b6f00\" data-element_type=\"widget\" data-e-type=\"widget\" data-widget_type=\"text-editor.default\">\n\t\t\t\t<div class=\"elementor-widget-container\">\n\t\t\t\t\t\t\t\t\t<h4>Colaborando con la Juventud<\/h4><p><br \/>Colaborar en la ideaci\u00f3n y la b\u00fasqueda de soluciones: aplicar un enfoque de desarrollo positivo de la juventud al trabajar en conjunto, reconociendo su potencial como innovadores, agentes de cambio y emprendedores a trav\u00e9s de los retos de la innovaci\u00f3n, laboratorios empresariales, hackathons, laboratorios de pol\u00edticas, laboratorios de innovaci\u00f3n, di\u00e1logos de juventud y otros foros similares. YABT tiene un amplio historial de desarrollo de canales participativos inclusivos y abiertos para incorporar las aportaciones de la juventud en la formulaci\u00f3n de pol\u00edticas y el dise\u00f1o de programas mediante las metodolog\u00edas del Foro de J\u00f3venes de las Am\u00e9ricas.<\/p>\t\t\t\t\t\t\t\t<\/div>\n\t\t\t\t<\/div>\n\t\t\t\t\t<\/div>\n\t\t<\/div>\n\t\t\t\t\t<\/div>\n\t\t<\/section>\n\t\t\t\t<section class=\"elementor-section elementor-inner-section elementor-element elementor-element-55909c4 elementor-section-boxed elementor-section-height-default elementor-section-height-default\" data-id=\"55909c4\" data-element_type=\"section\" data-e-type=\"section\">\n\t\t\t\t\t\t<div class=\"elementor-container elementor-column-gap-default\">\n\t\t\t\t\t<div class=\"elementor-column elementor-col-33 elementor-inner-column elementor-element elementor-element-3f44c9b\" data-id=\"3f44c9b\" data-element_type=\"column\" data-e-type=\"column\">\n\t\t\t<div class=\"elementor-widget-wrap elementor-element-populated\">\n\t\t\t\t\t\t<div class=\"elementor-element elementor-element-76222c3 elementor-widget elementor-widget-image\" data-id=\"76222c3\" data-element_type=\"widget\" data-e-type=\"widget\" data-widget_type=\"image.default\">\n\t\t\t\t<div class=\"elementor-widget-container\">\n\t\t\t\t\t\t\t\t\t\t\t\t\t\t\t<img decoding=\"async\" src=\"https:\/\/yabt.net\/wp-content\/uploads\/2022\/11\/assets-24-768x732-1.png\" title=\"\" alt=\"\" loading=\"lazy\" \/>\t\t\t\t\t\t\t\t\t\t\t\t\t\t\t<\/div>\n\t\t\t\t<\/div>\n\t\t\t\t\t<\/div>\n\t\t<\/div>\n\t\t\t\t<div class=\"elementor-column elementor-col-66 elementor-inner-column elementor-element elementor-element-4f052e0\" data-id=\"4f052e0\" data-element_type=\"column\" data-e-type=\"column\">\n\t\t\t<div class=\"elementor-widget-wrap elementor-element-populated\">\n\t\t\t\t\t\t<div class=\"elementor-element elementor-element-ec66b5a elementor-widget elementor-widget-text-editor\" data-id=\"ec66b5a\" data-element_type=\"widget\" data-e-type=\"widget\" data-widget_type=\"text-editor.default\">\n\t\t\t\t<div class=\"elementor-widget-container\">\n\t\t\t\t\t\t\t\t\t<h4>Combatiendo la Corrupci\u00f3n<\/h4><p><br \/>Reconociendo que la juventud est\u00e1 insuficientemente representada en los aspectos pol\u00edticos, siguen trabajando para crear un entorno pol\u00edtico capaz y transparente. Las contribuciones y el compromiso de los j\u00f3venes han unido constantemente esfuerzos en la b\u00fasqueda de instrumentos que reduzcan las brechas de desigualdad, promuevan el bienestar y mejoren la calidad de vida de los ciudadanos.<\/p>\t\t\t\t\t\t\t\t<\/div>\n\t\t\t\t<\/div>\n\t\t\t\t\t<\/div>\n\t\t<\/div>\n\t\t\t\t\t<\/div>\n\t\t<\/section>\n\t\t\t\t<section class=\"elementor-section elementor-inner-section elementor-element elementor-element-ca33798 elementor-section-boxed elementor-section-height-default elementor-section-height-default\" data-id=\"ca33798\" data-element_type=\"section\" data-e-type=\"section\">\n\t\t\t\t\t\t<div class=\"elementor-container elementor-column-gap-default\">\n\t\t\t\t\t<div class=\"elementor-column elementor-col-33 elementor-inner-column elementor-element elementor-element-2559525\" data-id=\"2559525\" data-element_type=\"column\" data-e-type=\"column\">\n\t\t\t<div class=\"elementor-widget-wrap elementor-element-populated\">\n\t\t\t\t\t\t<div class=\"elementor-element elementor-element-fa9ddc2 elementor-widget elementor-widget-image\" data-id=\"fa9ddc2\" data-element_type=\"widget\" data-e-type=\"widget\" data-widget_type=\"image.default\">\n\t\t\t\t<div class=\"elementor-widget-container\">\n\t\t\t\t\t\t\t\t\t\t\t\t\t\t\t<img decoding=\"async\" src=\"https:\/\/yabt.net\/wp-content\/uploads\/2022\/11\/5ta-C-04-768x735-1.png\" title=\"\" alt=\"\" loading=\"lazy\" \/>\t\t\t\t\t\t\t\t\t\t\t\t\t\t\t<\/div>\n\t\t\t\t<\/div>\n\t\t\t\t\t<\/div>\n\t\t<\/div>\n\t\t\t\t<div class=\"elementor-column elementor-col-66 elementor-inner-column elementor-element elementor-element-c0b7743\" data-id=\"c0b7743\" data-element_type=\"column\" data-e-type=\"column\">\n\t\t\t<div class=\"elementor-widget-wrap elementor-element-populated\">\n\t\t\t\t\t\t<div class=\"elementor-element elementor-element-0048027 elementor-widget elementor-widget-text-editor\" data-id=\"0048027\" data-element_type=\"widget\" data-e-type=\"widget\" data-widget_type=\"text-editor.default\">\n\t\t\t\t<div class=\"elementor-widget-container\">\n\t\t\t\t\t\t\t\t\t<h4>Conectividad y Transformaci\u00f3n Digital<\/h4><br \/>\nUna visi\u00f3n de crecimiento y prosperidad con equidad, hace indispensable mejorar y ampliar la conectividad digital para aprovechar los recursos y oportunidades que permitan a la juventud desarrollar habilidades para el presente y el futuro del trabajo, y de esa manera generar un cambio positivo en su comunidad. La inversi\u00f3n en el capital humano y la transformaci\u00f3n digital son claves para mitigar la desigualdad y generar nuevas fuentes de oportunidades econ\u00f3micas \u2013 en especial para j\u00f3venes y mujeres- a trav\u00e9s de la digitalizaci\u00f3n de negocios y aprovechar el talento de la juventud para desarrollar tecnolog\u00edas limpias, seguras, inclusivas y al servicio del desarrollo humano.<br \/>\t\t\t\t\t\t\t\t<\/div>\n\t\t\t\t<\/div>\n\t\t\t\t\t<\/div>\n\t\t<\/div>\n\t\t\t\t\t<\/div>\n\t\t<\/section>\n\t\t\t\t<section class=\"elementor-section elementor-inner-section elementor-element elementor-element-dc993a5 elementor-section-boxed elementor-section-height-default elementor-section-height-default\" data-id=\"dc993a5\" data-element_type=\"section\" data-e-type=\"section\">\n\t\t\t\t\t\t<div class=\"elementor-container elementor-column-gap-default\">\n\t\t\t\t\t<div class=\"elementor-column elementor-col-33 elementor-inner-column elementor-element elementor-element-b94a7cd\" data-id=\"b94a7cd\" data-element_type=\"column\" data-e-type=\"column\">\n\t\t\t<div class=\"elementor-widget-wrap elementor-element-populated\">\n\t\t\t\t\t\t<div class=\"elementor-element elementor-element-c8e1e55 elementor-widget elementor-widget-image\" data-id=\"c8e1e55\" data-element_type=\"widget\" data-e-type=\"widget\" data-widget_type=\"image.default\">\n\t\t\t\t<div class=\"elementor-widget-container\">\n\t\t\t\t\t\t\t\t\t\t\t\t\t\t\t<img decoding=\"async\" src=\"https:\/\/yabt.net\/wp-content\/uploads\/2022\/11\/assets-11.png\" title=\"\" alt=\"\" loading=\"lazy\" \/>\t\t\t\t\t\t\t\t\t\t\t\t\t\t\t<\/div>\n\t\t\t\t<\/div>\n\t\t\t\t\t<\/div>\n\t\t<\/div>\n\t\t\t\t<div class=\"elementor-column elementor-col-66 elementor-inner-column elementor-element elementor-element-05f190e\" data-id=\"05f190e\" data-element_type=\"column\" data-e-type=\"column\">\n\t\t\t<div class=\"elementor-widget-wrap elementor-element-populated\">\n\t\t\t\t\t\t<div class=\"elementor-element elementor-element-66ad4f5 elementor-widget elementor-widget-text-editor\" data-id=\"66ad4f5\" data-element_type=\"widget\" data-e-type=\"widget\" data-widget_type=\"text-editor.default\">\n\t\t\t\t<div class=\"elementor-widget-container\">\n\t\t\t\t\t\t\t\t\t<h4><strong>Inclusi\u00f3n e Igualdad<\/strong><\/h4><br \/>\nLa discriminaci\u00f3n es un obst\u00e1culo para el desarrollo efectivo de la juventud del hemisferio. Seg\u00fan el Banco Interamericano de Desarrollo (BID) en \u201cLa crisis de la desigualdad: Am\u00e9rica Latina y el Caribe en la encrucijada\u201d Am\u00e9rica Latina y el Caribe son de las regiones m\u00e1s desiguales del mundo en materia de ingresos. La desigualdad, no solo se expresa en la diferencia de ingresos de las personas, sino tambi\u00e9n en la discriminaci\u00f3n de clase, de raza, de g\u00e9nero, de origen geogr\u00e1fico, de distinta capacidad f\u00edsica, etc. En ese sentido, la juventud subraya la importancia de implementar pol\u00edticas p\u00fablicas que velen por oportunidades laborales y una educaci\u00f3n integral con una perspectiva de g\u00e9nero y no discriminaci\u00f3n. \n\t\t\t\t\t\t\t\t<\/div>\n\t\t\t\t<\/div>\n\t\t\t\t\t<\/div>\n\t\t<\/div>\n\t\t\t\t\t<\/div>\n\t\t<\/section>\n\t\t\t\t<div class=\"elementor-element elementor-element-efbbbfa elementor-widget elementor-widget-spacer\" data-id=\"efbbbfa\" data-element_type=\"widget\" data-e-type=\"widget\" data-widget_type=\"spacer.default\">\n\t\t\t\t<div class=\"elementor-widget-container\">\n\t\t\t\t\t\t\t<div class=\"elementor-spacer\">\n\t\t\t<div class=\"elementor-spacer-inner\"><\/div>\n\t\t<\/div>\n\t\t\t\t\t\t<\/div>\n\t\t\t\t<\/div>\n\t\t\t\t\t<\/div>\n\t\t<\/div>\n\t\t\t\t\t<\/div>\n\t\t<\/section>\n\t\t\t\t<\/div>\n\t\t","protected":false},"excerpt":{"rendered":"<p>Ejes tem\u00e1ticos El proceso de consultas juveniles del Foro de J\u00f3venes de las Am\u00e9ricas se enmarca y est\u00e1 conectado con las siguientes tem\u00e1ticas: (1) Cambio Clim\u00e1tico(2) COVID-19(3) Colaborando con la Juventud(4) Combatiendo la Corrupci\u00f3n(5) Conectividad y Transformaci\u00f3n Digital(6) Inclusi\u00f3n e Igualdad Prioridades actuales resultantes de una serie de consultas con la juventud y de los [&hellip;]<\/p>\n","protected":false},"author":1,"featured_media":0,"parent":0,"menu_order":0,"comment_status":"closed","ping_status":"closed","template":"","meta":{"footnotes":""},"class_list":["post-2543","page","type-page","status-publish","hentry"],"_links":{"self":[{"href":"https:\/\/yabt.net\/foro\/wp-json\/wp\/v2\/pages\/2543","targetHints":{"allow":["GET"]}}],"collection":[{"href":"https:\/\/yabt.net\/foro\/wp-json\/wp\/v2\/pages"}],"about":[{"href":"https:\/\/yabt.net\/foro\/wp-json\/wp\/v2\/types\/page"}],"author":[{"embeddable":true,"href":"https:\/\/yabt.net\/foro\/wp-json\/wp\/v2\/users\/1"}],"replies":[{"embeddable":true,"href":"https:\/\/yabt.net\/foro\/wp-json\/wp\/v2\/comments?post=2543"}],"version-history":[{"count":5,"href":"https:\/\/yabt.net\/foro\/wp-json\/wp\/v2\/pages\/2543\/revisions"}],"predecessor-version":[{"id":6919,"href":"https:\/\/yabt.net\/foro\/wp-json\/wp\/v2\/pages\/2543\/revisions\/6919"}],"wp:attachment":[{"href":"https:\/\/yabt.net\/foro\/wp-json\/wp\/v2\/media?parent=2543"}],"curies":[{"name":"wp","href":"https:\/\/api.w.org\/{rel}","templated":true}]}}