{"id":2575,"date":"2022-11-26T03:40:55","date_gmt":"2022-11-26T03:40:55","guid":{"rendered":"https:\/\/yabt.net\/?page_id=2065"},"modified":"2023-02-20T04:26:26","modified_gmt":"2023-02-20T04:26:26","slug":"emprendimiento-en-accion","status":"publish","type":"page","link":"https:\/\/yabt.net\/foro\/emprendimiento-en-accion\/","title":{"rendered":"Emprendimiento en Acci\u00f3n"},"content":{"rendered":"\t\t<div data-elementor-type=\"wp-page\" data-elementor-id=\"2575\" class=\"elementor elementor-2575\" data-elementor-post-type=\"page\">\n\t\t\t\t\t\t<section class=\"elementor-section elementor-top-section elementor-element elementor-element-9ee8c7b elementor-section-content-top elementor-section-boxed elementor-section-height-default elementor-section-height-default\" data-id=\"9ee8c7b\" data-element_type=\"section\" data-e-type=\"section\">\n\t\t\t\t\t\t<div class=\"elementor-container elementor-column-gap-default\">\n\t\t\t\t\t<div class=\"elementor-column elementor-col-100 elementor-top-column elementor-element elementor-element-25cb026\" data-id=\"25cb026\" data-element_type=\"column\" data-e-type=\"column\">\n\t\t\t<div class=\"elementor-widget-wrap elementor-element-populated\">\n\t\t\t\t\t\t<div class=\"elementor-element elementor-element-c3e5f1a elementor-widget elementor-widget-heading\" data-id=\"c3e5f1a\" data-element_type=\"widget\" data-e-type=\"widget\" data-widget_type=\"heading.default\">\n\t\t\t\t<div class=\"elementor-widget-container\">\n\t\t\t\t\t<h2 class=\"elementor-heading-title elementor-size-default\">Emprendimiento en Acci\u00f3n<\/h2>\t\t\t\t<\/div>\n\t\t\t\t<\/div>\n\t\t\t\t<div class=\"elementor-element elementor-element-8e6909c elementor-widget elementor-widget-spacer\" data-id=\"8e6909c\" data-element_type=\"widget\" data-e-type=\"widget\" data-widget_type=\"spacer.default\">\n\t\t\t\t<div class=\"elementor-widget-container\">\n\t\t\t\t\t\t\t<div class=\"elementor-spacer\">\n\t\t\t<div class=\"elementor-spacer-inner\"><\/div>\n\t\t<\/div>\n\t\t\t\t\t\t<\/div>\n\t\t\t\t<\/div>\n\t\t\t\t<div class=\"elementor-element elementor-element-e36d6e0 elementor-widget elementor-widget-text-editor\" data-id=\"e36d6e0\" data-element_type=\"widget\" data-e-type=\"widget\" data-widget_type=\"text-editor.default\">\n\t\t\t\t<div class=\"elementor-widget-container\">\n\t\t\t\t\t\t\t\t\t<p>El componente \u201cemprendimiento en acci\u00f3n\u201d muestra a la juventud emprendedora que, con sus soluciones innovadoras, est\u00e1n contribuyendo con las prioridades y los desaf\u00edos de las Am\u00e9ricas.<\/p><p>Una recuperaci\u00f3n socioecon\u00f3mica de la pandemia: las organizaciones multilaterales y los grupos de estudio informan de cifras y perspectivas alarmantes para la juventud, sus medios de vida se han visto afectados de manera desproporcionada durante COVID-19; la recesi\u00f3n econ\u00f3mica causada por el cierre de actividades, la p\u00e9rdida de empleos y el aprendizaje a distancia, cuando se dispone de ellos, ha expuesto a los j\u00f3venes a riesgos de vulnerabilidad sin precedentes, mercados laborales deprimidos cuando se grad\u00faen, una realidad que afectar\u00e1 su potencial para obtener salarios justos en las pr\u00f3ximas d\u00e9cadas.<\/p><p>Los j\u00f3venes de las Am\u00e9ricas est\u00e1n expresando con raz\u00f3n su profunda preocupaci\u00f3n por el cambio clim\u00e1tico, exigiendo con frecuencia cambios en las pol\u00edticas para hacer frente a sus efectos y consecuencias; pero no s\u00f3lo eso, tambi\u00e9n est\u00e1n actuando para crear el cambio ellos mismos, movilizando a sus pares y comunidades, creando redes y desarrollando iniciativas empresariales enfocadas en la resiliencia, mitigaci\u00f3n y adaptaci\u00f3n al cambio clim\u00e1tico.<\/p><p>Colaborar en la ideaci\u00f3n y la b\u00fasqueda de soluciones: aplicar un enfoque de desarrollo positivo de la juventud al trabajar en conjunto, reconociendo su potencial como innovadores, agentes de cambio y emprendedores a trav\u00e9s de los retos de la innovaci\u00f3n, laboratorios empresariales, hackathons, laboratorios de pol\u00edticas, laboratorios de innovaci\u00f3n, di\u00e1logos de juventud y otros foros similares. YABT tiene un amplio historial de desarrollo de canales participativos inclusivos y abiertos para incorporar las aportaciones de la juventud en la formulaci\u00f3n de pol\u00edticas y el dise\u00f1o de programas mediante las metodolog\u00edas del Foro de J\u00f3venes de las Am\u00e9ricas.<\/p><p>Una visi\u00f3n de crecimiento y prosperidad con equidad, hace indispensable mejorar y ampliar la conectividad digital para aprovechar los recursos y oportunidades que permitan a la juventud desarrollar habilidades para el presente y el futuro del trabajo, y de esa manera generar un cambio positivo en su comunidad. La inversi\u00f3n en el capital humano y la transformaci\u00f3n digital son claves para mitigar la desigualdad y generar nuevas fuentes de oportunidades econ\u00f3micas \u2013 en especial para j\u00f3venes y mujeres- a trav\u00e9s de la digitalizaci\u00f3n de negocios y aprovechar el talento de la juventud para desarrollar tecnolog\u00edas limpias, seguras, inclusivas y al servicio del desarrollo humano.<\/p>\t\t\t\t\t\t\t\t<\/div>\n\t\t\t\t<\/div>\n\t\t\t\t<div class=\"elementor-element elementor-element-6d1a67d elementor-widget elementor-widget-spacer\" data-id=\"6d1a67d\" data-element_type=\"widget\" data-e-type=\"widget\" data-widget_type=\"spacer.default\">\n\t\t\t\t<div class=\"elementor-widget-container\">\n\t\t\t\t\t\t\t<div class=\"elementor-spacer\">\n\t\t\t<div class=\"elementor-spacer-inner\"><\/div>\n\t\t<\/div>\n\t\t\t\t\t\t<\/div>\n\t\t\t\t<\/div>\n\t\t\t\t\t<\/div>\n\t\t<\/div>\n\t\t\t\t\t<\/div>\n\t\t<\/section>\n\t\t\t\t<\/div>\n\t\t","protected":false},"excerpt":{"rendered":"<p>Emprendimiento en Acci\u00f3n El componente \u201cemprendimiento en acci\u00f3n\u201d muestra a la juventud emprendedora que, con sus soluciones innovadoras, est\u00e1n contribuyendo con las prioridades y los desaf\u00edos de las Am\u00e9ricas. Una recuperaci\u00f3n socioecon\u00f3mica de la pandemia: las organizaciones multilaterales y los grupos de estudio informan de cifras y perspectivas alarmantes para la juventud, sus medios de [&hellip;]<\/p>\n","protected":false},"author":1,"featured_media":0,"parent":0,"menu_order":0,"comment_status":"closed","ping_status":"closed","template":"","meta":{"footnotes":""},"class_list":["post-2575","page","type-page","status-publish","hentry"],"_links":{"self":[{"href":"https:\/\/yabt.net\/foro\/wp-json\/wp\/v2\/pages\/2575","targetHints":{"allow":["GET"]}}],"collection":[{"href":"https:\/\/yabt.net\/foro\/wp-json\/wp\/v2\/pages"}],"about":[{"href":"https:\/\/yabt.net\/foro\/wp-json\/wp\/v2\/types\/page"}],"author":[{"embeddable":true,"href":"https:\/\/yabt.net\/foro\/wp-json\/wp\/v2\/users\/1"}],"replies":[{"embeddable":true,"href":"https:\/\/yabt.net\/foro\/wp-json\/wp\/v2\/comments?post=2575"}],"version-history":[{"count":5,"href":"https:\/\/yabt.net\/foro\/wp-json\/wp\/v2\/pages\/2575\/revisions"}],"predecessor-version":[{"id":6923,"href":"https:\/\/yabt.net\/foro\/wp-json\/wp\/v2\/pages\/2575\/revisions\/6923"}],"wp:attachment":[{"href":"https:\/\/yabt.net\/foro\/wp-json\/wp\/v2\/media?parent=2575"}],"curies":[{"name":"wp","href":"https:\/\/api.w.org\/{rel}","templated":true}]}}