{"id":2917,"date":"2022-12-01T18:08:50","date_gmt":"2022-12-01T18:08:50","guid":{"rendered":"https:\/\/yabt.net\/?page_id=2065"},"modified":"2023-02-22T17:37:29","modified_gmt":"2023-02-22T17:37:29","slug":"noticias","status":"publish","type":"page","link":"https:\/\/yabt.net\/foro\/noticias\/","title":{"rendered":"Noticias"},"content":{"rendered":"\t\t<div data-elementor-type=\"wp-page\" data-elementor-id=\"2917\" class=\"elementor elementor-2917\" data-elementor-post-type=\"page\">\n\t\t\t\t\t\t<section class=\"elementor-section elementor-top-section elementor-element elementor-element-9ee8c7b elementor-section-content-top elementor-section-boxed elementor-section-height-default elementor-section-height-default\" data-id=\"9ee8c7b\" data-element_type=\"section\" data-e-type=\"section\">\n\t\t\t\t\t\t<div class=\"elementor-container elementor-column-gap-default\">\n\t\t\t\t\t<div class=\"elementor-column elementor-col-100 elementor-top-column elementor-element elementor-element-25cb026\" data-id=\"25cb026\" data-element_type=\"column\" data-e-type=\"column\">\n\t\t\t<div class=\"elementor-widget-wrap elementor-element-populated\">\n\t\t\t\t\t\t<div class=\"elementor-element elementor-element-db18a49 elementor-widget elementor-widget-heading\" data-id=\"db18a49\" data-element_type=\"widget\" data-e-type=\"widget\" data-widget_type=\"heading.default\">\n\t\t\t\t<div class=\"elementor-widget-container\">\n\t\t\t\t\t<h2 class=\"elementor-heading-title elementor-size-default\">Noticias<\/h2>\t\t\t\t<\/div>\n\t\t\t\t<\/div>\n\t\t\t\t\t<\/div>\n\t\t<\/div>\n\t\t\t\t\t<\/div>\n\t\t<\/section>\n\t\t\t\t<section class=\"elementor-section elementor-top-section elementor-element elementor-element-23af7d8 elementor-section-boxed elementor-section-height-default elementor-section-height-default\" data-id=\"23af7d8\" data-element_type=\"section\" data-e-type=\"section\">\n\t\t\t\t\t\t<div class=\"elementor-container elementor-column-gap-default\">\n\t\t\t\t\t<div class=\"elementor-column elementor-col-100 elementor-top-column elementor-element elementor-element-635b181\" data-id=\"635b181\" data-element_type=\"column\" data-e-type=\"column\">\n\t\t\t<div class=\"elementor-widget-wrap elementor-element-populated\">\n\t\t\t\t\t\t<div class=\"elementor-element elementor-element-6d1f78d elementor-grid-1 elementor-posts--thumbnail-none elementor-grid-tablet-2 elementor-grid-mobile-1 elementor-widget elementor-widget-posts\" data-id=\"6d1f78d\" data-element_type=\"widget\" data-e-type=\"widget\" data-settings=\"{&quot;classic_columns&quot;:&quot;1&quot;,&quot;pagination_type&quot;:&quot;numbers&quot;,&quot;classic_columns_tablet&quot;:&quot;2&quot;,&quot;classic_columns_mobile&quot;:&quot;1&quot;,&quot;classic_row_gap&quot;:{&quot;unit&quot;:&quot;px&quot;,&quot;size&quot;:35,&quot;sizes&quot;:[]},&quot;classic_row_gap_tablet&quot;:{&quot;unit&quot;:&quot;px&quot;,&quot;size&quot;:&quot;&quot;,&quot;sizes&quot;:[]},&quot;classic_row_gap_mobile&quot;:{&quot;unit&quot;:&quot;px&quot;,&quot;size&quot;:&quot;&quot;,&quot;sizes&quot;:[]}}\" data-widget_type=\"posts.classic\">\n\t\t\t\t<div class=\"elementor-widget-container\">\n\t\t\t\t\t\t\t<div class=\"elementor-posts-container elementor-posts elementor-posts--skin-classic elementor-grid\" role=\"list\">\n\t\t\t\t<article class=\"elementor-post elementor-grid-item post-10403 post type-post status-publish format-standard has-post-thumbnail hentry category-es\" role=\"listitem\">\n\t\t\t\t<div class=\"elementor-post__text\">\n\t\t\t\t<h3 class=\"elementor-post__title\">\n\t\t\t<a href=\"https:\/\/yabt.net\/foro\/2025\/11\/13\/10403\/\" >\n\t\t\t\tMIREX anuncia posposici\u00f3n de la Cumbre de las Am\u00e9ricas\t\t\t<\/a>\n\t\t<\/h3>\n\t\t\n\t\t<a class=\"elementor-post__read-more\" href=\"https:\/\/yabt.net\/foro\/2025\/11\/13\/10403\/\" aria-label=\"Read more about MIREX anuncia posposici\u00f3n de la Cumbre de las Am\u00e9ricas\" tabindex=\"-1\" >\n\t\t\tSeguir leyendo \u00bb\t\t<\/a>\n\n\t\t\t\t<\/div>\n\t\t\t\t<\/article>\n\t\t\t\t<article class=\"elementor-post elementor-grid-item post-10090 post type-post status-publish format-standard has-post-thumbnail hentry category-es\" role=\"listitem\">\n\t\t\t\t<div class=\"elementor-post__text\">\n\t\t\t\t<h3 class=\"elementor-post__title\">\n\t\t\t<a href=\"https:\/\/yabt.net\/foro\/2025\/09\/16\/yabt-presenta-en-el-gric-los-avances-del-vii-foro-de-jovenes-de-las-americas\/\" >\n\t\t\t\tYABT presenta en el GRIC los avances del VII Foro de J\u00f3venes de las Am\u00e9ricas\t\t\t<\/a>\n\t\t<\/h3>\n\t\t\n\t\t<a class=\"elementor-post__read-more\" href=\"https:\/\/yabt.net\/foro\/2025\/09\/16\/yabt-presenta-en-el-gric-los-avances-del-vii-foro-de-jovenes-de-las-americas\/\" aria-label=\"Read more about YABT presenta en el GRIC los avances del VII Foro de J\u00f3venes de las Am\u00e9ricas\" tabindex=\"-1\" >\n\t\t\tSeguir leyendo \u00bb\t\t<\/a>\n\n\t\t\t\t<\/div>\n\t\t\t\t<\/article>\n\t\t\t\t<article class=\"elementor-post elementor-grid-item post-9602 post type-post status-publish format-standard has-post-thumbnail hentry category-es\" role=\"listitem\">\n\t\t\t\t<div class=\"elementor-post__text\">\n\t\t\t\t<h3 class=\"elementor-post__title\">\n\t\t\t<a href=\"https:\/\/yabt.net\/foro\/2025\/01\/24\/rumbo-al-vii-foro-de-jovenes-de-las-americas-de-la-x-cumbre-de-las-americas-dialogo-entre-yabt-y-jovenes-lideres-del-programa-en-diplomacia-gestion-internacional-y-resiliencia-urbana-2025\/\" >\n\t\t\t\tRumbo al VII Foro de J\u00f3venes de las Am\u00e9ricas de la X Cumbre de las Am\u00e9ricas: Di\u00e1logo entre YABT y J\u00f3venes L\u00edderes del &#8220;Programa en Diplomacia, Gesti\u00f3n Internacional y Resiliencia Urbana 2025&#8221;\t\t\t<\/a>\n\t\t<\/h3>\n\t\t\n\t\t<a class=\"elementor-post__read-more\" href=\"https:\/\/yabt.net\/foro\/2025\/01\/24\/rumbo-al-vii-foro-de-jovenes-de-las-americas-de-la-x-cumbre-de-las-americas-dialogo-entre-yabt-y-jovenes-lideres-del-programa-en-diplomacia-gestion-internacional-y-resiliencia-urbana-2025\/\" aria-label=\"Read more about Rumbo al VII Foro de J\u00f3venes de las Am\u00e9ricas de la X Cumbre de las Am\u00e9ricas: Di\u00e1logo entre YABT y J\u00f3venes L\u00edderes del &#8220;Programa en Diplomacia, Gesti\u00f3n Internacional y Resiliencia Urbana 2025&#8221;\" tabindex=\"-1\" >\n\t\t\tSeguir leyendo \u00bb\t\t<\/a>\n\n\t\t\t\t<\/div>\n\t\t\t\t<\/article>\n\t\t\t\t<article class=\"elementor-post elementor-grid-item post-9536 post type-post status-publish format-standard has-post-thumbnail hentry category-es\" role=\"listitem\">\n\t\t\t\t<div class=\"elementor-post__text\">\n\t\t\t\t<h3 class=\"elementor-post__title\">\n\t\t\t<a href=\"https:\/\/yabt.net\/foro\/2024\/12\/10\/septimo-foro-de-jovenes-de-las-americas-y-lanzamiento-del-start-up-challenge-2025-marcan-el-camino-hacia-la-decima-cumbre-de-las-americas\/\" >\n\t\t\t\tS\u00e9ptimo Foro de J\u00f3venes de las Am\u00e9ricas y Lanzamiento del Start-Up Challenge 2025 Marcan el Camino Hacia la D\u00e9cima Cumbre de las Am\u00e9ricas\t\t\t<\/a>\n\t\t<\/h3>\n\t\t\n\t\t<a class=\"elementor-post__read-more\" href=\"https:\/\/yabt.net\/foro\/2024\/12\/10\/septimo-foro-de-jovenes-de-las-americas-y-lanzamiento-del-start-up-challenge-2025-marcan-el-camino-hacia-la-decima-cumbre-de-las-americas\/\" aria-label=\"Read more about S\u00e9ptimo Foro de J\u00f3venes de las Am\u00e9ricas y Lanzamiento del Start-Up Challenge 2025 Marcan el Camino Hacia la D\u00e9cima Cumbre de las Am\u00e9ricas\" tabindex=\"-1\" >\n\t\t\tSeguir leyendo \u00bb\t\t<\/a>\n\n\t\t\t\t<\/div>\n\t\t\t\t<\/article>\n\t\t\t\t<article class=\"elementor-post elementor-grid-item post-9530 post type-post status-publish format-standard has-post-thumbnail hentry category-es\" role=\"listitem\">\n\t\t\t\t<div class=\"elementor-post__text\">\n\t\t\t\t<h3 class=\"elementor-post__title\">\n\t\t\t<a href=\"https:\/\/yabt.net\/foro\/2024\/12\/06\/anuncio-del-vii-foro-de-jovenes-de-las-americas-rumbo-a-la-x-cumbre-de-las-americas\/\" >\n\t\t\t\tAnuncio del VII Foro de J\u00f3venes de las Am\u00e9ricas rumbo a la X Cumbre de las Am\u00e9ricas\t\t\t<\/a>\n\t\t<\/h3>\n\t\t\n\t\t<a class=\"elementor-post__read-more\" href=\"https:\/\/yabt.net\/foro\/2024\/12\/06\/anuncio-del-vii-foro-de-jovenes-de-las-americas-rumbo-a-la-x-cumbre-de-las-americas\/\" aria-label=\"Read more about Anuncio del VII Foro de J\u00f3venes de las Am\u00e9ricas rumbo a la X Cumbre de las Am\u00e9ricas\" tabindex=\"-1\" >\n\t\t\tSeguir leyendo \u00bb\t\t<\/a>\n\n\t\t\t\t<\/div>\n\t\t\t\t<\/article>\n\t\t\t\t<article class=\"elementor-post elementor-grid-item post-9524 post type-post status-publish format-standard has-post-thumbnail hentry category-es\" role=\"listitem\">\n\t\t\t\t<div class=\"elementor-post__text\">\n\t\t\t\t<h3 class=\"elementor-post__title\">\n\t\t\t<a href=\"https:\/\/yabt.net\/foro\/2024\/10\/15\/yabt-eleva-las-contribuciones-de-las-juventudes-en-el-foro-mundial-de-la-alimentacion-en-roma\/\" >\n\t\t\t\tYABT eleva las contribuciones de las juventudes en el Foro Mundial de la Alimentaci\u00f3n en Roma\t\t\t<\/a>\n\t\t<\/h3>\n\t\t\n\t\t<a class=\"elementor-post__read-more\" href=\"https:\/\/yabt.net\/foro\/2024\/10\/15\/yabt-eleva-las-contribuciones-de-las-juventudes-en-el-foro-mundial-de-la-alimentacion-en-roma\/\" aria-label=\"Read more about YABT eleva las contribuciones de las juventudes en el Foro Mundial de la Alimentaci\u00f3n en Roma\" tabindex=\"-1\" >\n\t\t\tSeguir leyendo \u00bb\t\t<\/a>\n\n\t\t\t\t<\/div>\n\t\t\t\t<\/article>\n\t\t\t\t<\/div>\n\t\t\n\t\t\t\t<div class=\"e-load-more-anchor\" data-page=\"1\" data-max-page=\"6\" data-next-page=\"https:\/\/yabt.net\/foro\/wp-json\/wp\/v2\/pages\/2917\/page\/2\/\"><\/div>\n\t\t\t\t<nav class=\"elementor-pagination\" aria-label=\"Pagination\">\n\t\t\t<span aria-current=\"page\" class=\"page-numbers current\"><span class=\"elementor-screen-only\">Page<\/span>1<\/span>\n<a class=\"page-numbers\" href=\"https:\/\/yabt.net\/foro\/wp-json\/wp\/v2\/pages\/2917\/page\/2\/\"><span class=\"elementor-screen-only\">Page<\/span>2<\/a>\n<a class=\"page-numbers\" href=\"https:\/\/yabt.net\/foro\/wp-json\/wp\/v2\/pages\/2917\/page\/3\/\"><span class=\"elementor-screen-only\">Page<\/span>3<\/a>\n<a class=\"page-numbers\" href=\"https:\/\/yabt.net\/foro\/wp-json\/wp\/v2\/pages\/2917\/page\/4\/\"><span class=\"elementor-screen-only\">Page<\/span>4<\/a>\n<a class=\"page-numbers\" href=\"https:\/\/yabt.net\/foro\/wp-json\/wp\/v2\/pages\/2917\/page\/5\/\"><span class=\"elementor-screen-only\">Page<\/span>5<\/a>\t\t<\/nav>\n\t\t\t\t\t\t<\/div>\n\t\t\t\t<\/div>\n\t\t\t\t\t<\/div>\n\t\t<\/div>\n\t\t\t\t\t<\/div>\n\t\t<\/section>\n\t\t\t\t<\/div>\n\t\t","protected":false},"excerpt":{"rendered":"<p>Noticias<\/p>\n","protected":false},"author":1,"featured_media":0,"parent":0,"menu_order":0,"comment_status":"closed","ping_status":"closed","template":"","meta":{"footnotes":""},"class_list":["post-2917","page","type-page","status-publish","hentry"],"_links":{"self":[{"href":"https:\/\/yabt.net\/foro\/wp-json\/wp\/v2\/pages\/2917","targetHints":{"allow":["GET"]}}],"collection":[{"href":"https:\/\/yabt.net\/foro\/wp-json\/wp\/v2\/pages"}],"about":[{"href":"https:\/\/yabt.net\/foro\/wp-json\/wp\/v2\/types\/page"}],"author":[{"embeddable":true,"href":"https:\/\/yabt.net\/foro\/wp-json\/wp\/v2\/users\/1"}],"replies":[{"embeddable":true,"href":"https:\/\/yabt.net\/foro\/wp-json\/wp\/v2\/comments?post=2917"}],"version-history":[{"count":38,"href":"https:\/\/yabt.net\/foro\/wp-json\/wp\/v2\/pages\/2917\/revisions"}],"predecessor-version":[{"id":7672,"href":"https:\/\/yabt.net\/foro\/wp-json\/wp\/v2\/pages\/2917\/revisions\/7672"}],"wp:attachment":[{"href":"https:\/\/yabt.net\/foro\/wp-json\/wp\/v2\/media?parent=2917"}],"curies":[{"name":"wp","href":"https:\/\/api.w.org\/{rel}","templated":true}]}}