{"id":7489,"date":"2023-02-22T00:24:29","date_gmt":"2023-02-22T00:24:29","guid":{"rendered":"https:\/\/yabt.net\/foro\/?page_id=7489"},"modified":"2023-02-22T04:04:57","modified_gmt":"2023-02-22T04:04:57","slug":"policy-labs","status":"publish","type":"page","link":"https:\/\/yabt.net\/foro\/en\/policy-labs\/","title":{"rendered":"Policy Labs"},"content":{"rendered":"\t\t<div data-elementor-type=\"wp-page\" data-elementor-id=\"7489\" class=\"elementor elementor-7489\" data-elementor-post-type=\"page\">\n\t\t\t\t\t\t<section class=\"elementor-section elementor-top-section elementor-element elementor-element-d05e0f8 elementor-section-content-top elementor-section-boxed elementor-section-height-default elementor-section-height-default\" data-id=\"d05e0f8\" data-element_type=\"section\" data-e-type=\"section\">\n\t\t\t\t\t\t<div class=\"elementor-container elementor-column-gap-default\">\n\t\t\t\t\t<div class=\"elementor-column elementor-col-100 elementor-top-column elementor-element elementor-element-7255e4a\" data-id=\"7255e4a\" data-element_type=\"column\" data-e-type=\"column\">\n\t\t\t<div class=\"elementor-widget-wrap elementor-element-populated\">\n\t\t\t\t\t\t<div class=\"elementor-element elementor-element-bca0ba3 elementor-widget elementor-widget-heading\" data-id=\"bca0ba3\" data-element_type=\"widget\" data-e-type=\"widget\" data-widget_type=\"heading.default\">\n\t\t\t\t<div class=\"elementor-widget-container\">\n\t\t\t\t\t<h2 class=\"elementor-heading-title elementor-size-default\">Policy Labs<\/h2>\t\t\t\t<\/div>\n\t\t\t\t<\/div>\n\t\t\t\t<div class=\"elementor-element elementor-element-b3f15cf elementor-widget elementor-widget-spacer\" data-id=\"b3f15cf\" data-element_type=\"widget\" data-e-type=\"widget\" data-widget_type=\"spacer.default\">\n\t\t\t\t<div class=\"elementor-widget-container\">\n\t\t\t\t\t\t\t<div class=\"elementor-spacer\">\n\t\t\t<div class=\"elementor-spacer-inner\"><\/div>\n\t\t<\/div>\n\t\t\t\t\t\t<\/div>\n\t\t\t\t<\/div>\n\t\t\t\t<div class=\"elementor-element elementor-element-97b73f3 elementor-widget elementor-widget-text-editor\" data-id=\"97b73f3\" data-element_type=\"widget\" data-e-type=\"widget\" data-widget_type=\"text-editor.default\">\n\t\t\t\t<div class=\"elementor-widget-container\">\n\t\t\t\t\t\t\t\t\t<p>Policy Labs are virtual presentations, roundtables and events created to facilitate the incorporation of research evidence into policy and practice, with a special focus on youth.<\/p>\t\t\t\t\t\t\t\t<\/div>\n\t\t\t\t<\/div>\n\t\t\t\t<section class=\"elementor-section elementor-inner-section elementor-element elementor-element-35d79e2 elementor-section-boxed elementor-section-height-default elementor-section-height-default\" data-id=\"35d79e2\" data-element_type=\"section\" data-e-type=\"section\">\n\t\t\t\t\t\t<div class=\"elementor-container elementor-column-gap-default\">\n\t\t\t\t\t<div class=\"elementor-column elementor-col-50 elementor-inner-column elementor-element elementor-element-6587798\" data-id=\"6587798\" data-element_type=\"column\" data-e-type=\"column\">\n\t\t\t<div class=\"elementor-widget-wrap elementor-element-populated\">\n\t\t\t\t\t\t<div class=\"elementor-element elementor-element-9c0d619 elementor-widget elementor-widget-image\" data-id=\"9c0d619\" data-element_type=\"widget\" data-e-type=\"widget\" data-widget_type=\"image.default\">\n\t\t\t\t<div class=\"elementor-widget-container\">\n\t\t\t\t\t\t\t\t\t\t\t\t\t\t\t\t<a href=\"https:\/\/yabt.net\/foro\/en\/policy-labs\/meaningful-youth-participation-2022\/\">\n\t\t\t\t\t\t\t<img decoding=\"async\" src=\"https:\/\/yabt.net\/wp-content\/uploads\/2023\/01\/participacionoct.jpg\" title=\"\" alt=\"\" loading=\"lazy\" \/>\t\t\t\t\t\t\t\t<\/a>\n\t\t\t\t\t\t\t\t\t\t\t\t\t\t\t<\/div>\n\t\t\t\t<\/div>\n\t\t\t\t<div class=\"elementor-element elementor-element-e0b0523 elementor-widget elementor-widget-heading\" data-id=\"e0b0523\" data-element_type=\"widget\" data-e-type=\"widget\" data-widget_type=\"heading.default\">\n\t\t\t\t<div class=\"elementor-widget-container\">\n\t\t\t\t\t<h6 class=\"elementor-heading-title elementor-size-default\"><a href=\"https:\/\/yabt.net\/foro\/laboratorios-de-politica\/participacion-politica-de-la-juventud\">Meaningful youth participation<\/a><\/h6>\t\t\t\t<\/div>\n\t\t\t\t<\/div>\n\t\t\t\t<div class=\"elementor-element elementor-element-5420ac5 elementor-widget elementor-widget-text-editor\" data-id=\"5420ac5\" data-element_type=\"widget\" data-e-type=\"widget\" data-widget_type=\"text-editor.default\">\n\t\t\t\t<div class=\"elementor-widget-container\">\n\t\t\t\t\t\t\t\t\t<p><span style=\"color: #3366ff;\">OCTOBER 03, 2022<\/span><\/p>\t\t\t\t\t\t\t\t<\/div>\n\t\t\t\t<\/div>\n\t\t\t\t<div class=\"elementor-element elementor-element-011d296 elementor-widget elementor-widget-text-editor\" data-id=\"011d296\" data-element_type=\"widget\" data-e-type=\"widget\" data-widget_type=\"text-editor.default\">\n\t\t\t\t<div class=\"elementor-widget-container\">\n\t\t\t\t\t\t\t\t\t<p><strong>En colaboraci\u00f3n con<\/strong>: I Encuentro de J\u00f3venes de las Am\u00e9ricas. <a href=\"https:\/\/yabt.net\/foro\/en\/policy-labs\/meaningful-youth-participation-2022\/\"><strong>Read more<\/strong><\/a><\/p>\t\t\t\t\t\t\t\t<\/div>\n\t\t\t\t<\/div>\n\t\t\t\t\t<\/div>\n\t\t<\/div>\n\t\t\t\t<div class=\"elementor-column elementor-col-50 elementor-inner-column elementor-element elementor-element-e3e40f6\" data-id=\"e3e40f6\" data-element_type=\"column\" data-e-type=\"column\">\n\t\t\t<div class=\"elementor-widget-wrap elementor-element-populated\">\n\t\t\t\t\t\t<div class=\"elementor-element elementor-element-2406eb8 elementor-widget elementor-widget-image\" data-id=\"2406eb8\" data-element_type=\"widget\" data-e-type=\"widget\" data-widget_type=\"image.default\">\n\t\t\t\t<div class=\"elementor-widget-container\">\n\t\t\t\t\t\t\t\t\t\t\t\t\t\t\t\t<a href=\"https:\/\/yabt.net\/foro\/en\/policy-labs\/the-ninth-summit-of-the-americas-and-youth-participation\/\">\n\t\t\t\t\t\t\t<img decoding=\"async\" src=\"https:\/\/yabt.net\/wp-content\/uploads\/2023\/01\/cumbre.jpg\" title=\"\" alt=\"\" loading=\"lazy\" \/>\t\t\t\t\t\t\t\t<\/a>\n\t\t\t\t\t\t\t\t\t\t\t\t\t\t\t<\/div>\n\t\t\t\t<\/div>\n\t\t\t\t<div class=\"elementor-element elementor-element-f1f8806 elementor-widget elementor-widget-heading\" data-id=\"f1f8806\" data-element_type=\"widget\" data-e-type=\"widget\" data-widget_type=\"heading.default\">\n\t\t\t\t<div class=\"elementor-widget-container\">\n\t\t\t\t\t<h6 class=\"elementor-heading-title elementor-size-default\"><a href=\"https:\/\/yabt.net\/foro\/en\/policy-labs\/the-ninth-summit-of-the-americas-and-youth-participation\/\">The Ninth Summit of the Americas and Youth Participation<\/a><\/h6>\t\t\t\t<\/div>\n\t\t\t\t<\/div>\n\t\t\t\t<div class=\"elementor-element elementor-element-c940a23 elementor-widget elementor-widget-text-editor\" data-id=\"c940a23\" data-element_type=\"widget\" data-e-type=\"widget\" data-widget_type=\"text-editor.default\">\n\t\t\t\t<div class=\"elementor-widget-container\">\n\t\t\t\t\t\t\t\t\t<p><span style=\"color: #3366ff;\">FEBRUARY 15, 2022<\/span><\/p>\t\t\t\t\t\t\t\t<\/div>\n\t\t\t\t<\/div>\n\t\t\t\t<div class=\"elementor-element elementor-element-519a00d elementor-widget elementor-widget-text-editor\" data-id=\"519a00d\" data-element_type=\"widget\" data-e-type=\"widget\" data-widget_type=\"text-editor.default\">\n\t\t\t\t<div class=\"elementor-widget-container\">\n\t\t\t\t\t\t\t\t\t<p><strong>In collaboration with:\u00a0<\/strong>U.S. Department of State and Summits of the Americas Secretariat. <a href=\"https:\/\/yabt.net\/foro\/en\/policy-labs\/the-ninth-summit-of-the-americas-and-youth-participation\/\"><strong>Read more<\/strong><\/a><\/p>\t\t\t\t\t\t\t\t<\/div>\n\t\t\t\t<\/div>\n\t\t\t\t\t<\/div>\n\t\t<\/div>\n\t\t\t\t\t<\/div>\n\t\t<\/section>\n\t\t\t\t<section class=\"elementor-section elementor-inner-section elementor-element elementor-element-60b1d7f elementor-section-boxed elementor-section-height-default elementor-section-height-default\" data-id=\"60b1d7f\" data-element_type=\"section\" data-e-type=\"section\">\n\t\t\t\t\t\t<div class=\"elementor-container elementor-column-gap-default\">\n\t\t\t\t\t<div class=\"elementor-column elementor-col-50 elementor-inner-column elementor-element elementor-element-b761990\" data-id=\"b761990\" data-element_type=\"column\" data-e-type=\"column\">\n\t\t\t<div class=\"elementor-widget-wrap elementor-element-populated\">\n\t\t\t\t\t\t<div class=\"elementor-element elementor-element-0a4037b elementor-widget elementor-widget-image\" data-id=\"0a4037b\" data-element_type=\"widget\" data-e-type=\"widget\" data-widget_type=\"image.default\">\n\t\t\t\t<div class=\"elementor-widget-container\">\n\t\t\t\t\t\t\t\t\t\t\t\t\t\t\t\t<a href=\"https:\/\/yabt.net\/foro\/en\/policy-labs\/meaningful-youth-participation\/\">\n\t\t\t\t\t\t\t<img decoding=\"async\" src=\"https:\/\/yabt.net\/wp-content\/uploads\/2023\/01\/participacion.jpg\" title=\"\" alt=\"\" loading=\"lazy\" \/>\t\t\t\t\t\t\t\t<\/a>\n\t\t\t\t\t\t\t\t\t\t\t\t\t\t\t<\/div>\n\t\t\t\t<\/div>\n\t\t\t\t<div class=\"elementor-element elementor-element-7f5dfb8 elementor-widget elementor-widget-heading\" data-id=\"7f5dfb8\" data-element_type=\"widget\" data-e-type=\"widget\" data-widget_type=\"heading.default\">\n\t\t\t\t<div class=\"elementor-widget-container\">\n\t\t\t\t\t<h6 class=\"elementor-heading-title elementor-size-default\"><a href=\"https:\/\/yabt.net\/foro\/en\/policy-labs\/meaningful-youth-participation\/\">Meaningful youth participation<\/a><\/h6>\t\t\t\t<\/div>\n\t\t\t\t<\/div>\n\t\t\t\t<div class=\"elementor-element elementor-element-d56d7b4 elementor-widget elementor-widget-text-editor\" data-id=\"d56d7b4\" data-element_type=\"widget\" data-e-type=\"widget\" data-widget_type=\"text-editor.default\">\n\t\t\t\t<div class=\"elementor-widget-container\">\n\t\t\t\t\t\t\t\t\t<p><span style=\"color: #3366ff;\">DECEMBER 09, 2021<\/span><\/p>\t\t\t\t\t\t\t\t<\/div>\n\t\t\t\t<\/div>\n\t\t\t\t<div class=\"elementor-element elementor-element-e826868 elementor-widget elementor-widget-text-editor\" data-id=\"e826868\" data-element_type=\"widget\" data-e-type=\"widget\" data-widget_type=\"text-editor.default\">\n\t\t\t\t<div class=\"elementor-widget-container\">\n\t\t\t\t\t\t\t\t\t<p><strong>In partnership with:\u00a0<\/strong>Organization of American States, Summits of the Americas Secretariat and UNESCO. <a href=\"https:\/\/yabt.net\/foro\/en\/policy-labs\/meaningful-youth-participation\/\"><strong>Read more<\/strong><\/a><\/p>\t\t\t\t\t\t\t\t<\/div>\n\t\t\t\t<\/div>\n\t\t\t\t\t<\/div>\n\t\t<\/div>\n\t\t\t\t<div class=\"elementor-column elementor-col-50 elementor-inner-column elementor-element elementor-element-dfad7bc\" data-id=\"dfad7bc\" data-element_type=\"column\" data-e-type=\"column\">\n\t\t\t<div class=\"elementor-widget-wrap elementor-element-populated\">\n\t\t\t\t\t\t<div class=\"elementor-element elementor-element-54e7aec elementor-widget elementor-widget-image\" data-id=\"54e7aec\" data-element_type=\"widget\" data-e-type=\"widget\" data-widget_type=\"image.default\">\n\t\t\t\t<div class=\"elementor-widget-container\">\n\t\t\t\t\t\t\t\t\t\t\t\t\t\t\t\t<a href=\"https:\/\/yabt.net\/foro\/en\/policy-labs\/young-women-entrepreneurs-and-covid-19-in-latin-america-and-the-caribbean\/\">\n\t\t\t\t\t\t\t<img decoding=\"async\" src=\"https:\/\/yabt.net\/wp-content\/uploads\/2023\/01\/jovenesem.png\" title=\"\" alt=\"\" loading=\"lazy\" \/>\t\t\t\t\t\t\t\t<\/a>\n\t\t\t\t\t\t\t\t\t\t\t\t\t\t\t<\/div>\n\t\t\t\t<\/div>\n\t\t\t\t<div class=\"elementor-element elementor-element-27fb995 elementor-widget elementor-widget-heading\" data-id=\"27fb995\" data-element_type=\"widget\" data-e-type=\"widget\" data-widget_type=\"heading.default\">\n\t\t\t\t<div class=\"elementor-widget-container\">\n\t\t\t\t\t<h6 class=\"elementor-heading-title elementor-size-default\"><a href=\"https:\/\/yabt.net\/foro\/en\/policy-labs\/young-women-entrepreneurs-and-covid-19-in-latin-america-and-the-caribbean\/\">Young Women Entrepreneurs and COVID-19 in Latin America and the Caribbean<\/a><\/h6>\t\t\t\t<\/div>\n\t\t\t\t<\/div>\n\t\t\t\t<div class=\"elementor-element elementor-element-2d553ab elementor-widget elementor-widget-text-editor\" data-id=\"2d553ab\" data-element_type=\"widget\" data-e-type=\"widget\" data-widget_type=\"text-editor.default\">\n\t\t\t\t<div class=\"elementor-widget-container\">\n\t\t\t\t\t\t\t\t\t<p><span style=\"color: #3366ff;\">SEPTEMBER 23, 2021<\/span><\/p>\t\t\t\t\t\t\t\t<\/div>\n\t\t\t\t<\/div>\n\t\t\t\t<div class=\"elementor-element elementor-element-643a12d elementor-widget elementor-widget-text-editor\" data-id=\"643a12d\" data-element_type=\"widget\" data-e-type=\"widget\" data-widget_type=\"text-editor.default\">\n\t\t\t\t<div class=\"elementor-widget-container\">\n\t\t\t\t\t\t\t\t\t<p><strong>In collaboration with:\u00a0<\/strong>Secretariat for the Summits of the Americas, Gender Innovation Lab for Latin America and the Caribbean of the World Bank, Inter-American Commission of Women of the Organization of American States (CIM\/OAS) and Ministry of Women of the Republic of Paraguay.\u00a0 <strong><a href=\"https:\/\/yabt.net\/foro\/en\/policy-labs\/young-women-entrepreneurs-and-covid-19-in-latin-america-and-the-caribbean\/\">Read more.<\/a><\/strong><\/p>\t\t\t\t\t\t\t\t<\/div>\n\t\t\t\t<\/div>\n\t\t\t\t\t<\/div>\n\t\t<\/div>\n\t\t\t\t\t<\/div>\n\t\t<\/section>\n\t\t\t\t\t<\/div>\n\t\t<\/div>\n\t\t\t\t\t<\/div>\n\t\t<\/section>\n\t\t\t\t<\/div>\n\t\t","protected":false},"excerpt":{"rendered":"<p>Policy Labs Policy Labs are virtual presentations, roundtables and events created to facilitate the incorporation of research evidence into policy and practice, with a special focus on youth. Meaningful youth participation OCTOBER 03, 2022 En colaboraci\u00f3n con: I Encuentro de J\u00f3venes de las Am\u00e9ricas. Read more The Ninth Summit of the Americas and Youth Participation [&hellip;]<\/p>\n","protected":false},"author":1,"featured_media":0,"parent":3016,"menu_order":0,"comment_status":"closed","ping_status":"closed","template":"","meta":{"footnotes":""},"class_list":["post-7489","page","type-page","status-publish","hentry"],"_links":{"self":[{"href":"https:\/\/yabt.net\/foro\/wp-json\/wp\/v2\/pages\/7489","targetHints":{"allow":["GET"]}}],"collection":[{"href":"https:\/\/yabt.net\/foro\/wp-json\/wp\/v2\/pages"}],"about":[{"href":"https:\/\/yabt.net\/foro\/wp-json\/wp\/v2\/types\/page"}],"author":[{"embeddable":true,"href":"https:\/\/yabt.net\/foro\/wp-json\/wp\/v2\/users\/1"}],"replies":[{"embeddable":true,"href":"https:\/\/yabt.net\/foro\/wp-json\/wp\/v2\/comments?post=7489"}],"version-history":[{"count":22,"href":"https:\/\/yabt.net\/foro\/wp-json\/wp\/v2\/pages\/7489\/revisions"}],"predecessor-version":[{"id":7607,"href":"https:\/\/yabt.net\/foro\/wp-json\/wp\/v2\/pages\/7489\/revisions\/7607"}],"up":[{"embeddable":true,"href":"https:\/\/yabt.net\/foro\/wp-json\/wp\/v2\/pages\/3016"}],"wp:attachment":[{"href":"https:\/\/yabt.net\/foro\/wp-json\/wp\/v2\/media?parent=7489"}],"curies":[{"name":"wp","href":"https:\/\/api.w.org\/{rel}","templated":true}]}}