{"id":7871,"date":"2023-03-15T20:07:58","date_gmt":"2023-03-15T20:07:58","guid":{"rendered":"https:\/\/yabt.net\/foro\/?page_id=7871"},"modified":"2023-03-15T20:28:14","modified_gmt":"2023-03-15T20:28:14","slug":"consideraciones","status":"publish","type":"page","link":"https:\/\/yabt.net\/foro\/encuentro-2022\/consideraciones\/","title":{"rendered":"Consideraciones Importantes"},"content":{"rendered":"\t\t<div data-elementor-type=\"wp-page\" data-elementor-id=\"7871\" class=\"elementor elementor-7871\" data-elementor-post-type=\"page\">\n\t\t\t\t\t\t<section class=\"elementor-section elementor-top-section elementor-element elementor-element-09601ce elementor-section-boxed elementor-section-height-default elementor-section-height-default\" data-id=\"09601ce\" data-element_type=\"section\" data-e-type=\"section\">\n\t\t\t\t\t\t<div class=\"elementor-container elementor-column-gap-default\">\n\t\t\t\t\t<div class=\"elementor-column elementor-col-100 elementor-top-column elementor-element elementor-element-b90140d\" data-id=\"b90140d\" data-element_type=\"column\" data-e-type=\"column\">\n\t\t\t<div class=\"elementor-widget-wrap elementor-element-populated\">\n\t\t\t\t\t\t<div class=\"elementor-element elementor-element-b3e65ad elementor-widget elementor-widget-theme-post-title elementor-page-title elementor-widget-heading\" data-id=\"b3e65ad\" data-element_type=\"widget\" data-e-type=\"widget\" data-widget_type=\"theme-post-title.default\">\n\t\t\t\t<div class=\"elementor-widget-container\">\n\t\t\t\t\t<h1 class=\"elementor-heading-title elementor-size-default\">Consideraciones Importantes<\/h1>\t\t\t\t<\/div>\n\t\t\t\t<\/div>\n\t\t\t\t<div class=\"elementor-element elementor-element-b3d6ae8 elementor-widget elementor-widget-text-editor\" data-id=\"b3d6ae8\" data-element_type=\"widget\" data-e-type=\"widget\" data-widget_type=\"text-editor.default\">\n\t\t\t\t<div class=\"elementor-widget-container\">\n\t\t\t\t\t\t\t\t\t<p><b>Para acceder:\u00a0<\/b><\/p><p style=\"padding-left: 40px;\"><b>Participantes presenciales<\/b><\/p><p style=\"padding-left: 80px;\">\u2013 Llevar consigo la confirmaci\u00f3n de registro por parte de YABT (formato electr\u00f3nico o impreso).<\/p><p style=\"padding-left: 80px;\">\u2013 No se permitir\u00e1 el acceso con mochilas, maletas, laptops. Por persona solo se permitir\u00e1 una bolsa de medidas aprox. 20 cm x 20 cm.<\/p><p style=\"padding-left: 80px;\">\u2013Solo se permitir\u00e1 una bolsa de medidas aprox. 20 cm x 20 cm (por persona).<\/p><p style=\"padding-left: 80px;\">\u2013Electr\u00f3nicos: Se permiten celulares y iPads de uso personal. No se permiten c\u00e1maras profesionales.<\/p><p style=\"padding-left: 80px;\">\u2013Es obligatorio usar mascarilla de forma correcta cuando est\u00e9n en p\u00fablico, cubriendo nariz y boca, independientemente de su estado de vacunaci\u00f3n.<\/p><p style=\"padding-left: 40px;\"><b>Dentro de las instalaciones:<\/b><\/p><p style=\"padding-left: 80px;\">\u2013 Al toser o estornudar deber\u00e1 cubrirse la nariz y la boca.\u00a0En caso de toser o estornudar, se tendr\u00e1 que colocar una mascarilla nueva lo antes posible y lavarse las manos.<\/p><p style=\"padding-left: 80px;\">\u2013 Lavarse frecuentemente las manos.<\/p><p style=\"padding-left: 80px;\">\u2013 Tomar precauciones cuando viaja: Lea cuidadosamente sobre los \u00faltimos protocolos de COVID-19 para visitantes nacionales e internacionales: informaci\u00f3n\u00a0<a href=\"https:\/\/web.archive.org\/web\/20221003022710\/https:\/\/www.gob.pe\/12188-indicaciones-para-el-transporte-aereo-durante-el-estado-de-emergencia-si-vas-a-ingresar-al-peru\"><b>aqu\u00ed.<\/b><\/a><\/p><p style=\"padding-left: 80px;\"><a href=\"https:\/\/web.archive.org\/web\/20221003022710\/https:\/\/visitalima.pe\/dato\/alerta-covid\/\"><b>\u2013 Datos adicionales<\/b><\/a>.<b>\u00a0<\/b><\/p><p style=\"padding-left: 80px;\">\u2013 En caso de presentar s\u00edntomas de COVID-19 al interior del recinto, dar aviso inmediato a alg\u00fan miembro del Staff YABT.<\/p><p style=\"padding-left: 80px;\">\u2013 C\u00f3digo de Vestimenta: Business profesional.<\/p><p>*Los organizadores se reservan el derecho de cambiar la agenda en cualquier momento, as\u00ed como el negar la entrada o remover del recinto a personas consideren que no se adhieren a un comportamiento respetuoso del evento.<\/p>\t\t\t\t\t\t\t\t<\/div>\n\t\t\t\t<\/div>\n\t\t\t\t\t<\/div>\n\t\t<\/div>\n\t\t\t\t\t<\/div>\n\t\t<\/section>\n\t\t\t\t<\/div>\n\t\t","protected":false},"excerpt":{"rendered":"<p>Para acceder:\u00a0 Participantes presenciales \u2013 Llevar consigo la confirmaci\u00f3n de registro por parte de YABT (formato electr\u00f3nico o impreso). \u2013 No se permitir\u00e1 el acceso con mochilas, maletas, laptops. Por persona solo se permitir\u00e1 una bolsa de medidas aprox. 20 cm x 20 cm. \u2013Solo se permitir\u00e1 una bolsa de medidas aprox. 20 cm x [&hellip;]<\/p>\n","protected":false},"author":1,"featured_media":0,"parent":3485,"menu_order":0,"comment_status":"closed","ping_status":"closed","template":"","meta":{"footnotes":""},"class_list":["post-7871","page","type-page","status-publish","hentry"],"_links":{"self":[{"href":"https:\/\/yabt.net\/foro\/wp-json\/wp\/v2\/pages\/7871","targetHints":{"allow":["GET"]}}],"collection":[{"href":"https:\/\/yabt.net\/foro\/wp-json\/wp\/v2\/pages"}],"about":[{"href":"https:\/\/yabt.net\/foro\/wp-json\/wp\/v2\/types\/page"}],"author":[{"embeddable":true,"href":"https:\/\/yabt.net\/foro\/wp-json\/wp\/v2\/users\/1"}],"replies":[{"embeddable":true,"href":"https:\/\/yabt.net\/foro\/wp-json\/wp\/v2\/comments?post=7871"}],"version-history":[{"count":5,"href":"https:\/\/yabt.net\/foro\/wp-json\/wp\/v2\/pages\/7871\/revisions"}],"predecessor-version":[{"id":7915,"href":"https:\/\/yabt.net\/foro\/wp-json\/wp\/v2\/pages\/7871\/revisions\/7915"}],"up":[{"embeddable":true,"href":"https:\/\/yabt.net\/foro\/wp-json\/wp\/v2\/pages\/3485"}],"wp:attachment":[{"href":"https:\/\/yabt.net\/foro\/wp-json\/wp\/v2\/media?parent=7871"}],"curies":[{"name":"wp","href":"https:\/\/api.w.org\/{rel}","templated":true}]}}