{"id":8645,"date":"2023-07-19T19:29:00","date_gmt":"2023-07-19T19:29:00","guid":{"rendered":"https:\/\/yabt.net\/foro\/?page_id=8645"},"modified":"2023-07-19T19:32:24","modified_gmt":"2023-07-19T19:32:24","slug":"el-camino-del-vi-foro","status":"publish","type":"page","link":"https:\/\/yabt.net\/foro\/el-camino-del-vi-foro\/","title":{"rendered":"El camino del VI Foro"},"content":{"rendered":"\t\t<div data-elementor-type=\"wp-page\" data-elementor-id=\"8645\" class=\"elementor elementor-8645\" data-elementor-post-type=\"page\">\n\t\t\t\t\t\t<section class=\"elementor-section elementor-top-section elementor-element elementor-element-ed1ea98 elementor-section-boxed elementor-section-height-default elementor-section-height-default\" data-id=\"ed1ea98\" data-element_type=\"section\" data-e-type=\"section\">\n\t\t\t\t\t\t<div class=\"elementor-container elementor-column-gap-default\">\n\t\t\t\t\t<div class=\"elementor-column elementor-col-100 elementor-top-column elementor-element elementor-element-3670edf\" data-id=\"3670edf\" data-element_type=\"column\" data-e-type=\"column\">\n\t\t\t<div class=\"elementor-widget-wrap elementor-element-populated\">\n\t\t\t\t\t\t<div class=\"elementor-element elementor-element-30744fd elementor-widget elementor-widget-theme-post-title elementor-page-title elementor-widget-heading\" data-id=\"30744fd\" data-element_type=\"widget\" data-e-type=\"widget\" data-widget_type=\"theme-post-title.default\">\n\t\t\t\t<div class=\"elementor-widget-container\">\n\t\t\t\t\t<h2 class=\"elementor-heading-title elementor-size-default\">El camino del VI Foro<\/h2>\t\t\t\t<\/div>\n\t\t\t\t<\/div>\n\t\t\t\t<div class=\"elementor-element elementor-element-bd13e57 elementor-widget elementor-widget-spacer\" data-id=\"bd13e57\" data-element_type=\"widget\" data-e-type=\"widget\" data-widget_type=\"spacer.default\">\n\t\t\t\t<div class=\"elementor-widget-container\">\n\t\t\t\t\t\t\t<div class=\"elementor-spacer\">\n\t\t\t<div class=\"elementor-spacer-inner\"><\/div>\n\t\t<\/div>\n\t\t\t\t\t\t<\/div>\n\t\t\t\t<\/div>\n\t\t\t\t<div class=\"elementor-element elementor-element-7059bdf elementor-widget elementor-widget-text-editor\" data-id=\"7059bdf\" data-element_type=\"widget\" data-e-type=\"widget\" data-widget_type=\"text-editor.default\">\n\t\t\t\t<div class=\"elementor-widget-container\">\n\t\t\t\t\t\t\t\t\t<p>La juventud de las Am\u00e9ricas es la fuerza vital que mueve los cambios transformadores de nuestra regi\u00f3n, a trav\u00e9s del potencial e impulso al desarrollo pol\u00edtico, social y econ\u00f3mico.<\/p><p>Durante el periodo 2019 &#8211; 2023, los procesos de participaci\u00f3n de las juventudes se han integrado a trav\u00e9s de las contribuciones y aportes presentados a trav\u00e9s de diversos mecanismos y que han hecho eco en espacios de toma de decisiones tales como:<\/p>\t\t\t\t\t\t\t\t<\/div>\n\t\t\t\t<\/div>\n\t\t\t\t\t<\/div>\n\t\t<\/div>\n\t\t\t\t\t<\/div>\n\t\t<\/section>\n\t\t\t\t<section class=\"elementor-section elementor-top-section elementor-element elementor-element-716410d elementor-section-boxed elementor-section-height-default elementor-section-height-default\" data-id=\"716410d\" data-element_type=\"section\" data-e-type=\"section\">\n\t\t\t\t\t\t<div class=\"elementor-container elementor-column-gap-default\">\n\t\t\t\t\t<div class=\"elementor-column elementor-col-50 elementor-top-column elementor-element elementor-element-5cfa108\" data-id=\"5cfa108\" data-element_type=\"column\" data-e-type=\"column\">\n\t\t\t<div class=\"elementor-widget-wrap elementor-element-populated\">\n\t\t\t\t\t\t<div class=\"elementor-element elementor-element-b949d92 elementor-position-top elementor-widget elementor-widget-image-box\" data-id=\"b949d92\" data-element_type=\"widget\" data-e-type=\"widget\" data-widget_type=\"image-box.default\">\n\t\t\t\t<div class=\"elementor-widget-container\">\n\t\t\t\t\t<div class=\"elementor-image-box-wrapper\"><figure class=\"elementor-image-box-img\"><a href=\"https:\/\/www.yabt.net\/download\/declaratoria-de-compromiso-y-plan-de-accion-2022.pdf\" target=\"_blank\" tabindex=\"-1\"><img fetchpriority=\"high\" decoding=\"async\" width=\"1800\" height=\"840\" src=\"https:\/\/yabt.net\/foro\/wp-content\/uploads\/sites\/5\/2023\/07\/52149029054_14a7f2e057_c-1.jpg\" class=\"attachment-full size-full wp-image-8647\" alt=\"\" srcset=\"https:\/\/yabt.net\/foro\/wp-content\/uploads\/sites\/5\/2023\/07\/52149029054_14a7f2e057_c-1.jpg 1800w, https:\/\/yabt.net\/foro\/wp-content\/uploads\/sites\/5\/2023\/07\/52149029054_14a7f2e057_c-1-300x140.jpg 300w, https:\/\/yabt.net\/foro\/wp-content\/uploads\/sites\/5\/2023\/07\/52149029054_14a7f2e057_c-1-1024x478.jpg 1024w, https:\/\/yabt.net\/foro\/wp-content\/uploads\/sites\/5\/2023\/07\/52149029054_14a7f2e057_c-1-768x358.jpg 768w, https:\/\/yabt.net\/foro\/wp-content\/uploads\/sites\/5\/2023\/07\/52149029054_14a7f2e057_c-1-1536x717.jpg 1536w\" sizes=\"(max-width: 1800px) 100vw, 1800px\" \/><\/a><\/figure><div class=\"elementor-image-box-content\"><h4 class=\"elementor-image-box-title\"><a href=\"https:\/\/www.yabt.net\/download\/declaratoria-de-compromiso-y-plan-de-accion-2022.pdf\" target=\"_blank\">IX Cumbre de las Am\u00e9ricas<\/a><\/h4><\/div><\/div>\t\t\t\t<\/div>\n\t\t\t\t<\/div>\n\t\t\t\t<div class=\"elementor-element elementor-element-7480472 elementor-widget elementor-widget-text-editor\" data-id=\"7480472\" data-element_type=\"widget\" data-e-type=\"widget\" data-widget_type=\"text-editor.default\">\n\t\t\t\t<div class=\"elementor-widget-container\">\n\t\t\t\t\t\t\t\t\t<p><span style=\"font-weight: 400;\">La trayectoria hacia la IX Cumbre de las Am\u00e9ricas se llev\u00f3 a cabo mediante un amplio proceso de consultas en el que m\u00e1s de 27,000 juventudes de las Am\u00e9ricas participaron, desempe\u00f1ando un papel fundamental abordando temas clave para la recuperaci\u00f3n sostenible de la regi\u00f3n en un contexto post-pandemia. Su participaci\u00f3n en diferentes escenarios y canales permiti\u00f3 recoger sus opiniones y contribuciones en respuesta a cada uno de los cinco Compromisos Pol\u00edticos establecidos para esta Cumbre y presentados a trav\u00e9s de las <\/span><span style=\"font-weight: 400;\">5 C\u00b4s del Desarrollo Juvenil y la Declaratoria de Compromiso y Plan de Acci\u00f3n ante la presencia de Jefes de Estado y de Gobierno de los Estados Miembros de la OEA.<\/span><\/p><p><b>Accede <\/b><a href=\"https:\/\/www.yabt.net\/download\/declaratoria-de-compromiso-y-plan-de-accion-2022.pdf\"><b>aqu\u00ed<\/b><\/a> <b>para consultar la Declaratoria de Compromiso y Plan de Acci\u00f3n. <\/b><\/p>\t\t\t\t\t\t\t\t<\/div>\n\t\t\t\t<\/div>\n\t\t\t\t\t<\/div>\n\t\t<\/div>\n\t\t\t\t<div class=\"elementor-column elementor-col-50 elementor-top-column elementor-element elementor-element-6dde3f4\" data-id=\"6dde3f4\" data-element_type=\"column\" data-e-type=\"column\">\n\t\t\t<div class=\"elementor-widget-wrap elementor-element-populated\">\n\t\t\t\t\t\t<div class=\"elementor-element elementor-element-a2253d7 elementor-position-top elementor-widget elementor-widget-image-box\" data-id=\"a2253d7\" data-element_type=\"widget\" data-e-type=\"widget\" data-widget_type=\"image-box.default\">\n\t\t\t\t<div class=\"elementor-widget-container\">\n\t\t\t\t\t<div class=\"elementor-image-box-wrapper\"><figure class=\"elementor-image-box-img\"><img decoding=\"async\" width=\"1800\" height=\"840\" src=\"https:\/\/yabt.net\/foro\/wp-content\/uploads\/sites\/5\/2023\/07\/52824759420_17cb832300_c.jpg\" class=\"attachment-full size-full wp-image-8648\" alt=\"\" srcset=\"https:\/\/yabt.net\/foro\/wp-content\/uploads\/sites\/5\/2023\/07\/52824759420_17cb832300_c.jpg 1800w, https:\/\/yabt.net\/foro\/wp-content\/uploads\/sites\/5\/2023\/07\/52824759420_17cb832300_c-300x140.jpg 300w, https:\/\/yabt.net\/foro\/wp-content\/uploads\/sites\/5\/2023\/07\/52824759420_17cb832300_c-1024x478.jpg 1024w, https:\/\/yabt.net\/foro\/wp-content\/uploads\/sites\/5\/2023\/07\/52824759420_17cb832300_c-768x358.jpg 768w, https:\/\/yabt.net\/foro\/wp-content\/uploads\/sites\/5\/2023\/07\/52824759420_17cb832300_c-1536x717.jpg 1536w\" sizes=\"(max-width: 1800px) 100vw, 1800px\" \/><\/figure><div class=\"elementor-image-box-content\"><h4 class=\"elementor-image-box-title\">II Cumbre por la Democracia: Avances en el A\u00f1o de la Acci\u00f3n<\/h4><\/div><\/div>\t\t\t\t<\/div>\n\t\t\t\t<\/div>\n\t\t\t\t<div class=\"elementor-element elementor-element-9c5574a elementor-widget elementor-widget-text-editor\" data-id=\"9c5574a\" data-element_type=\"widget\" data-e-type=\"widget\" data-widget_type=\"text-editor.default\">\n\t\t\t\t<div class=\"elementor-widget-container\">\n\t\t\t\t\t\t\t\t\t<p>La participaci\u00f3n de las juventudes en los espacios de toma de decisiones representa el fortalecimiento de las estructuras democr\u00e1ticas y el derecho de ejercer su ciudadan\u00eda. El YABT llevo a cabo el Laboratorio de Pol\u00edtica \u201cJuventud y Democracia Participativa\u201d evento Insignia de la II Cumbre por la Democracia.<\/p><p>En este espacio se discuti\u00f3 el papel de las juventudes en la lucha contra la desinformaci\u00f3n, la importancia de destacar soluciones innovadoras que promueven la participaci\u00f3n democr\u00e1tica y fortalecer la presencia de los j\u00f3venes en la toma de decisiones y cargos p\u00fablicos. Se bas\u00f3 en las contribuciones de una campa\u00f1a virtual que involucr\u00f3 a j\u00f3venes de 13 pa\u00edses del hemisferio, quienes compartieron sus diferentes perspectivas sobre digitalizaci\u00f3n, participaci\u00f3n juvenil, derechos humanos y transparencia.<\/p>\t\t\t\t\t\t\t\t<\/div>\n\t\t\t\t<\/div>\n\t\t\t\t\t<\/div>\n\t\t<\/div>\n\t\t\t\t\t<\/div>\n\t\t<\/section>\n\t\t\t\t<section class=\"elementor-section elementor-top-section elementor-element elementor-element-b0d7ff3 elementor-section-boxed elementor-section-height-default elementor-section-height-default\" data-id=\"b0d7ff3\" data-element_type=\"section\" data-e-type=\"section\">\n\t\t\t\t\t\t<div class=\"elementor-container elementor-column-gap-default\">\n\t\t\t\t\t<div class=\"elementor-column elementor-col-100 elementor-top-column elementor-element elementor-element-a9babf5\" data-id=\"a9babf5\" data-element_type=\"column\" data-e-type=\"column\">\n\t\t\t<div class=\"elementor-widget-wrap elementor-element-populated\">\n\t\t\t\t\t\t<div class=\"elementor-element elementor-element-aca03b6 elementor-widget-divider--view-line elementor-widget elementor-widget-divider\" data-id=\"aca03b6\" data-element_type=\"widget\" data-e-type=\"widget\" data-widget_type=\"divider.default\">\n\t\t\t\t<div class=\"elementor-widget-container\">\n\t\t\t\t\t\t\t<div class=\"elementor-divider\">\n\t\t\t<span class=\"elementor-divider-separator\">\n\t\t\t\t\t\t<\/span>\n\t\t<\/div>\n\t\t\t\t\t\t<\/div>\n\t\t\t\t<\/div>\n\t\t\t\t\t<\/div>\n\t\t<\/div>\n\t\t\t\t\t<\/div>\n\t\t<\/section>\n\t\t\t\t<section class=\"elementor-section elementor-top-section elementor-element elementor-element-629e510 elementor-section-boxed elementor-section-height-default elementor-section-height-default\" data-id=\"629e510\" data-element_type=\"section\" data-e-type=\"section\">\n\t\t\t\t\t\t<div class=\"elementor-container elementor-column-gap-default\">\n\t\t\t\t\t<div class=\"elementor-column elementor-col-50 elementor-top-column elementor-element elementor-element-c9b18fc\" data-id=\"c9b18fc\" data-element_type=\"column\" data-e-type=\"column\">\n\t\t\t<div class=\"elementor-widget-wrap elementor-element-populated\">\n\t\t\t\t\t\t<div class=\"elementor-element elementor-element-ca9c72c elementor-position-top elementor-widget elementor-widget-image-box\" data-id=\"ca9c72c\" data-element_type=\"widget\" data-e-type=\"widget\" data-widget_type=\"image-box.default\">\n\t\t\t\t<div class=\"elementor-widget-container\">\n\t\t\t\t\t<div class=\"elementor-image-box-wrapper\"><figure class=\"elementor-image-box-img\"><img decoding=\"async\" width=\"1800\" height=\"835\" src=\"https:\/\/yabt.net\/foro\/wp-content\/uploads\/sites\/5\/2023\/07\/20230428_000131_0001.png\" class=\"attachment-full size-full wp-image-8649\" alt=\"\" srcset=\"https:\/\/yabt.net\/foro\/wp-content\/uploads\/sites\/5\/2023\/07\/20230428_000131_0001.png 1800w, https:\/\/yabt.net\/foro\/wp-content\/uploads\/sites\/5\/2023\/07\/20230428_000131_0001-300x139.png 300w, https:\/\/yabt.net\/foro\/wp-content\/uploads\/sites\/5\/2023\/07\/20230428_000131_0001-1024x475.png 1024w, https:\/\/yabt.net\/foro\/wp-content\/uploads\/sites\/5\/2023\/07\/20230428_000131_0001-768x356.png 768w, https:\/\/yabt.net\/foro\/wp-content\/uploads\/sites\/5\/2023\/07\/20230428_000131_0001-1536x713.png 1536w\" sizes=\"(max-width: 1800px) 100vw, 1800px\" \/><\/figure><div class=\"elementor-image-box-content\"><h4 class=\"elementor-image-box-title\">Cumbre de Ciudades de las Am\u00e9ricas<\/h4><\/div><\/div>\t\t\t\t<\/div>\n\t\t\t\t<\/div>\n\t\t\t\t<div class=\"elementor-element elementor-element-0631aa0 elementor-widget elementor-widget-text-editor\" data-id=\"0631aa0\" data-element_type=\"widget\" data-e-type=\"widget\" data-widget_type=\"text-editor.default\">\n\t\t\t\t<div class=\"elementor-widget-container\">\n\t\t\t\t\t\t\t\t\t<p><span style=\"font-weight: 400;\">La juventud desempe\u00f1\u00f3 un papel destacado en la primera Cumbre de Ciudades de las Am\u00e9ricas, a trav\u00e9s del <\/span><i><span style=\"font-weight: 400;\">YABT Emerging Entrepreneurs Village<\/span><\/i><span style=\"font-weight: 400;\">, un espacio que conect\u00f3 talento y capital emprendedor juvenil de la regi\u00f3n para impulsar el crecimiento de las ciudades en diversos campos y respondiendo a las prioridades de la Cumbre.\u00a0<\/span><\/p><p><span style=\"font-weight: 400;\">Adem\u00e1s, se organizaron paneles sobre transformaci\u00f3n digital y emprendimientos urbanos, donde se discutieron propuestas y recomendaciones de pol\u00edticas para abordar los desaf\u00edos en la agenda de desarrollo del hemisferio. Estas iniciativas promovieron la colaboraci\u00f3n y generaron soluciones innovadoras para construir una sociedad consciente, inclusiva y resiliente.<\/span><\/p>\t\t\t\t\t\t\t\t<\/div>\n\t\t\t\t<\/div>\n\t\t\t\t\t<\/div>\n\t\t<\/div>\n\t\t\t\t<div class=\"elementor-column elementor-col-50 elementor-top-column elementor-element elementor-element-6632035\" data-id=\"6632035\" data-element_type=\"column\" data-e-type=\"column\">\n\t\t\t<div class=\"elementor-widget-wrap elementor-element-populated\">\n\t\t\t\t\t\t<div class=\"elementor-element elementor-element-a957239 elementor-position-top elementor-widget elementor-widget-image-box\" data-id=\"a957239\" data-element_type=\"widget\" data-e-type=\"widget\" data-widget_type=\"image-box.default\">\n\t\t\t\t<div class=\"elementor-widget-container\">\n\t\t\t\t\t<div class=\"elementor-image-box-wrapper\"><figure class=\"elementor-image-box-img\"><img loading=\"lazy\" decoding=\"async\" width=\"1800\" height=\"840\" src=\"https:\/\/yabt.net\/foro\/wp-content\/uploads\/sites\/5\/2023\/07\/asamblea.png\" class=\"attachment-full size-full wp-image-8650\" alt=\"\" srcset=\"https:\/\/yabt.net\/foro\/wp-content\/uploads\/sites\/5\/2023\/07\/asamblea.png 1800w, https:\/\/yabt.net\/foro\/wp-content\/uploads\/sites\/5\/2023\/07\/asamblea-300x140.png 300w, https:\/\/yabt.net\/foro\/wp-content\/uploads\/sites\/5\/2023\/07\/asamblea-1024x478.png 1024w, https:\/\/yabt.net\/foro\/wp-content\/uploads\/sites\/5\/2023\/07\/asamblea-768x358.png 768w, https:\/\/yabt.net\/foro\/wp-content\/uploads\/sites\/5\/2023\/07\/asamblea-1536x717.png 1536w\" sizes=\"(max-width: 1800px) 100vw, 1800px\" \/><\/figure><div class=\"elementor-image-box-content\"><h4 class=\"elementor-image-box-title\">Asamblea General de la OEA (2022 y 2023)<\/h4><\/div><\/div>\t\t\t\t<\/div>\n\t\t\t\t<\/div>\n\t\t\t\t<div class=\"elementor-element elementor-element-3a9c33e elementor-widget elementor-widget-text-editor\" data-id=\"3a9c33e\" data-element_type=\"widget\" data-e-type=\"widget\" data-widget_type=\"text-editor.default\">\n\t\t\t\t<div class=\"elementor-widget-container\">\n\t\t\t\t\t\t\t\t\t<p><span style=\"font-weight: 400;\">Las Asambleas Generales de la OEA constituyen un espacio que facilita el intercambio de ideas y la presentaci\u00f3n de propuestas y acciones lideradas por la juventud en sus comunidades. Brindando as\u00ed una oportunidad \u00fanica para escuchar y aprender de las diversas experiencias y perspectivas de las juventudes.\u00a0<\/span><\/p><p><span style=\"font-weight: 400;\">A\u00f1o con a\u00f1o a trav\u00e9s del Foro de J\u00f3venes de las Am\u00e9ricas las juventudes de las Am\u00e9ricas\u00a0 presentan propuestas concretas, perspectivas y acciones, contribuyendo en la definici\u00f3n de las prioridades y mandatos de la OEA, incluyendo las Cumbres de las Am\u00e9ricas, las Asambleas Generales de la OEA y otras reuniones ministeriales de alto nivel del continente; Una plataforma de conexi\u00f3n e intercambio que permite traer la voz y las perspectivas juveniles a los espacios de dialogo del hemisferio.<\/span><\/p>\t\t\t\t\t\t\t\t<\/div>\n\t\t\t\t<\/div>\n\t\t\t\t\t<\/div>\n\t\t<\/div>\n\t\t\t\t\t<\/div>\n\t\t<\/section>\n\t\t\t\t<section class=\"elementor-section elementor-top-section elementor-element elementor-element-9910517 elementor-section-boxed elementor-section-height-default elementor-section-height-default\" data-id=\"9910517\" data-element_type=\"section\" data-e-type=\"section\">\n\t\t\t\t\t\t<div class=\"elementor-container elementor-column-gap-default\">\n\t\t\t\t\t<div class=\"elementor-column elementor-col-100 elementor-top-column elementor-element elementor-element-9d662a3\" data-id=\"9d662a3\" data-element_type=\"column\" data-e-type=\"column\">\n\t\t\t<div class=\"elementor-widget-wrap elementor-element-populated\">\n\t\t\t\t\t\t<div class=\"elementor-element elementor-element-604ee0c elementor-widget-divider--view-line elementor-widget elementor-widget-divider\" data-id=\"604ee0c\" data-element_type=\"widget\" data-e-type=\"widget\" data-widget_type=\"divider.default\">\n\t\t\t\t<div class=\"elementor-widget-container\">\n\t\t\t\t\t\t\t<div class=\"elementor-divider\">\n\t\t\t<span class=\"elementor-divider-separator\">\n\t\t\t\t\t\t<\/span>\n\t\t<\/div>\n\t\t\t\t\t\t<\/div>\n\t\t\t\t<\/div>\n\t\t\t\t\t<\/div>\n\t\t<\/div>\n\t\t\t\t\t<\/div>\n\t\t<\/section>\n\t\t\t\t<\/div>\n\t\t","protected":false},"excerpt":{"rendered":"<p>La juventud de las Am\u00e9ricas es la fuerza vital que mueve los cambios transformadores de nuestra regi\u00f3n, a trav\u00e9s del potencial e impulso al desarrollo pol\u00edtico, social y econ\u00f3mico. Durante el periodo 2019 &#8211; 2023, los procesos de participaci\u00f3n de las juventudes se han integrado a trav\u00e9s de las contribuciones y aportes presentados a trav\u00e9s [&hellip;]<\/p>\n","protected":false},"author":1,"featured_media":0,"parent":0,"menu_order":0,"comment_status":"closed","ping_status":"closed","template":"","meta":{"footnotes":""},"class_list":["post-8645","page","type-page","status-publish","hentry"],"_links":{"self":[{"href":"https:\/\/yabt.net\/foro\/wp-json\/wp\/v2\/pages\/8645","targetHints":{"allow":["GET"]}}],"collection":[{"href":"https:\/\/yabt.net\/foro\/wp-json\/wp\/v2\/pages"}],"about":[{"href":"https:\/\/yabt.net\/foro\/wp-json\/wp\/v2\/types\/page"}],"author":[{"embeddable":true,"href":"https:\/\/yabt.net\/foro\/wp-json\/wp\/v2\/users\/1"}],"replies":[{"embeddable":true,"href":"https:\/\/yabt.net\/foro\/wp-json\/wp\/v2\/comments?post=8645"}],"version-history":[{"count":7,"href":"https:\/\/yabt.net\/foro\/wp-json\/wp\/v2\/pages\/8645\/revisions"}],"predecessor-version":[{"id":8662,"href":"https:\/\/yabt.net\/foro\/wp-json\/wp\/v2\/pages\/8645\/revisions\/8662"}],"wp:attachment":[{"href":"https:\/\/yabt.net\/foro\/wp-json\/wp\/v2\/media?parent=8645"}],"curies":[{"name":"wp","href":"https:\/\/api.w.org\/{rel}","templated":true}]}}