{"id":119,"date":"2025-03-03T06:20:33","date_gmt":"2025-03-03T06:20:33","guid":{"rendered":"https:\/\/yabt.net\/nexlinks\/?page_id=119"},"modified":"2025-09-10T15:57:43","modified_gmt":"2025-09-10T15:57:43","slug":"contenido","status":"publish","type":"page","link":"https:\/\/yabt.net\/nexlinks\/es\/contenido\/","title":{"rendered":"Contenido"},"content":{"rendered":"\t\t<div data-elementor-type=\"wp-page\" data-elementor-id=\"119\" class=\"elementor elementor-119\" data-elementor-post-type=\"page\">\n\t\t\t\t\t\t<section class=\"elementor-section elementor-top-section elementor-element elementor-element-3b4e369 elementor-section-boxed elementor-section-height-default elementor-section-height-default\" data-id=\"3b4e369\" data-element_type=\"section\" data-e-type=\"section\">\n\t\t\t\t\t\t<div class=\"elementor-container elementor-column-gap-default\">\n\t\t\t\t\t<div class=\"elementor-column elementor-col-66 elementor-top-column elementor-element elementor-element-76cd325\" data-id=\"76cd325\" data-element_type=\"column\" data-e-type=\"column\">\n\t\t\t<div class=\"elementor-widget-wrap elementor-element-populated\">\n\t\t\t\t\t\t<div class=\"elementor-element elementor-element-73e24ca elementor-widget elementor-widget-heading\" data-id=\"73e24ca\" data-element_type=\"widget\" data-e-type=\"widget\" data-widget_type=\"heading.default\">\n\t\t\t\t<div class=\"elementor-widget-container\">\n\t\t\t\t\t<h2 class=\"elementor-heading-title elementor-size-default\">Semana de internacionalizaci\u00f3n<\/h2>\t\t\t\t<\/div>\n\t\t\t\t<\/div>\n\t\t\t\t<div class=\"elementor-element elementor-element-64f7ea9 elementor-widget__width-auto elementor-widget elementor-widget-image\" data-id=\"64f7ea9\" data-element_type=\"widget\" data-e-type=\"widget\" data-widget_type=\"image.default\">\n\t\t\t\t<div class=\"elementor-widget-container\">\n\t\t\t\t\t\t\t\t\t\t\t\t\t\t\t<img decoding=\"async\" src=\"https:\/\/yabt.net\/nexlinks\/wp-content\/uploads\/sites\/7\/elementor\/thumbs\/nexlinks_Febrero26-2025_Icono-de-calendario_1080x1080-r2axz5qxz669s2a89p9zku358vjatusgdvyir0e5mo.png\" title=\"\" alt=\"\" loading=\"lazy\" \/>\t\t\t\t\t\t\t\t\t\t\t\t\t\t\t<\/div>\n\t\t\t\t<\/div>\n\t\t\t\t<div class=\"elementor-element elementor-element-952589d elementor-widget__width-auto elementor-widget elementor-widget-text-editor\" data-id=\"952589d\" data-element_type=\"widget\" data-e-type=\"widget\" data-widget_type=\"text-editor.default\">\n\t\t\t\t<div class=\"elementor-widget-container\">\n\t\t\t\t\t\t\t\t\t<p>20 al 24 de octubre, 2025 (Area de DMV, Estados Unidos)<\/p>\t\t\t\t\t\t\t\t<\/div>\n\t\t\t\t<\/div>\n\t\t\t\t<div class=\"elementor-element elementor-element-82395fd elementor-widget elementor-widget-spacer\" data-id=\"82395fd\" data-element_type=\"widget\" data-e-type=\"widget\" data-widget_type=\"spacer.default\">\n\t\t\t\t<div class=\"elementor-widget-container\">\n\t\t\t\t\t\t\t<div class=\"elementor-spacer\">\n\t\t\t<div class=\"elementor-spacer-inner\"><\/div>\n\t\t<\/div>\n\t\t\t\t\t\t<\/div>\n\t\t\t\t<\/div>\n\t\t\t\t<div class=\"elementor-element elementor-element-2e6164a elementor-widget elementor-widget-text-editor\" data-id=\"2e6164a\" data-element_type=\"widget\" data-e-type=\"widget\" data-widget_type=\"text-editor.default\">\n\t\t\t\t<div class=\"elementor-widget-container\">\n\t\t\t\t\t\t\t\t\t<ul><li><strong>Conexi\u00f3n estrat\u00e9gica<\/strong> en el evento exclusivo NexLinks, con Gobiernos, Organismos Multilaterales, Agencias de Cooperaci\u00f3n Internacional y Desarrollo Econ\u00f3mico en la sede de la OEA en Washington, DC.<\/li><li><strong>Conferencias y mesas redondas<\/strong> con expertos en temas a la vanguardia de la esfera empresarial.<\/li><li>Participaci\u00f3n en <strong>Startup &amp; Tech Conference<\/strong> para potenciar empresas en un entorno altamente competitivo.<\/li><\/ul>\t\t\t\t\t\t\t\t<\/div>\n\t\t\t\t<\/div>\n\t\t\t\t<div class=\"elementor-element elementor-element-fb2e336 elementor-hidden-desktop elementor-hidden-tablet elementor-hidden-mobile elementor-widget elementor-widget-text-editor\" data-id=\"fb2e336\" data-element_type=\"widget\" data-e-type=\"widget\" data-widget_type=\"text-editor.default\">\n\t\t\t\t<div class=\"elementor-widget-container\">\n\t\t\t\t\t\t\t\t\t<ul><li><strong>Conexi\u00f3n estrat\u00e9gica<\/strong> en el evento exclusivo NexLinks, con Gobiernos, Organismos Multilaterales, Agencias de Cooperaci\u00f3n Internacional y Desarrollo Econ\u00f3mico en la sede de la OEA en Washington, DC.<\/li><li><strong>Participaci\u00f3n en la Cumbre Impact AI<\/strong> del Northern Virginia Technology Council para potenciar iniciativas de IA en un entorno altamente competitivo.<\/li><li><strong>Conferencias y mesas redondas<\/strong> con expertos en temas a la vanguardia de la esfera empresarial.<\/li><li>Participaci\u00f3n en <strong>Startup &amp; Tech Conference<\/strong> para potenciar empresas en un entorno altamente competitivo.<\/li><\/ul>\t\t\t\t\t\t\t\t<\/div>\n\t\t\t\t<\/div>\n\t\t\t\t\t<\/div>\n\t\t<\/div>\n\t\t\t\t<div class=\"elementor-column elementor-col-33 elementor-top-column elementor-element elementor-element-5165515\" data-id=\"5165515\" data-element_type=\"column\" data-e-type=\"column\">\n\t\t\t<div class=\"elementor-widget-wrap elementor-element-populated\">\n\t\t\t\t\t\t<div class=\"elementor-element elementor-element-8996db7 elementor-widget elementor-widget-image\" data-id=\"8996db7\" data-element_type=\"widget\" data-e-type=\"widget\" data-widget_type=\"image.default\">\n\t\t\t\t<div class=\"elementor-widget-container\">\n\t\t\t\t\t\t\t\t\t\t\t\t\t\t\t<img fetchpriority=\"high\" decoding=\"async\" width=\"640\" height=\"427\" src=\"https:\/\/yabt.net\/nexlinks\/wp-content\/uploads\/sites\/7\/2025\/03\/Nexlinks_Marzo4-2025_Foto-de-semana-de-internacionalizacion_1600x1067-1024x683.jpg\" class=\"attachment-large size-large wp-image-233\" alt=\"\" srcset=\"https:\/\/yabt.net\/nexlinks\/wp-content\/uploads\/sites\/7\/2025\/03\/Nexlinks_Marzo4-2025_Foto-de-semana-de-internacionalizacion_1600x1067-1024x683.jpg 1024w, https:\/\/yabt.net\/nexlinks\/wp-content\/uploads\/sites\/7\/2025\/03\/Nexlinks_Marzo4-2025_Foto-de-semana-de-internacionalizacion_1600x1067-300x200.jpg 300w, https:\/\/yabt.net\/nexlinks\/wp-content\/uploads\/sites\/7\/2025\/03\/Nexlinks_Marzo4-2025_Foto-de-semana-de-internacionalizacion_1600x1067-768x512.jpg 768w, https:\/\/yabt.net\/nexlinks\/wp-content\/uploads\/sites\/7\/2025\/03\/Nexlinks_Marzo4-2025_Foto-de-semana-de-internacionalizacion_1600x1067-1536x1024.jpg 1536w, https:\/\/yabt.net\/nexlinks\/wp-content\/uploads\/sites\/7\/2025\/03\/Nexlinks_Marzo4-2025_Foto-de-semana-de-internacionalizacion_1600x1067.jpg 1600w\" sizes=\"(max-width: 640px) 100vw, 640px\" \/>\t\t\t\t\t\t\t\t\t\t\t\t\t\t\t<\/div>\n\t\t\t\t<\/div>\n\t\t\t\t\t<\/div>\n\t\t<\/div>\n\t\t\t\t\t<\/div>\n\t\t<\/section>\n\t\t\t\t<section class=\"elementor-section elementor-top-section elementor-element elementor-element-9d58997 elementor-section-boxed elementor-section-height-default elementor-section-height-default\" data-id=\"9d58997\" data-element_type=\"section\" data-e-type=\"section\">\n\t\t\t\t\t\t<div class=\"elementor-container elementor-column-gap-default\">\n\t\t\t\t\t<div class=\"elementor-column elementor-col-100 elementor-top-column elementor-element elementor-element-3286572\" data-id=\"3286572\" data-element_type=\"column\" data-e-type=\"column\">\n\t\t\t<div class=\"elementor-widget-wrap elementor-element-populated\">\n\t\t\t\t\t\t<div class=\"elementor-element elementor-element-e26ce74 elementor-widget elementor-widget-spacer\" data-id=\"e26ce74\" data-element_type=\"widget\" data-e-type=\"widget\" data-widget_type=\"spacer.default\">\n\t\t\t\t<div class=\"elementor-widget-container\">\n\t\t\t\t\t\t\t<div class=\"elementor-spacer\">\n\t\t\t<div class=\"elementor-spacer-inner\"><\/div>\n\t\t<\/div>\n\t\t\t\t\t\t<\/div>\n\t\t\t\t<\/div>\n\t\t\t\t\t<\/div>\n\t\t<\/div>\n\t\t\t\t\t<\/div>\n\t\t<\/section>\n\t\t\t\t<section class=\"elementor-section elementor-top-section elementor-element elementor-element-73a31b1 elementor-section-boxed elementor-section-height-default elementor-section-height-default\" data-id=\"73a31b1\" data-element_type=\"section\" data-e-type=\"section\">\n\t\t\t\t\t\t<div class=\"elementor-container elementor-column-gap-default\">\n\t\t\t\t\t<div class=\"elementor-column elementor-col-33 elementor-top-column elementor-element elementor-element-e0cb559\" data-id=\"e0cb559\" data-element_type=\"column\" data-e-type=\"column\">\n\t\t\t<div class=\"elementor-widget-wrap elementor-element-populated\">\n\t\t\t\t\t\t<div class=\"elementor-element elementor-element-54cdea7 elementor-widget elementor-widget-image\" data-id=\"54cdea7\" data-element_type=\"widget\" data-e-type=\"widget\" data-widget_type=\"image.default\">\n\t\t\t\t<div class=\"elementor-widget-container\">\n\t\t\t\t\t\t\t\t\t\t\t\t\t\t\t<img decoding=\"async\" width=\"640\" height=\"480\" src=\"https:\/\/yabt.net\/nexlinks\/wp-content\/uploads\/sites\/7\/2025\/03\/Nexlinks_Marzo4-2025_Foto-de-formacion_1600x1067-1024x768.jpg\" class=\"attachment-large size-large wp-image-234\" alt=\"\" srcset=\"https:\/\/yabt.net\/nexlinks\/wp-content\/uploads\/sites\/7\/2025\/03\/Nexlinks_Marzo4-2025_Foto-de-formacion_1600x1067-1024x768.jpg 1024w, https:\/\/yabt.net\/nexlinks\/wp-content\/uploads\/sites\/7\/2025\/03\/Nexlinks_Marzo4-2025_Foto-de-formacion_1600x1067-300x225.jpg 300w, https:\/\/yabt.net\/nexlinks\/wp-content\/uploads\/sites\/7\/2025\/03\/Nexlinks_Marzo4-2025_Foto-de-formacion_1600x1067-768x576.jpg 768w, https:\/\/yabt.net\/nexlinks\/wp-content\/uploads\/sites\/7\/2025\/03\/Nexlinks_Marzo4-2025_Foto-de-formacion_1600x1067-1536x1152.jpg 1536w, https:\/\/yabt.net\/nexlinks\/wp-content\/uploads\/sites\/7\/2025\/03\/Nexlinks_Marzo4-2025_Foto-de-formacion_1600x1067.jpg 2048w\" sizes=\"(max-width: 640px) 100vw, 640px\" \/>\t\t\t\t\t\t\t\t\t\t\t\t\t\t\t<\/div>\n\t\t\t\t<\/div>\n\t\t\t\t\t<\/div>\n\t\t<\/div>\n\t\t\t\t<div class=\"elementor-column elementor-col-66 elementor-top-column elementor-element elementor-element-2223747\" data-id=\"2223747\" data-element_type=\"column\" data-e-type=\"column\">\n\t\t\t<div class=\"elementor-widget-wrap elementor-element-populated\">\n\t\t\t\t\t\t<div class=\"elementor-element elementor-element-86e639a elementor-widget elementor-widget-heading\" data-id=\"86e639a\" data-element_type=\"widget\" data-e-type=\"widget\" data-widget_type=\"heading.default\">\n\t\t\t\t<div class=\"elementor-widget-container\">\n\t\t\t\t\t<h2 class=\"elementor-heading-title elementor-size-default\">Certificaci\u00f3n Ejecutiva Global Mindset Skills<\/h2>\t\t\t\t<\/div>\n\t\t\t\t<\/div>\n\t\t\t\t<div class=\"elementor-element elementor-element-3829633 elementor-widget__width-auto elementor-widget elementor-widget-image\" data-id=\"3829633\" data-element_type=\"widget\" data-e-type=\"widget\" data-widget_type=\"image.default\">\n\t\t\t\t<div class=\"elementor-widget-container\">\n\t\t\t\t\t\t\t\t\t\t\t\t\t\t\t<img decoding=\"async\" src=\"https:\/\/yabt.net\/nexlinks\/wp-content\/uploads\/sites\/7\/elementor\/thumbs\/nexlinks_Febrero26-2025_Icono-de-calendario_1080x1080-r2axz5qxz669s2a89p9zku358vjatusgdvyir0e5mo.png\" title=\"\" alt=\"\" loading=\"lazy\" \/>\t\t\t\t\t\t\t\t\t\t\t\t\t\t\t<\/div>\n\t\t\t\t<\/div>\n\t\t\t\t<div class=\"elementor-element elementor-element-f0f9949 elementor-widget__width-auto elementor-widget elementor-widget-text-editor\" data-id=\"f0f9949\" data-element_type=\"widget\" data-e-type=\"widget\" data-widget_type=\"text-editor.default\">\n\t\t\t\t<div class=\"elementor-widget-container\">\n\t\t\t\t\t\t\t\t\t<p>Septiembre o Noviembre, 2025 (Virtual sincr\u00f3nico o presencial en la edici\u00f3n de octubre en Holanda)<\/p>\t\t\t\t\t\t\t\t<\/div>\n\t\t\t\t<\/div>\n\t\t\t\t<div class=\"elementor-element elementor-element-a75e70d elementor-widget elementor-widget-spacer\" data-id=\"a75e70d\" data-element_type=\"widget\" data-e-type=\"widget\" data-widget_type=\"spacer.default\">\n\t\t\t\t<div class=\"elementor-widget-container\">\n\t\t\t\t\t\t\t<div class=\"elementor-spacer\">\n\t\t\t<div class=\"elementor-spacer-inner\"><\/div>\n\t\t<\/div>\n\t\t\t\t\t\t<\/div>\n\t\t\t\t<\/div>\n\t\t\t\t<div class=\"elementor-element elementor-element-88f5ddb elementor-widget elementor-widget-text-editor\" data-id=\"88f5ddb\" data-element_type=\"widget\" data-e-type=\"widget\" data-widget_type=\"text-editor.default\">\n\t\t\t\t<div class=\"elementor-widget-container\">\n\t\t\t\t\t\t\t\t\t<p>Se brindar\u00e1 una Certificaci\u00f3n gerencial nivel 7 del EQF (Marco de Cualificaciones de la Uni\u00f3n Europea, nivel de maestr\u00eda<span class=\"gmail_default\">\u00a0ejecutiva<\/span>) de acuerdo con los cinco Descriptores de Dubl\u00edn (criterios de la UE para la educaci\u00f3n superior) de la Oficina de Normas de Desarrollo Profesional Continuo (CPD) del Reino Unido.\u00a0<\/p>\t\t\t\t\t\t\t\t<\/div>\n\t\t\t\t<\/div>\n\t\t\t\t\t<\/div>\n\t\t<\/div>\n\t\t\t\t\t<\/div>\n\t\t<\/section>\n\t\t\t\t<section class=\"elementor-section elementor-top-section elementor-element elementor-element-0fedd30 elementor-section-boxed elementor-section-height-default elementor-section-height-default\" data-id=\"0fedd30\" data-element_type=\"section\" data-e-type=\"section\">\n\t\t\t\t\t\t<div class=\"elementor-container elementor-column-gap-default\">\n\t\t\t\t\t<div class=\"elementor-column elementor-col-100 elementor-top-column elementor-element elementor-element-6fc9e26\" data-id=\"6fc9e26\" data-element_type=\"column\" data-e-type=\"column\">\n\t\t\t<div class=\"elementor-widget-wrap elementor-element-populated\">\n\t\t\t\t\t\t<div class=\"elementor-element elementor-element-3f16c37 elementor-widget elementor-widget-spacer\" data-id=\"3f16c37\" data-element_type=\"widget\" data-e-type=\"widget\" data-widget_type=\"spacer.default\">\n\t\t\t\t<div class=\"elementor-widget-container\">\n\t\t\t\t\t\t\t<div class=\"elementor-spacer\">\n\t\t\t<div class=\"elementor-spacer-inner\"><\/div>\n\t\t<\/div>\n\t\t\t\t\t\t<\/div>\n\t\t\t\t<\/div>\n\t\t\t\t\t<\/div>\n\t\t<\/div>\n\t\t\t\t\t<\/div>\n\t\t<\/section>\n\t\t\t\t<section class=\"elementor-section elementor-top-section elementor-element elementor-element-68b5408 elementor-hidden-desktop elementor-hidden-tablet elementor-hidden-mobile elementor-section-boxed elementor-section-height-default elementor-section-height-default\" data-id=\"68b5408\" data-element_type=\"section\" data-e-type=\"section\">\n\t\t\t\t\t\t<div class=\"elementor-container elementor-column-gap-default\">\n\t\t\t\t\t<div class=\"elementor-column elementor-col-66 elementor-top-column elementor-element elementor-element-b080364\" data-id=\"b080364\" data-element_type=\"column\" data-e-type=\"column\">\n\t\t\t<div class=\"elementor-widget-wrap elementor-element-populated\">\n\t\t\t\t\t\t<div class=\"elementor-element elementor-element-b342e2d elementor-widget elementor-widget-heading\" data-id=\"b342e2d\" data-element_type=\"widget\" data-e-type=\"widget\" data-widget_type=\"heading.default\">\n\t\t\t\t<div class=\"elementor-widget-container\">\n\t\t\t\t\t<h2 class=\"elementor-heading-title elementor-size-default\">Series \u201cDoing Business In\u201d<\/h2>\t\t\t\t<\/div>\n\t\t\t\t<\/div>\n\t\t\t\t<div class=\"elementor-element elementor-element-b6ab756 elementor-widget__width-auto elementor-widget elementor-widget-image\" data-id=\"b6ab756\" data-element_type=\"widget\" data-e-type=\"widget\" data-widget_type=\"image.default\">\n\t\t\t\t<div class=\"elementor-widget-container\">\n\t\t\t\t\t\t\t\t\t\t\t\t\t\t\t<img decoding=\"async\" src=\"https:\/\/yabt.net\/nexlinks\/wp-content\/uploads\/sites\/7\/elementor\/thumbs\/nexlinks_Febrero26-2025_Icono-de-calendario_1080x1080-r2axz5qxz669s2a89p9zku358vjatusgdvyir0e5mo.png\" title=\"\" alt=\"\" loading=\"lazy\" \/>\t\t\t\t\t\t\t\t\t\t\t\t\t\t\t<\/div>\n\t\t\t\t<\/div>\n\t\t\t\t<div class=\"elementor-element elementor-element-44847a8 elementor-widget__width-auto elementor-widget elementor-widget-text-editor\" data-id=\"44847a8\" data-element_type=\"widget\" data-e-type=\"widget\" data-widget_type=\"text-editor.default\">\n\t\t\t\t<div class=\"elementor-widget-container\">\n\t\t\t\t\t\t\t\t\t<p>Septiembre a Octubre, 2025 (virtual asincr\u00f3nico)<\/p>\t\t\t\t\t\t\t\t<\/div>\n\t\t\t\t<\/div>\n\t\t\t\t<div class=\"elementor-element elementor-element-13f04dc elementor-widget elementor-widget-spacer\" data-id=\"13f04dc\" data-element_type=\"widget\" data-e-type=\"widget\" data-widget_type=\"spacer.default\">\n\t\t\t\t<div class=\"elementor-widget-container\">\n\t\t\t\t\t\t\t<div class=\"elementor-spacer\">\n\t\t\t<div class=\"elementor-spacer-inner\"><\/div>\n\t\t<\/div>\n\t\t\t\t\t\t<\/div>\n\t\t\t\t<\/div>\n\t\t\t\t<div class=\"elementor-element elementor-element-63297e6 elementor-widget elementor-widget-text-editor\" data-id=\"63297e6\" data-element_type=\"widget\" data-e-type=\"widget\" data-widget_type=\"text-editor.default\">\n\t\t\t\t<div class=\"elementor-widget-container\">\n\t\t\t\t\t\t\t\t\t<p>Sesiones de presentaci\u00f3n con Agencias de Desarrollo Econ\u00f3mico Subnacionales para explorar oportunidades de entrada a mercados clave como Brasil, Colombia, Ecuador, M\u00e9xico, Canad\u00e1, Rep\u00fablica Dominicana y Centroam\u00e9rica. Adem\u00e1s, se abordar\u00e1n tendencias globales en digitalizaci\u00f3n, fondos de inversi\u00f3n diversos y contenidos sobre internacionalizaci\u00f3n, marketing y nuevas tecnolog\u00edas.<\/p>\t\t\t\t\t\t\t\t<\/div>\n\t\t\t\t<\/div>\n\t\t\t\t\t<\/div>\n\t\t<\/div>\n\t\t\t\t<div class=\"elementor-column elementor-col-33 elementor-top-column elementor-element elementor-element-4d978a7\" data-id=\"4d978a7\" data-element_type=\"column\" data-e-type=\"column\">\n\t\t\t<div class=\"elementor-widget-wrap elementor-element-populated\">\n\t\t\t\t\t\t<div class=\"elementor-element elementor-element-790226a elementor-widget elementor-widget-image\" data-id=\"790226a\" data-element_type=\"widget\" data-e-type=\"widget\" data-widget_type=\"image.default\">\n\t\t\t\t<div class=\"elementor-widget-container\">\n\t\t\t\t\t\t\t\t\t\t\t\t\t\t\t<img decoding=\"async\" width=\"640\" height=\"480\" src=\"https:\/\/yabt.net\/nexlinks\/wp-content\/uploads\/sites\/7\/2025\/03\/Nexlinks_Marzo4-2025_Foto-de-business-in_1600x1067-1024x768.jpg\" class=\"attachment-large size-large wp-image-235\" alt=\"\" srcset=\"https:\/\/yabt.net\/nexlinks\/wp-content\/uploads\/sites\/7\/2025\/03\/Nexlinks_Marzo4-2025_Foto-de-business-in_1600x1067-1024x768.jpg 1024w, https:\/\/yabt.net\/nexlinks\/wp-content\/uploads\/sites\/7\/2025\/03\/Nexlinks_Marzo4-2025_Foto-de-business-in_1600x1067-300x225.jpg 300w, https:\/\/yabt.net\/nexlinks\/wp-content\/uploads\/sites\/7\/2025\/03\/Nexlinks_Marzo4-2025_Foto-de-business-in_1600x1067-768x576.jpg 768w, https:\/\/yabt.net\/nexlinks\/wp-content\/uploads\/sites\/7\/2025\/03\/Nexlinks_Marzo4-2025_Foto-de-business-in_1600x1067-1536x1152.jpg 1536w, https:\/\/yabt.net\/nexlinks\/wp-content\/uploads\/sites\/7\/2025\/03\/Nexlinks_Marzo4-2025_Foto-de-business-in_1600x1067.jpg 2048w\" sizes=\"(max-width: 640px) 100vw, 640px\" \/>\t\t\t\t\t\t\t\t\t\t\t\t\t\t\t<\/div>\n\t\t\t\t<\/div>\n\t\t\t\t\t<\/div>\n\t\t<\/div>\n\t\t\t\t\t<\/div>\n\t\t<\/section>\n\t\t\t\t<section class=\"elementor-section elementor-top-section elementor-element elementor-element-e84b03a elementor-section-boxed elementor-section-height-default elementor-section-height-default\" data-id=\"e84b03a\" data-element_type=\"section\" data-e-type=\"section\">\n\t\t\t\t\t\t<div class=\"elementor-container elementor-column-gap-default\">\n\t\t\t\t\t<div class=\"elementor-column elementor-col-100 elementor-top-column elementor-element elementor-element-8e4ceb2\" data-id=\"8e4ceb2\" data-element_type=\"column\" data-e-type=\"column\">\n\t\t\t<div class=\"elementor-widget-wrap elementor-element-populated\">\n\t\t\t\t\t\t<div class=\"elementor-element elementor-element-b19a769 elementor-widget elementor-widget-spacer\" data-id=\"b19a769\" data-element_type=\"widget\" data-e-type=\"widget\" data-widget_type=\"spacer.default\">\n\t\t\t\t<div class=\"elementor-widget-container\">\n\t\t\t\t\t\t\t<div class=\"elementor-spacer\">\n\t\t\t<div class=\"elementor-spacer-inner\"><\/div>\n\t\t<\/div>\n\t\t\t\t\t\t<\/div>\n\t\t\t\t<\/div>\n\t\t\t\t\t<\/div>\n\t\t<\/div>\n\t\t\t\t\t<\/div>\n\t\t<\/section>\n\t\t\t\t<section class=\"elementor-section elementor-top-section elementor-element elementor-element-952dd86 elementor-section-boxed elementor-section-height-default elementor-section-height-default\" data-id=\"952dd86\" data-element_type=\"section\" data-e-type=\"section\">\n\t\t\t\t\t\t<div class=\"elementor-container elementor-column-gap-default\">\n\t\t\t\t\t<div class=\"elementor-column elementor-col-33 elementor-top-column elementor-element elementor-element-21f6638\" data-id=\"21f6638\" data-element_type=\"column\" data-e-type=\"column\">\n\t\t\t<div class=\"elementor-widget-wrap elementor-element-populated\">\n\t\t\t\t\t\t<div class=\"elementor-element elementor-element-20dbcb2 elementor-widget elementor-widget-image\" data-id=\"20dbcb2\" data-element_type=\"widget\" data-e-type=\"widget\" data-widget_type=\"image.default\">\n\t\t\t\t<div class=\"elementor-widget-container\">\n\t\t\t\t\t\t\t\t\t\t\t\t\t\t\t<img loading=\"lazy\" decoding=\"async\" width=\"517\" height=\"640\" src=\"https:\/\/yabt.net\/nexlinks\/wp-content\/uploads\/sites\/7\/2025\/03\/Nexlinks_Marzo4-2025_Foto-de-eventos_1600x1067.jpg\" class=\"attachment-large size-large wp-image-236\" alt=\"\" srcset=\"https:\/\/yabt.net\/nexlinks\/wp-content\/uploads\/sites\/7\/2025\/03\/Nexlinks_Marzo4-2025_Foto-de-eventos_1600x1067.jpg 517w, https:\/\/yabt.net\/nexlinks\/wp-content\/uploads\/sites\/7\/2025\/03\/Nexlinks_Marzo4-2025_Foto-de-eventos_1600x1067-242x300.jpg 242w\" sizes=\"(max-width: 517px) 100vw, 517px\" \/>\t\t\t\t\t\t\t\t\t\t\t\t\t\t\t<\/div>\n\t\t\t\t<\/div>\n\t\t\t\t\t<\/div>\n\t\t<\/div>\n\t\t\t\t<div class=\"elementor-column elementor-col-66 elementor-top-column elementor-element elementor-element-7dcd1ef\" data-id=\"7dcd1ef\" data-element_type=\"column\" data-e-type=\"column\">\n\t\t\t<div class=\"elementor-widget-wrap elementor-element-populated\">\n\t\t\t\t\t\t<div class=\"elementor-element elementor-element-98d8158 elementor-widget elementor-widget-heading\" data-id=\"98d8158\" data-element_type=\"widget\" data-e-type=\"widget\" data-widget_type=\"heading.default\">\n\t\t\t\t<div class=\"elementor-widget-container\">\n\t\t\t\t\t<h2 class=\"elementor-heading-title elementor-size-default\">Expo Talento e Innovaci\u00f3n de las Am\u00e9ricas 2025<\/h2>\t\t\t\t<\/div>\n\t\t\t\t<\/div>\n\t\t\t\t<div class=\"elementor-element elementor-element-8f8d94d elementor-widget__width-auto elementor-widget elementor-widget-image\" data-id=\"8f8d94d\" data-element_type=\"widget\" data-e-type=\"widget\" data-widget_type=\"image.default\">\n\t\t\t\t<div class=\"elementor-widget-container\">\n\t\t\t\t\t\t\t\t\t\t\t\t\t\t\t<img decoding=\"async\" src=\"https:\/\/yabt.net\/nexlinks\/wp-content\/uploads\/sites\/7\/elementor\/thumbs\/nexlinks_Febrero26-2025_Icono-de-calendario_1080x1080-r2axz5qxz669s2a89p9zku358vjatusgdvyir0e5mo.png\" title=\"\" alt=\"\" loading=\"lazy\" \/>\t\t\t\t\t\t\t\t\t\t\t\t\t\t\t<\/div>\n\t\t\t\t<\/div>\n\t\t\t\t<div class=\"elementor-element elementor-element-22584e6 elementor-widget__width-auto elementor-widget elementor-widget-text-editor\" data-id=\"22584e6\" data-element_type=\"widget\" data-e-type=\"widget\" data-widget_type=\"text-editor.default\">\n\t\t\t\t<div class=\"elementor-widget-container\">\n\t\t\t\t\t\t\t\t\t<p><b>Diciembre<span class=\"gmail_default\">\u00a02-3<\/span>,\u00a0<\/b>2025 (Punta Cana, Rep\u00fablica Dominicana)<\/p>\t\t\t\t\t\t\t\t<\/div>\n\t\t\t\t<\/div>\n\t\t\t\t<div class=\"elementor-element elementor-element-11bffb7 elementor-widget elementor-widget-spacer\" data-id=\"11bffb7\" data-element_type=\"widget\" data-e-type=\"widget\" data-widget_type=\"spacer.default\">\n\t\t\t\t<div class=\"elementor-widget-container\">\n\t\t\t\t\t\t\t<div class=\"elementor-spacer\">\n\t\t\t<div class=\"elementor-spacer-inner\"><\/div>\n\t\t<\/div>\n\t\t\t\t\t\t<\/div>\n\t\t\t\t<\/div>\n\t\t\t\t<div class=\"elementor-element elementor-element-9413594 elementor-widget elementor-widget-text-editor\" data-id=\"9413594\" data-element_type=\"widget\" data-e-type=\"widget\" data-widget_type=\"text-editor.default\">\n\t\t\t\t<div class=\"elementor-widget-container\">\n\t\t\t\t\t\t\t\t\t<ul><li style=\"font-weight: 400;\" aria-level=\"1\"><b>Visibilidad ante L\u00edderes Globales:<\/b><span style=\"font-weight: 400;\"> La Expo proporciona una plataforma para que las empresas muestran sus innovaciones frente a una audiencia internacional.<\/span><\/li><li style=\"font-weight: 400;\" aria-level=\"1\"><b>Oportunidades de Networking:<\/b><span style=\"font-weight: 400;\"> Participar en la Expo permite a las empresas establecer conexiones con otros emprendedores, empresas, inversionistas y expertos del sector.<\/span><\/li><li style=\"font-weight: 400;\" aria-level=\"1\"><b>Retroalimentaci\u00f3n y Validaci\u00f3n de Productos<\/b><span style=\"font-weight: 400;\"> ante un p\u00fablico global.<\/span><\/li><li aria-level=\"1\">Como parte del VII Foro de J\u00f3venes de las Am\u00e9ricas, Foro Oficial de la X Cumbre de las Am\u00e9ricas, reuni\u00f3n de Presidentes, Jefes de Estado y Gobierno del continente.<\/li><\/ul>\t\t\t\t\t\t\t\t<\/div>\n\t\t\t\t<\/div>\n\t\t\t\t\t<\/div>\n\t\t<\/div>\n\t\t\t\t\t<\/div>\n\t\t<\/section>\n\t\t\t\t<\/div>\n\t\t","protected":false},"excerpt":{"rendered":"<p>Semana de internacionalizaci\u00f3n 20 al 24 de octubre, 2025 (Area de DMV, Estados Unidos) Conexi\u00f3n estrat\u00e9gica en el evento exclusivo NexLinks, con Gobiernos, Organismos Multilaterales, Agencias de Cooperaci\u00f3n Internacional y Desarrollo Econ\u00f3mico en la sede de la OEA en Washington, DC. Conferencias y mesas redondas con expertos en temas a la vanguardia de la esfera [&hellip;]<\/p>\n","protected":false},"author":1,"featured_media":0,"parent":19,"menu_order":0,"comment_status":"closed","ping_status":"closed","template":"","meta":{"footnotes":""},"class_list":["post-119","page","type-page","status-publish","hentry"],"_links":{"self":[{"href":"https:\/\/yabt.net\/nexlinks\/wp-json\/wp\/v2\/pages\/119","targetHints":{"allow":["GET"]}}],"collection":[{"href":"https:\/\/yabt.net\/nexlinks\/wp-json\/wp\/v2\/pages"}],"about":[{"href":"https:\/\/yabt.net\/nexlinks\/wp-json\/wp\/v2\/types\/page"}],"author":[{"embeddable":true,"href":"https:\/\/yabt.net\/nexlinks\/wp-json\/wp\/v2\/users\/1"}],"replies":[{"embeddable":true,"href":"https:\/\/yabt.net\/nexlinks\/wp-json\/wp\/v2\/comments?post=119"}],"version-history":[{"count":73,"href":"https:\/\/yabt.net\/nexlinks\/wp-json\/wp\/v2\/pages\/119\/revisions"}],"predecessor-version":[{"id":272,"href":"https:\/\/yabt.net\/nexlinks\/wp-json\/wp\/v2\/pages\/119\/revisions\/272"}],"up":[{"embeddable":true,"href":"https:\/\/yabt.net\/nexlinks\/wp-json\/wp\/v2\/pages\/19"}],"wp:attachment":[{"href":"https:\/\/yabt.net\/nexlinks\/wp-json\/wp\/v2\/media?parent=119"}],"curies":[{"name":"wp","href":"https:\/\/api.w.org\/{rel}","templated":true}]}}