{"id":180,"date":"2025-03-03T06:45:38","date_gmt":"2025-03-03T06:45:38","guid":{"rendered":"https:\/\/yabt.net\/nexlinks\/?page_id=180"},"modified":"2025-03-03T06:48:50","modified_gmt":"2025-03-03T06:48:50","slug":"organizador","status":"publish","type":"page","link":"https:\/\/yabt.net\/nexlinks\/es\/organizador\/","title":{"rendered":"Organizador"},"content":{"rendered":"\t\t<div data-elementor-type=\"wp-page\" data-elementor-id=\"180\" class=\"elementor elementor-180\" data-elementor-post-type=\"page\">\n\t\t\t\t\t\t<section class=\"elementor-section elementor-top-section elementor-element elementor-element-2ec950a elementor-section-boxed elementor-section-height-default elementor-section-height-default\" data-id=\"2ec950a\" data-element_type=\"section\" data-e-type=\"section\">\n\t\t\t\t\t\t<div class=\"elementor-container elementor-column-gap-default\">\n\t\t\t\t\t<div class=\"elementor-column elementor-col-33 elementor-top-column elementor-element elementor-element-1302d00\" data-id=\"1302d00\" data-element_type=\"column\" data-e-type=\"column\">\n\t\t\t<div class=\"elementor-widget-wrap\">\n\t\t\t\t\t\t\t<\/div>\n\t\t<\/div>\n\t\t\t\t<div class=\"elementor-column elementor-col-33 elementor-top-column elementor-element elementor-element-8c2f1fe\" data-id=\"8c2f1fe\" data-element_type=\"column\" data-e-type=\"column\">\n\t\t\t<div class=\"elementor-widget-wrap elementor-element-populated\">\n\t\t\t\t\t\t<div class=\"elementor-element elementor-element-09e968b elementor-widget elementor-widget-image\" data-id=\"09e968b\" data-element_type=\"widget\" data-e-type=\"widget\" data-widget_type=\"image.default\">\n\t\t\t\t<div class=\"elementor-widget-container\">\n\t\t\t\t\t\t\t\t\t\t\t\t\t\t\t<img decoding=\"async\" src=\"https:\/\/yabt.net\/nexlinks\/wp-content\/uploads\/sites\/7\/elementor\/thumbs\/YABT-1-r2az12klmm3als0w3dn8dsog8ytatfo4ppsy0c0glc.jpg\" title=\"\" alt=\"\" loading=\"lazy\" \/>\t\t\t\t\t\t\t\t\t\t\t\t\t\t\t<\/div>\n\t\t\t\t<\/div>\n\t\t\t\t<div class=\"elementor-element elementor-element-a54d2ec elementor-widget elementor-widget-heading\" data-id=\"a54d2ec\" data-element_type=\"widget\" data-e-type=\"widget\" data-widget_type=\"heading.default\">\n\t\t\t\t<div class=\"elementor-widget-container\">\n\t\t\t\t\t<h2 class=\"elementor-heading-title elementor-size-default\">Young Americas Business Trust<\/h2>\t\t\t\t<\/div>\n\t\t\t\t<\/div>\n\t\t\t\t<div class=\"elementor-element elementor-element-698fd8a elementor-widget elementor-widget-text-editor\" data-id=\"698fd8a\" data-element_type=\"widget\" data-e-type=\"widget\" data-widget_type=\"text-editor.default\">\n\t\t\t\t<div class=\"elementor-widget-container\">\n\t\t\t\t\t\t\t\t\t<p><span style=\"font-weight: 400;\"><strong>Young Americas Business Trust (YABT)<\/strong> es una organizaci\u00f3n internacional sin fines de lucro que trabaja en cooperaci\u00f3n con la Organizaci\u00f3n de los Estados Americanos (OEA), para promover el desarrollo social y econ\u00f3mico de las y los j\u00f3venes de todo el mundo. Mientras construyen la capacidad empresarial y crean oportunidades para los futuros l\u00edderes empresariales, la comunidad YABT avanza los objetivos globales y fortalece las iniciativas dirigidas por los j\u00f3venes para el desarrollo sostenible. YABT trabaja con j\u00f3venes, gobiernos, organizaciones internacionales, el sector privado y otros actores globales en el empoderamiento de la juventud a trav\u00e9s de cuatro \u00e1reas de trabajo.<\/span><\/p>\t\t\t\t\t\t\t\t<\/div>\n\t\t\t\t<\/div>\n\t\t\t\t\t<\/div>\n\t\t<\/div>\n\t\t\t\t<div class=\"elementor-column elementor-col-33 elementor-top-column elementor-element elementor-element-e78c14d\" data-id=\"e78c14d\" data-element_type=\"column\" data-e-type=\"column\">\n\t\t\t<div class=\"elementor-widget-wrap\">\n\t\t\t\t\t\t\t<\/div>\n\t\t<\/div>\n\t\t\t\t\t<\/div>\n\t\t<\/section>\n\t\t\t\t<\/div>\n\t\t","protected":false},"excerpt":{"rendered":"<p>Young Americas Business Trust Young Americas Business Trust (YABT) es una organizaci\u00f3n internacional sin fines de lucro que trabaja en cooperaci\u00f3n con la Organizaci\u00f3n de los Estados Americanos (OEA), para promover el desarrollo social y econ\u00f3mico de las y los j\u00f3venes de todo el mundo. Mientras construyen la capacidad empresarial y crean oportunidades para los [&hellip;]<\/p>\n","protected":false},"author":1,"featured_media":0,"parent":19,"menu_order":0,"comment_status":"closed","ping_status":"closed","template":"","meta":{"footnotes":""},"class_list":["post-180","page","type-page","status-publish","hentry"],"_links":{"self":[{"href":"https:\/\/yabt.net\/nexlinks\/wp-json\/wp\/v2\/pages\/180","targetHints":{"allow":["GET"]}}],"collection":[{"href":"https:\/\/yabt.net\/nexlinks\/wp-json\/wp\/v2\/pages"}],"about":[{"href":"https:\/\/yabt.net\/nexlinks\/wp-json\/wp\/v2\/types\/page"}],"author":[{"embeddable":true,"href":"https:\/\/yabt.net\/nexlinks\/wp-json\/wp\/v2\/users\/1"}],"replies":[{"embeddable":true,"href":"https:\/\/yabt.net\/nexlinks\/wp-json\/wp\/v2\/comments?post=180"}],"version-history":[{"count":7,"href":"https:\/\/yabt.net\/nexlinks\/wp-json\/wp\/v2\/pages\/180\/revisions"}],"predecessor-version":[{"id":188,"href":"https:\/\/yabt.net\/nexlinks\/wp-json\/wp\/v2\/pages\/180\/revisions\/188"}],"up":[{"embeddable":true,"href":"https:\/\/yabt.net\/nexlinks\/wp-json\/wp\/v2\/pages\/19"}],"wp:attachment":[{"href":"https:\/\/yabt.net\/nexlinks\/wp-json\/wp\/v2\/media?parent=180"}],"curies":[{"name":"wp","href":"https:\/\/api.w.org\/{rel}","templated":true}]}}